{"id":10154,"date":"2023-08-15T14:32:30","date_gmt":"2023-08-15T14:32:30","guid":{"rendered":"https:\/\/mehmetekerdisklinigi.com\/bahcelievler-sube\/"},"modified":"2023-09-26T09:52:34","modified_gmt":"2023-09-26T09:52:34","slug":"bahcelievler-branch","status":"publish","type":"page","link":"https:\/\/mehmetekerdisklinigi.com\/en\/bahcelievler-branch\/","title":{"rendered":"Bah\u00e7elievler Branch"},"content":{"rendered":"<div class=\"wpb-content-wrapper\"><p>[vc_row][vc_column][vc_media_grid initial_loading_animation=&#8221;fadeInUp&#8221; grid_id=&#8221;vc_gid:1695721935332-ae947401-639b-7&#8243; include=&#8221;9378,9379,9380&#8243;][vc_row_inner][vc_column_inner][vc_column_text woodmart_inline=&#8221;no&#8221; text_larger=&#8221;no&#8221;]<\/p>\n<div style=\"text-align: center;\"><strong>Bah\u00e7elievler Branch<\/strong><\/div>\n<div class=\"contact-row\">\n<div style=\"text-align: center;\">Yenig\u00fcn, 615. Sk NO:2-4 D:11\/A Ba\u011fc\u0131lar, \u0130stanbul, T\u00fcrkiye<\/div>\n<div style=\"text-align: center;\">Phone: +90 (542) 102 59 12<\/div>\n<\/div>\n<p>[\/vc_column_text][\/vc_column_inner][\/vc_row_inner][vc_media_grid initial_loading_animation=&#8221;fadeInUp&#8221; grid_id=&#8221;vc_gid:1695721935334-de98438a-7bb4-2&#8243; include=&#8221;9381,9382,9383&#8243;][vc_column_text woodmart_inline=&#8221;no&#8221; text_larger=&#8221;no&#8221;]<iframe loading=\"lazy\" style=\"border: 0;\" src=\"https:\/\/www.google.com\/maps\/embed?pb=!1m14!1m8!1m3!1d12039.637005084547!2d28.8377771!3d41.0272413!3m2!1i1024!2i768!4f13.1!3m3!1m2!1s0x14caa52f37a21d13%3A0xa502510ac66ac96!2zTWVobWV0IEVrZXIgQcSfxLF6IHZlIERpxZ8gU2HEn2zEscSfxLEgUG9saWtsaW5pxJ9pIEJhaMOnZWxpZXZsZXIgxZ51YmVzaQ!5e0!3m2!1str!2str!4v1692108212264!5m2!1str!2str\" width=\"100%\" height=\"650\" allowfullscreen=\"allowfullscreen\"><\/iframe>[\/vc_column_text]<div id=\"wd-6512a9d3bdef6\" class=\" wd-rs-6512a9d3bdef6  wd-button-wrapper text-center\"><a href=\"https:\/\/mehmetekerdisklinigi.com\/en\" title=\"\" class=\"btn btn-color-primary btn-style-default btn-shape-rectangle btn-size-large btn-full-width\">CLICK HERE TO CONTINUE TO THE MAIN SITE<\/a><\/div>[\/vc_column][\/vc_row]<\/p>\n<\/div>","protected":false},"excerpt":{"rendered":"<p>[vc_row][vc_column][vc_media_grid initial_loading_animation=&#8221;fadeInUp&#8221; grid_id=&#8221;vc_gid:1695721935332-ae947401-639b-7&#8243; include=&#8221;9378,9379,9380&#8243;][vc_row_inner][vc_column_inner][vc_column_text woodmart_inline=&#8221;no&#8221; text_larger=&#8221;no&#8221;] Bah\u00e7elievler Branch Yenig\u00fcn, 615. Sk NO:2-4 D:11\/A Ba\u011fc\u0131lar, \u0130stanbul, T\u00fcrkiye Phone: +90 (542) 102<\/p>\n","protected":false},"author":1,"featured_media":0,"parent":0,"menu_order":0,"comment_status":"closed","ping_status":"closed","template":"","meta":{"footnotes":""},"class_list":["post-10154","page","type-page","status-publish","hentry"],"_links":{"self":[{"href":"https:\/\/mehmetekerdisklinigi.com\/en\/wp-json\/wp\/v2\/pages\/10154","targetHints":{"allow":["GET"]}}],"collection":[{"href":"https:\/\/mehmetekerdisklinigi.com\/en\/wp-json\/wp\/v2\/pages"}],"about":[{"href":"https:\/\/mehmetekerdisklinigi.com\/en\/wp-json\/wp\/v2\/types\/page"}],"author":[{"embeddable":true,"href":"https:\/\/mehmetekerdisklinigi.com\/en\/wp-json\/wp\/v2\/users\/1"}],"replies":[{"embeddable":true,"href":"https:\/\/mehmetekerdisklinigi.com\/en\/wp-json\/wp\/v2\/comments?post=10154"}],"version-history":[{"count":3,"href":"https:\/\/mehmetekerdisklinigi.com\/en\/wp-json\/wp\/v2\/pages\/10154\/revisions"}],"predecessor-version":[{"id":10161,"href":"https:\/\/mehmetekerdisklinigi.com\/en\/wp-json\/wp\/v2\/pages\/10154\/revisions\/10161"}],"wp:attachment":[{"href":"https:\/\/mehmetekerdisklinigi.com\/en\/wp-json\/wp\/v2\/media?parent=10154"}],"curies":[{"name":"wp","href":"https:\/\/api.w.org\/{rel}","templated":true}]}}