{"id":10148,"date":"2023-09-07T13:51:12","date_gmt":"2023-09-07T10:51:12","guid":{"rendered":"https:\/\/mehmetekerdisklinigi.com\/bagcilar-sube\/"},"modified":"2023-09-26T09:43:17","modified_gmt":"2023-09-26T09:43:17","slug":"bagcilar-branch","status":"publish","type":"page","link":"https:\/\/mehmetekerdisklinigi.com\/en\/bagcilar-branch\/","title":{"rendered":"Bagcilar Branch"},"content":{"rendered":"<div class=\"wpb-content-wrapper\"><p>[vc_row][vc_column][vc_media_grid initial_loading_animation=&#8221;fadeInUp&#8221; grid_id=&#8221;vc_gid:1695721344568-772c5d8a-fc64-3&#8243; include=&#8221;9970,9973,9976&#8243;][vc_row_inner][vc_column_inner][vc_column_text woodmart_inline=&#8221;no&#8221; text_larger=&#8221;no&#8221;]<\/p>\n<div style=\"text-align: center;\"><strong>Bagcilar Branch<\/strong><\/div>\n<div class=\"contact-row\">\n<div style=\"text-align: center;\">Merkez, Ba\u011fc\u0131lar Cd. K\u00f6\u015fem Apt, D:No:15 D:4, Ba\u011fc\u0131lar, \u0130stanbul, T\u00fcrkiye<\/div>\n<div style=\"text-align: center;\">Phone: <a href=\"tel:05322455912\">+90 532 245 59 12<\/a><\/div>\n<\/div>\n<p>[\/vc_column_text][\/vc_column_inner][\/vc_row_inner][vc_media_grid initial_loading_animation=&#8221;fadeInUp&#8221; grid_id=&#8221;vc_gid:1695721344571-e25a24aa-6a24-8&#8243; include=&#8221;9979,9982,8677&#8243;][vc_column_text woodmart_inline=&#8221;no&#8221; text_larger=&#8221;no&#8221;]<iframe loading=\"lazy\" style=\"border: 0;\" src=\"https:\/\/www.google.com\/maps\/embed?pb=!1m14!1m8!1m3!1d12038.588157184076!2d28.8566577!3d41.0329774!3m2!1i1024!2i768!4f13.1!3m3!1m2!1s0x14cabb1d2ecf9f69%3A0xdd6aecdf68b0cdfa!2sDr.%20Mehmet%20Eker%20Di%C5%9F%20Klini%C4%9Fi!5e0!3m2!1sen!2str!4v1694094638558!5m2!1sen!2str\" width=\"100%\" height=\"650\" allowfullscreen=\"allowfullscreen\"><\/iframe>[\/vc_column_text]<div id=\"wd-6512a7a0b2a08\" class=\" wd-rs-6512a7a0b2a08  wd-button-wrapper text-center\"><a href=\"https:\/\/mehmetekerdisklinigi.com\/en\" title=\"\" class=\"btn btn-color-primary btn-style-default btn-shape-rectangle btn-size-large btn-full-width\">CLICK HERE TO CONTINUE TO THE MAIN SITE<\/a><\/div>[\/vc_column][\/vc_row]<\/p>\n<\/div>","protected":false},"excerpt":{"rendered":"<p>[vc_row][vc_column][vc_media_grid initial_loading_animation=&#8221;fadeInUp&#8221; grid_id=&#8221;vc_gid:1695721344568-772c5d8a-fc64-3&#8243; include=&#8221;9970,9973,9976&#8243;][vc_row_inner][vc_column_inner][vc_column_text woodmart_inline=&#8221;no&#8221; text_larger=&#8221;no&#8221;] Bagcilar Branch Merkez, Ba\u011fc\u0131lar Cd. K\u00f6\u015fem Apt, D:No:15 D:4, Ba\u011fc\u0131lar, \u0130stanbul, T\u00fcrkiye Phone: +90<\/p>\n","protected":false},"author":1,"featured_media":0,"parent":0,"menu_order":0,"comment_status":"closed","ping_status":"closed","template":"","meta":{"footnotes":""},"class_list":["post-10148","page","type-page","status-publish","hentry"],"_links":{"self":[{"href":"https:\/\/mehmetekerdisklinigi.com\/en\/wp-json\/wp\/v2\/pages\/10148","targetHints":{"allow":["GET"]}}],"collection":[{"href":"https:\/\/mehmetekerdisklinigi.com\/en\/wp-json\/wp\/v2\/pages"}],"about":[{"href":"https:\/\/mehmetekerdisklinigi.com\/en\/wp-json\/wp\/v2\/types\/page"}],"author":[{"embeddable":true,"href":"https:\/\/mehmetekerdisklinigi.com\/en\/wp-json\/wp\/v2\/users\/1"}],"replies":[{"embeddable":true,"href":"https:\/\/mehmetekerdisklinigi.com\/en\/wp-json\/wp\/v2\/comments?post=10148"}],"version-history":[{"count":2,"href":"https:\/\/mehmetekerdisklinigi.com\/en\/wp-json\/wp\/v2\/pages\/10148\/revisions"}],"predecessor-version":[{"id":10151,"href":"https:\/\/mehmetekerdisklinigi.com\/en\/wp-json\/wp\/v2\/pages\/10148\/revisions\/10151"}],"wp:attachment":[{"href":"https:\/\/mehmetekerdisklinigi.com\/en\/wp-json\/wp\/v2\/media?parent=10148"}],"curies":[{"name":"wp","href":"https:\/\/api.w.org\/{rel}","templated":true}]}}