{"id":10122,"date":"2021-08-26T13:51:39","date_gmt":"2021-08-26T13:51:39","guid":{"rendered":"https:\/\/mehmetekerdisklinigi.com\/acil-implantlar\/"},"modified":"2023-09-26T09:31:15","modified_gmt":"2023-09-26T09:31:15","slug":"notfallimplantate","status":"publish","type":"page","link":"https:\/\/mehmetekerdisklinigi.com\/en\/notfallimplantate\/","title":{"rendered":"Notfallimplantate"},"content":{"rendered":"<div class=\"wpb-content-wrapper\"><p>[vc_row][vc_column][vc_column_text woodmart_inline=&#8221;no&#8221; text_larger=&#8221;no&#8221;]<strong>Notfallimplantate<\/strong><\/p>\n<p>Sie k\u00f6nnen in Panik geraten, wenn Ihre Z\u00e4hne pl\u00f6tzlich besch\u00e4digt werden oder Sie einen Zahn verlieren. Im Interesse Ihrer Mundgesundheit kann jedoch ein dringender Eingriff Ihres Zahnarztes erforderlich sein. Die Notfallimplantatbehandlungsmethode ist f\u00fcr solche Situationen konzipiert und Ihre fehlenden Z\u00e4hne werden sofort gef\u00fcllt. Ziel der modernen Zahnheilkunde ist es, sowohl den Komfort als auch die Funktion des Mundbereichs des Patienten wiederherzustellen. In diesem Zusammenhang ist das Ziel des Zahnarztes, auch wenn er fehlende Z\u00e4hne ersetzt oder kari\u00f6se Z\u00e4hne behandelt, immer ein optimaler Behandlungsablauf, der Verschlei\u00df, Erkrankungen oder Sch\u00e4den im Kieferknochen grunds\u00e4tzlich beseitigen kann.<\/p>\n<p>Implantate geh\u00f6ren heute zu den beliebtesten Behandlungsmethoden bei fehlenden Z\u00e4hnen. Der Grund daf\u00fcr ist, dass der Bedarf an Behandlungen von Tag zu Tag steigt. Der Grund f\u00fcr diesen Anstieg ist;<\/p>\n<ul>\n<li>Die \u00e4ltere Bev\u00f6lkerung lebt zu lange<\/li>\n<li>Altersbedingter Zahnverlust<\/li>\n<li>Patienten verlangen keine festsitzenden Prothesen mehr. Mit anderen Worten: Patienten m\u00f6chten nicht, dass die Z\u00e4hne rechts oder links von den fehlenden Z\u00e4hnen geschnitten werden.<\/li>\n<li>Herausnehmbarer Zahnersatz zeigt mit der Zeit Verformungen. Es verformt und zerst\u00f6rt sogar die Seitenz\u00e4hne.<\/li>\n<li>Psychologische Gr\u00fcnde f\u00fcr Zahnverlust bei Patienten<\/li>\n<li>Hohe Patientenzufriedenheit mit implantierten Prothesen<\/li>\n<li>Implantatgetragene Prothesen sind sehr vorteilhaft<\/li>\n<li>Einige Probleme treten bei v\u00f6llig zahnlosen Personen auf<\/li>\n<li>H\u00f6he und Breite der St\u00fctzknochen schmelzen mit der Zeit<\/li>\n<li>Verformung des Zahnfleisches im Laufe der Zeit<\/li>\n<li>Die Zunge w\u00e4chst mit der Zeit und passt nicht mehr in den Mund<\/li>\n<li>Aufgrund der Freilegung der Gef\u00e4\u00df- und Nervennetze sind in diesen Bereichen Schmerzen und Druckempfindlichkeit zu sp\u00fcren.<\/li>\n<\/ul>\n<p><strong>Was ist ein Notfall-Zahnimplantat?<\/strong><\/p>\n<p>Ein Implantat, das unmittelbar nach Zahnbruch oder -ausfall eingesetzt wird, wird als Notfall-Zahnimplantat bezeichnet. Bei dieser Implantatbehandlung wird das Standardverfahren befolgt, das in Notfallsituationen entwickelt wird.<\/p>\n<ul>\n<li>Zun\u00e4chst wird der Zahn entfernt<\/li>\n<li>Der Pfosten wird in den leeren Steckplatz gelegt<\/li>\n<li>Es wird eine provisorische Krone getragen.<\/li>\n<li>Da das Implantat fest im Kieferknochen verankert ist, kann nach einigen Monaten eine dauerhafte Krone eingesetzt werden.<\/li>\n<\/ul>\n<p>Der \u00dcbergang von der fehlenden Zahnstruktur zu einem wiederhergestellten L\u00e4cheln dauert mit einem Notfallimplantat nur eine Stunde. Diese Art von Implantaten findet man h\u00e4ufig bei Zahnstrukturen im \u00e4sthetischen bzw. kosmetischen Bereich, wozu auch sichtbare Zahnstrukturen z\u00e4hlen. Implantate k\u00f6nnen jedoch Z\u00e4hne an jeder Stelle im Mund ersetzen.<\/p>\n<p><strong>Wer kann ein Notfallimplantat bekommen?<\/strong><\/p>\n<p>Schnelle Notfall-Zahnimplantate sind nicht f\u00fcr jeden geeignet. Einige Situationen, in denen Compliance erforderlich ist, sind wie folgt:<\/p>\n<ul>\n<li>Gute Knochenmasse im Kiefer<\/li>\n<li>Vorhandensein gesunder vorhandener Z\u00e4hne<\/li>\n<li>Gesunde Zahnfleischstruktur<\/li>\n<li>Guter allgemeiner Gesundheitszustand<\/li>\n<\/ul>\n<p>Es kann wie folgt gez\u00e4hlt werden. Wenn Ihre Z\u00e4hne k\u00fcrzlich besch\u00e4digt wurden oder verloren gegangen sind, k\u00f6nnen Sie wahrscheinlich eine gesunde Mundstruktur haben, da nicht gen\u00fcgend Zeit vergangen ist, um Erkrankungen wie Zahnfleischerkrankungen und Karies vorzubeugen. Faktoren wie diese k\u00f6nnen dazu f\u00fchren, dass Sie f\u00fcr Notfall-Zahnimplantate nicht in Frage kommen. F\u00fcr weitere Informationen und Kommunikation zu diesem Thema stehen wir Ihnen als Zahnklinik Mehmet Eker im gesamten Prozessmanagement zur Seite.<\/p>\n<p><strong>Warum ein Notfall-Zahnimplantat?<\/strong><\/p>\n<p>Obwohl die meisten Krankenkassen eine Notfallbehandlung mit Zahnimplantaten \u00fcbernehmen, bietet es viele Vorteile, sofort neue Z\u00e4hne zu bekommen. Einige davon sind wie folgt:<\/p>\n<ul>\n<li>Durch die Verhinderung von Knochenschwund werden Zahnfleischentz\u00fcndungen und Karies verhindert.<\/li>\n<li>Sie k\u00f6nnen Ihr sch\u00f6nes L\u00e4cheln und Ihr Selbstvertrauen zur\u00fcckgewinnen.<\/li>\n<li>Eine Verschiebung Ihrer Nachbarz\u00e4hne wird verhindert.<\/li>\n<li>Es entspannt Ihren Mund mit seiner echten Zahnstruktur.<\/li>\n<li>Es umfasst eine k\u00fcrzere Behandlungsdauer als andere Methoden.<\/li>\n<li>Es erm\u00f6glicht Ihnen, Lebensmittel leicht zu kauen.<\/li>\n<\/ul>\n<p><strong>Preise f\u00fcr dringende Implantate<\/strong><\/p>\n<p>Zahnimplantate sind eine Investition in Ihre Gesundheit und in sich selbst. Die Implantatbehandlung ist wichtig f\u00fcr die Zahngesundheit, insbesondere f\u00fcr Personen, denen ein einzelner Zahn fehlt, da es sich um eine langlebige Methode handelt. Allerdings k\u00f6nnen die Preise f\u00fcr Zahnimplantate variieren. Im Vergleich zu anderen Zahnimplantat-Behandlungsmethoden kann es zu einem Preisunterschied kommen. Prothesen und Br\u00fccken, die in zwei Varianten eingesetzt werden, k\u00f6nnen als Reparatur oder Ersatz f\u00fcr 5\u201310 Jahre angeboten werden. Sie k\u00f6nnen Ihre Wahl unter Ber\u00fccksichtigung der regelm\u00e4\u00dfigen Wartungskosten und der langfristigen Nutzungsvorteile treffen.<\/p>\n<p>Als Zahnklinik Mehmet Eker stehen wir Ihnen mit speziellen Behandlungsmethoden und einer speziellen Preispolitik zur Verf\u00fcgung. Sie k\u00f6nnen uns f\u00fcr alle Details wie Ihre Fragen und Preisinformationen kontaktieren.[\/vc_column_text][\/vc_column][\/vc_row]<\/p>\n<\/div>","protected":false},"excerpt":{"rendered":"<p>[vc_row][vc_column][vc_column_text woodmart_inline=&#8221;no&#8221; text_larger=&#8221;no&#8221;]Notfallimplantate Sie k\u00f6nnen in Panik geraten, wenn Ihre Z\u00e4hne pl\u00f6tzlich besch\u00e4digt werden oder Sie einen Zahn verlieren. Im<\/p>\n","protected":false},"author":1,"featured_media":9467,"parent":0,"menu_order":0,"comment_status":"closed","ping_status":"closed","template":"","meta":{"footnotes":""},"class_list":["post-10122","page","type-page","status-publish","has-post-thumbnail","hentry"],"_links":{"self":[{"href":"https:\/\/mehmetekerdisklinigi.com\/en\/wp-json\/wp\/v2\/pages\/10122","targetHints":{"allow":["GET"]}}],"collection":[{"href":"https:\/\/mehmetekerdisklinigi.com\/en\/wp-json\/wp\/v2\/pages"}],"about":[{"href":"https:\/\/mehmetekerdisklinigi.com\/en\/wp-json\/wp\/v2\/types\/page"}],"author":[{"embeddable":true,"href":"https:\/\/mehmetekerdisklinigi.com\/en\/wp-json\/wp\/v2\/users\/1"}],"replies":[{"embeddable":true,"href":"https:\/\/mehmetekerdisklinigi.com\/en\/wp-json\/wp\/v2\/comments?post=10122"}],"version-history":[{"count":4,"href":"https:\/\/mehmetekerdisklinigi.com\/en\/wp-json\/wp\/v2\/pages\/10122\/revisions"}],"predecessor-version":[{"id":10128,"href":"https:\/\/mehmetekerdisklinigi.com\/en\/wp-json\/wp\/v2\/pages\/10122\/revisions\/10128"}],"wp:featuredmedia":[{"embeddable":true,"href":"https:\/\/mehmetekerdisklinigi.com\/en\/wp-json\/wp\/v2\/media\/9467"}],"wp:attachment":[{"href":"https:\/\/mehmetekerdisklinigi.com\/en\/wp-json\/wp\/v2\/media?parent=10122"}],"curies":[{"name":"wp","href":"https:\/\/api.w.org\/{rel}","templated":true}]}}