{"id":10353,"date":"2023-05-13T08:30:54","date_gmt":"2023-05-13T08:30:54","guid":{"rendered":"https:\/\/mehmetekerdisklinigi.com\/periodonti\/"},"modified":"2023-09-28T23:27:59","modified_gmt":"2023-09-28T23:27:59","slug":"parodontologie","status":"publish","type":"page","link":"https:\/\/mehmetekerdisklinigi.com\/de\/parodontologie\/","title":{"rendered":"Parodontologie"},"content":{"rendered":"<div class=\"wpb-content-wrapper\"><p>[vc_row][vc_column][vc_column_text woodmart_inline=&#8220;no&#8220; text_larger=&#8220;no&#8220;]Es wird nach Einzelheiten gefragt, was Parodontologie ist, ein Wissenschaftszweig zur Mund- und Zahngesundheit. Mund- und Zahngesundheit ist ein sehr sensibles Thema. Aus diesem Grund sollte ein Leben lang darauf geachtet werden. Eines der Untersuchungsgebiete der Parodontologie sind Erkrankungen des Zahnfleisches, also des die Z\u00e4hne umgebenden Gewebes. Dazu geh\u00f6ren auch Studien zur Gesundheit der das Zahnfleisch umgebenden Knochen. Es befasst sich mit Erkrankungen des Zahnfleisches und der Knochen. Kurz gesagt kann man sagen, dass es sich um einen Wissenschaftszweig handelt, der sich mit der Behandlung von Zahnfleischerkrankungen befasst. Es handelt sich sowohl hinsichtlich seines Arbeitsbereichs als auch seiner Behandlungen um einen sehr sensiblen Bereich. Aus diesem Grund sind regelm\u00e4\u00dfige Untersuchungen notwendig.<\/p>\n<p>F\u00fcr die Gesundheit des Zahnfleisches ist es sehr wichtig, dass kein Mangel an Vitaminen und Mineralstoffen vorliegt. Aus diesem Grund ist es notwendig, regelm\u00e4\u00dfig zum Zahnarzt zu gehen und Kontrolluntersuchungen durchf\u00fchren zu lassen. Andernfalls kann es zu irreversiblem Zahnverlust kommen. Zahnfleischerkrankungen k\u00f6nnen den Alltag negativ beeinflussen. Aus diesem Grund kann man sich auch auf das kleinste Unbehagen verlassen; Es ist notwendig, aufmerksam zu sein.<\/p>\n<h2>Was ist eine parodontologische Zahnbehandlung?<\/h2>\n<p>Bei allen parodontologischen Operationen handelt es sich um Zahnfleischoperationen. Wenn sich Zahnfleischprobleme auf die Z\u00e4hne ausweiten, muss die darunter liegende Entz\u00fcndung beseitigt werden. Dazu muss das Zahnfleisch an den Z\u00e4hnen geschnitten werden. Die parodontologische Zahnbehandlung variiert je nach Mund und Zahnstruktur des Patienten. Der Facharzt wird den hierf\u00fcr am besten geeigneten Behandlungsprozess einleiten.<\/p>\n<div id=\"attachment_9003\" style=\"width: 650px\" class=\"wp-caption aligncenter\"><img loading=\"lazy\" decoding=\"async\" aria-describedby=\"caption-attachment-9003\" class=\"size-full wp-image-9003\" src=\"https:\/\/mehmetekerdisklinigi.com\/wp-content\/uploads\/2023\/05\/periodonti-1.jpg\" alt=\"periodonti\" width=\"640\" height=\"427\" srcset=\"https:\/\/mehmetekerdisklinigi.com\/wp-content\/uploads\/2023\/05\/periodonti-1.jpg 640w, https:\/\/mehmetekerdisklinigi.com\/wp-content\/uploads\/2023\/05\/periodonti-1-300x200.jpg 300w\" sizes=\"auto, (max-width: 640px) 100vw, 640px\" \/><p id=\"caption-attachment-9003\" class=\"wp-caption-text\">Parodontologie<\/p><\/div>\n<p>Was leistet die Parodontologie?<\/p>\n<p>Das die Z\u00e4hne umgebende Weichgewebe ist bei jedem Menschen vorhanden. Die Gesundheit dieser Gewebe gibt auch wichtige Hinweise auf die k\u00f6rperliche Gesundheit einer Person. Wenn es um die Zahn- und Mundgesundheit geht, spielt der Zustand dieser Gewebe eine sehr wichtige Rolle. Wenn dieses Gewebe, auch Zahnfleisch genannt, nicht gesund ist, kann es zu schwerem Zahnverlust und Beschwerden kommen. Wenn wir uns die Parodontologie ansehen, ist sie ein Wissenschaftszweig, der f\u00fcr die Diagnose der Krankheit in diesem Bereich zust\u00e4ndig ist. Zahnfleischerkrankungen diagnostizieren und den Weg und die zu befolgenden Methoden bestimmen; Es wird daran gearbeitet, es gesund zu halten.<\/p>\n<h2>Worauf schaut die Parodontologie?<\/h2>\n<p>Die Parodontologie untersucht die Probleme, die im Zahnfleisch und in den Knochenstrukturen auftreten, also dem Gewebe, das die Z\u00e4hne umgibt und umh\u00fcllt. Personen, die sich auf dieses Fachgebiet spezialisiert haben, werden Parodontologen genannt. In diesem Bereich werden alle im Zahnfleisch des Patienten auftretenden Probleme im Detail untersucht.<\/p>\n<h2>Entnimmt die Parodontologie Z\u00e4hne?<\/h2>\n<p><strong><img loading=\"lazy\" decoding=\"async\" class=\"aligncenter size-full wp-image-9004\" src=\"https:\/\/mehmetekerdisklinigi.com\/wp-content\/uploads\/2023\/05\/periodonti-2.jpg\" alt=\"periodonti\" width=\"640\" height=\"427\" srcset=\"https:\/\/mehmetekerdisklinigi.com\/wp-content\/uploads\/2023\/05\/periodonti-2.jpg 640w, https:\/\/mehmetekerdisklinigi.com\/wp-content\/uploads\/2023\/05\/periodonti-2-300x200.jpg 300w\" sizes=\"auto, (max-width: 640px) 100vw, 640px\" \/><\/strong><\/p>\n<p>Die Frage, ob im Zuge einer parodontalen Behandlung ein Zahn gezogen wird oder nicht, ist f\u00fcr Patienten eine Frage der Frage. Der Fachbereich Parodontologie untersucht die Erkrankungen, die im Zahnfleisch und in den Knochen der Z\u00e4hne auftreten. In diesem Bereich gibt es keine zahn\u00e4rztlichen Eingriffe wie F\u00fcllungen, Kan\u00e4le oder Zahnextraktionen. Solche Eingriffe werden von regul\u00e4ren Zahn\u00e4rzten durchgef\u00fchrt.<\/p>\n<h2>F\u00fchrt die Parodontologie eine Zahnreinigung durch?<\/h2>\n<p>Wir haben erw\u00e4hnt, dass sich der Bereich der Parodontologie ausschlie\u00dflich mit Zahnfleischerkrankungen befasst. Zahnsteinbildung ist ebenfalls ein Problem, das vollst\u00e4ndig mit dem Zahnfleisch zusammenh\u00e4ngt. Zahnfleischerkrankungen \u00e4u\u00dfern sich meist durch Schwellungen oder Farbver\u00e4nderungen. Die Person, die diese Probleme beobachtet, sollte unverz\u00fcglich einen Spezialisten aufsuchen. Durch Bakterien verursachte Zahnsteine \u200b\u200bbilden einen Zahnbelag auf den Z\u00e4hnen. Dies kann Zahnfleischerkrankungen verursachen.<\/p>\n<h2>Was sind Parodontitis?<\/h2>\n<p>Zahn- und Mundgesundheitsst\u00f6rungen sind sehr vielf\u00e4ltig. Gingivitis ist eine davon und z\u00e4hlt zu den Parodontalerkrankungen. Diese Krankheit, auch Gingivitis genannt, kann sehr weit fortgeschritten sein und schwere Erkrankungen verursachen. Durch die Ausbreitung auf das Knochengewebe kommt es bei der Person zu einem Schmelzen dieses Gewebes. Eine angemessene Mundpflege ist f\u00fcr den Behandlungsverlauf sehr wichtig. Bakterien im Mund sind eine der Hauptursachen der Erkrankung.<\/p>\n<h2>Parodontologische Behandlung<\/h2>\n<p><strong>\u00a0<\/strong><\/p>\n<p><img loading=\"lazy\" decoding=\"async\" class=\"aligncenter size-full wp-image-9005\" src=\"https:\/\/mehmetekerdisklinigi.com\/wp-content\/uploads\/2023\/05\/periodonti-3.jpg\" alt=\"periodonti\" width=\"640\" height=\"427\" srcset=\"https:\/\/mehmetekerdisklinigi.com\/wp-content\/uploads\/2023\/05\/periodonti-3.jpg 640w, https:\/\/mehmetekerdisklinigi.com\/wp-content\/uploads\/2023\/05\/periodonti-3-300x200.jpg 300w\" sizes=\"auto, (max-width: 640px) 100vw, 640px\" \/><\/p>\n<p>Die parodontologische Behandlung, die aus verschiedenen Phasen besteht, wird sowohl vom Arzt als auch vom behandelnden Arzt durchgef\u00fchrt. Denn es ist f\u00fcr den Betroffenen sehr wichtig, w\u00e4hrend der Behandlung auf die Mundhygiene zu achten. Der Prozess beginnt mit der Diagnose der Erkrankung und setzt sich mit der Aufkl\u00e4rung des Patienten durch den Zahnarzt fort.<\/p>\n<p>Die professionelle Reinigung ist ein weiterer Schritt und notwendig, um den Mund von Bakterien zu befreien. Auf diese Weise wird die f\u00fcr die Behandlung erforderliche hygienische Umgebung bereitgestellt. Wenn ein chirurgischer Eingriff erforderlich ist, beginnt der Eingriff. Bei Bedarf k\u00f6nnen Medikamente verabreicht werden, die vor oder nach dem Eingriff angewendet werden.<\/p>\n<h2>Wie lange dauert eine parodontologische Behandlung?<\/h2>\n<p>Es stellt sich die Frage, ob die betreffende Behandlung lange anhalten wird. Aber ob der Prozess lang oder kurz sein wird, ist sehr unterschiedlich. Sie kann je nach Patient, Mund und Zahnstruktur variieren. Sie variiert auch je nach dem Grad des Fortschreitens der Krankheit. Der Behandlungsablauf wird nach der ersten Untersuchung gestaltet.<\/p>\n<h2>Was macht die Parodontologie bei der ersten Untersuchung?<\/h2>\n<p>Bei der ersten Untersuchung f\u00fchrt ein Parodontologe in der Regel Routineeingriffe durch. Es ist m\u00f6glich, diese Operationen wie folgt aufzulisten;<\/p>\n<table>\n<tbody>\n<tr>\n<td width=\"160\">Frontend<\/td>\n<td width=\"444\">\u00b7\u00a0\u00a0\u00a0\u00a0\u00a0\u00a0\u00a0 Der Facharzt f\u00fchrt zun\u00e4chst eine intraorale Untersuchung durch.<\/p>\n<p>\u00b7\u00a0\u00a0\u00a0\u00a0\u00a0\u00a0\u00a0 Somit wird eine personalisierte Behandlungsmethode festgelegt.<\/p>\n<p>\u00b7\u00a0\u00a0\u00a0\u00a0\u00a0\u00a0\u00a0 Im Mund gebildete Bakterien werden mit speziellen Werkzeugen entfernt. Dadurch wird das Zahnfleisch entlastet.<\/td>\n<\/tr>\n<tr>\n<td width=\"160\">Periodontal operation<\/td>\n<td width=\"444\">\u00b7\u00a0\u00a0\u00a0\u00a0\u00a0\u00a0\u00a0 This is the second stage of treatment.<\/p>\n<p>\u00b7\u00a0\u00a0\u00a0\u00a0\u00a0\u00a0\u00a0 Surgery is performed using local anesthesia.<\/td>\n<\/tr>\n<tr>\n<td width=\"160\">Final stage<\/td>\n<td width=\"444\">\u00b7\u00a0\u00a0\u00a0\u00a0\u00a0\u00a0\u00a0 The patient&#8217;s stitches are removed after one or two weeks, depending on the healing process.<\/td>\n<\/tr>\n<\/tbody>\n<\/table>\n<h3>Diagnosis of Disease and Professional Cleaning<\/h3>\n<p><img loading=\"lazy\" decoding=\"async\" class=\"aligncenter size-full wp-image-9006\" src=\"https:\/\/mehmetekerdisklinigi.com\/wp-content\/uploads\/2023\/05\/periodonti-4.jpg\" alt=\"periodonti\" width=\"640\" height=\"427\" srcset=\"https:\/\/mehmetekerdisklinigi.com\/wp-content\/uploads\/2023\/05\/periodonti-4.jpg 640w, https:\/\/mehmetekerdisklinigi.com\/wp-content\/uploads\/2023\/05\/periodonti-4-300x200.jpg 300w\" sizes=\"auto, (max-width: 640px) 100vw, 640px\" \/><\/p>\n<p>The disease must be diagnosed correctly in order to proceed with the treatment phase. The patient is examined by obtaining the necessary information. The cause of the discomfort can be understood by looking at the radiographic information. Then, it is decided to start the necessary treatment process with the right methods. Afterwards, special tools are used to make the mouth hygienic. Tooth stones are cleaned and polished. If there is inflammation at this stage, serious intervention may be required. Subgingival curettage is performed to clear the inflammation.<\/p>\n<h2>Surgery, Antibiotics, Complementary Drug Treatment<\/h2>\n<p>Surgical treatment may be applied to patients with advanced disease. This stage may involve a period of rest and liquid nutrition for up to a week. For this reason, going for a dental check-up is very important and can be overcome more easily if the doctor&#8217;s recommendations are followed. These are very sensitive procedures and must be performed by a specialist physician. Antibiotic treatment is given in cases where the patient is faced with inflammation. Complementary treatments are carried out with the help of regular check-ups.<\/p>\n<h2>Does Periodontology Hurt?<\/h2>\n<p>The possibility of the patient feeling any pain while applying the treatment in question may worry the person. But there is no need to be afraid about this. Because before the procedure, the specialist applies local anesthesia to the patient. Thus, the patient does not feel any pain during the procedure.<\/p>\n<h2>What Happens If Periodontics Is Left Untreated?<\/h2>\n<p><strong><img loading=\"lazy\" decoding=\"async\" class=\"aligncenter size-full wp-image-9007\" src=\"https:\/\/mehmetekerdisklinigi.com\/wp-content\/uploads\/2023\/05\/periodonti-5.jpg\" alt=\"periodonti\" width=\"640\" height=\"509\" srcset=\"https:\/\/mehmetekerdisklinigi.com\/wp-content\/uploads\/2023\/05\/periodonti-5.jpg 640w, https:\/\/mehmetekerdisklinigi.com\/wp-content\/uploads\/2023\/05\/periodonti-5-300x239.jpg 300w\" sizes=\"auto, (max-width: 640px) 100vw, 640px\" \/><\/strong><\/p>\n<p>If the disorders in the gums and bones, which the periodontics field deals with, are not treated, the degree of the disease will progress. This may cause bigger problems for the patient. Therefore, the patient should see a specialist as soon as possible and start treatment without delay. Otherwise, the pain and suffering related to teeth and gums will continue to increase.<\/p>\n<p>It is very important to make an appointment and meet with the dentist for periodontics treatment without delay. In addition to regular tooth brushing and gargling, diet is very important. To protect oral and dental health, it is necessary to be careful about sugary foods, cigarettes, tea and coffee consumption. At the same time, blood values \u200b\u200bgive great clues about problems that may occur in oral and dental health. You can contact Mehmet Eker Dental Clinic and make an appointment for healthier and more beautiful smiles.<\/p>\n<p><strong>\u00a0<\/strong>[\/vc_column_text][\/vc_column][\/vc_row]<\/p>\n<\/div>","protected":false},"excerpt":{"rendered":"<p>[vc_row][vc_column][vc_column_text woodmart_inline=&#8220;no&#8220; text_larger=&#8220;no&#8220;]Es wird nach Einzelheiten gefragt, was Parodontologie ist, ein Wissenschaftszweig zur Mund- und Zahngesundheit. Mund- und Zahngesundheit ist<\/p>\n","protected":false},"author":1,"featured_media":10354,"parent":0,"menu_order":0,"comment_status":"closed","ping_status":"closed","template":"","meta":{"footnotes":""},"class_list":["post-10353","page","type-page","status-publish","has-post-thumbnail","hentry"],"_links":{"self":[{"href":"https:\/\/mehmetekerdisklinigi.com\/de\/wp-json\/wp\/v2\/pages\/10353","targetHints":{"allow":["GET"]}}],"collection":[{"href":"https:\/\/mehmetekerdisklinigi.com\/de\/wp-json\/wp\/v2\/pages"}],"about":[{"href":"https:\/\/mehmetekerdisklinigi.com\/de\/wp-json\/wp\/v2\/types\/page"}],"author":[{"embeddable":true,"href":"https:\/\/mehmetekerdisklinigi.com\/de\/wp-json\/wp\/v2\/users\/1"}],"replies":[{"embeddable":true,"href":"https:\/\/mehmetekerdisklinigi.com\/de\/wp-json\/wp\/v2\/comments?post=10353"}],"version-history":[{"count":3,"href":"https:\/\/mehmetekerdisklinigi.com\/de\/wp-json\/wp\/v2\/pages\/10353\/revisions"}],"predecessor-version":[{"id":10360,"href":"https:\/\/mehmetekerdisklinigi.com\/de\/wp-json\/wp\/v2\/pages\/10353\/revisions\/10360"}],"wp:featuredmedia":[{"embeddable":true,"href":"https:\/\/mehmetekerdisklinigi.com\/de\/wp-json\/wp\/v2\/media\/10354"}],"wp:attachment":[{"href":"https:\/\/mehmetekerdisklinigi.com\/de\/wp-json\/wp\/v2\/media?parent=10353"}],"curies":[{"name":"wp","href":"https:\/\/api.w.org\/{rel}","templated":true}]}}