{"id":10344,"date":"2021-08-26T13:58:16","date_gmt":"2021-08-26T13:58:16","guid":{"rendered":"https:\/\/mehmetekerdisklinigi.com\/pedodonti\/"},"modified":"2023-09-28T23:19:05","modified_gmt":"2023-09-28T23:19:05","slug":"paedodontie","status":"publish","type":"page","link":"https:\/\/mehmetekerdisklinigi.com\/de\/paedodontie\/","title":{"rendered":"P\u00e4dodontie"},"content":{"rendered":"<div class=\"wpb-content-wrapper\"><p>[vc_row][vc_column][vc_column_text woodmart_inline=&#8220;no&#8220; text_larger=&#8220;no&#8220;]Pedodontie ist ein Wort lateinischen Ursprungs und bedeutet \u201eKinderz\u00e4hne\u201c. Z\u00e4hne, die in der Kindheit entstanden sind, beginnen sich mit dem Eintritt ins Erwachsenenalter zu ver\u00e4ndern. Wir k\u00f6nnen diese Milchz\u00e4hne nennen und so haben wir als Kinder unsere ersten Zahn\u00e4rzte kennengelernt. Dieser Prozess dauert vom sechsten bis zw\u00f6lften Lebensjahr. Damit diese Z\u00e4hne richtig durchwachsen, w\u00e4re es besser, wenn der Zahnarzt die Zahnextraktion durchf\u00fchrt. \u00c4rzte, die sich mit Kinderz\u00e4hnen befassen, werden Kinderzahn\u00e4rzte genannt. Unsere Z\u00e4hne im Kindesalter unterscheiden sich in Struktur und Physiologie und erfordern daher ein anderes Fachwissen. Auf diesem Gebiet spezialisierte \u00c4rzte untersuchen die Zahnentwicklung bereits im S\u00e4uglingsalter. Probleme, die in dieser Zeit auftreten, k\u00f6nnen im Erwachsenenalter zu schwerwiegenderen Problemen f\u00fchren. Deshalb ist eine fr\u00fchzeitige Diagnose bei der Zahngesundheit, wie bei jedem Thema, wichtig.<\/p>\n<p><strong>Warum ist Kinderzahnheilkunde wichtig?<\/strong><\/p>\n<p>Die Gesundheit unserer ersten Z\u00e4hne beeinflusst die Gesundheit unserer Z\u00e4hne im Erwachsenenalter. Indem Eltern auf die Milchz\u00e4hne ihrer Kinder achten, haben sie die notwendigen Vorkehrungen getroffen, um zu verhindern, dass ihre Kinder im sp\u00e4teren Alter mit Karies zu k\u00e4mpfen haben. Aus dieser Perspektive k\u00f6nnen wir die Bedeutung der Kinderzahnheilkunde verstehen. Wir wissen, dass unsere Mundgesundheit die Qualit\u00e4t unserer Ern\u00e4hrung beeinflusst. Die Bakterien in unserem Mund beeintr\u00e4chtigen unsere Gesundheit, indem sie die Lebensmittel, die wir essen, infizieren, wenn sie damit in Kontakt kommen. In diesem Sinne ist es f\u00fcr unsere allgemeine Gesundheit sehr wichtig, auf die Mund- und Zahngesundheit zu achten. Im Erwachsenenalter ist es notwendig, alle sechs Monate eine Kontrolluntersuchung beim Zahnarzt durchzuf\u00fchren. Wenn Sie Ihrem Kind diese Gewohnheit bei Spezialisten f\u00fcr Kinderzahnheilkunde vermitteln, kann dies dazu beitragen, dass sich Ihr Kind in sp\u00e4teren Jahren wohler f\u00fchlt. Auf diese Weise k\u00f6nnen Sie sich zu Hause um die Zahngesundheit Ihres Kindes k\u00fcmmern, indem Sie sich von einem Experten beraten lassen.<\/p>\n<p><strong>Wer wird als Kinderzahnarzt bezeichnet?<\/strong><\/p>\n<p>Dies sind die Titel, die sich Zahn\u00e4rzte verdienen, wenn sie sich auf die Zahngesundheit von Kindern spezialisieren. Das Hauptziel der Fach\u00e4rzte f\u00fcr Kinderzahnheilkunde besteht darin, zu verhindern, dass Kinder im sp\u00e4teren Alter mit Kariesproblemen zu k\u00e4mpfen haben. Es vermittelt diesbez\u00fcgliche Schutzpraktiken f\u00fcr Eltern und Kinder. Experten auf diesem Gebiet tragen zum Schutz der Mundgesundheit bei, indem sie fr\u00fchzeitig eingreifen, wenn bleibende Z\u00e4hne fehlen oder besch\u00e4digt sind. Da diese Fach\u00e4rzte gut mit Kindern zurechtkommen, verhindern sie, dass Ihr Kind Vorurteile gegen\u00fcber Zahn\u00e4rzten entwickelt. Dar\u00fcber hinaus ist es f\u00fcr die Spezialisierung auf diesem Gebiet erforderlich, mit der Arbeit in stressigen und hektischen Umgebungen vertraut zu sein. Sie m\u00fcssen \u00fcber Kenntnisse \u00fcber Kinder und Mundgesundheit verf\u00fcgen.<\/p>\n<p><strong>Empfehlungen von Experten f\u00fcr Kinderzahnheilkunde<\/strong><\/p>\n<p>Die Mund- und Zahngesundheit sollte bereits im S\u00e4uglingsalter unter der Aufsicht eines Spezialisten \u00fcberwacht werden. Sorgen Sie daf\u00fcr, dass Ihr Kind schon fr\u00fch das Z\u00e4hneputzen erlernt. So k\u00f6nnen Sie fr\u00fchzeitig Vorsorge f\u00fcr k\u00fcnftig auftretende Probleme treffen. Fach\u00e4rzte f\u00fcr Kinderzahnheilkunde passen Methoden aus anderen Fachgebieten an die Physiologie von Kindern an, um die richtige Behandlung durchf\u00fchren zu k\u00f6nnen. Da die Physiologie von Kindern unterschiedlich ist, passen Behandlungen bei Erwachsenen nicht zur Zahn- und Kieferstruktur des Kindes. Daher w\u00e4re es besser, sich an Experten auf diesem Gebiet zu wenden. Vergessen Sie nicht, sich von Experten \u00fcber die Mund- und Zahngesundheit Ihres Kindes informieren zu lassen. Sie sollten den Experten auf diesem Gebiet gr\u00fcndlich recherchieren, so k\u00f6nnen Sie beruhigt dorthin gehen. Sie m\u00fcssen auch die Essgewohnheiten Ihres Kindes kontrollieren. S\u00e4urehaltige Getr\u00e4nke, Lebensmittel wie Chips und der Versuch, die Z\u00e4hne f\u00fcr andere Zwecke als ihre Funktion zu nutzen (Zerbrechen harter Gegenst\u00e4nde wie Waln\u00fcsse) k\u00f6nnen zu schweren Sch\u00e4den an den Z\u00e4hnen f\u00fchren.<\/p>\n<p><strong>Mit wie vielen Altersgruppen besch\u00e4ftigen sich Fach\u00e4rzte f\u00fcr Kinderzahnheilkunde?<\/strong><\/p>\n<p>Wer sich auf diesen Bereich spezialisiert, interessiert sich f\u00fcr den Altersbereich vom S\u00e4uglingsalter bis zum 12. Lebensjahr. Ihr Ziel ist es, zuk\u00fcnftige Probleme von Personen in dieser Altersgruppe zu erkennen und ihre Mund- und Zahngesundheit fr\u00fchzeitig in den Griff zu bekommen. Es ist ein sehr wichtiger Bereich. Denn in dieser Zeit beugen sie schwerwiegenden Problemen vor, die im Erwachsenenalter auftreten k\u00f6nnen, bis hin zum dauerhaften Zahnverlust. Deshalb sind Kinderzahn\u00e4rzte so wichtig. Wenn Sie sich \u00fcber Mund- und Zahngesundheitsprobleme im Kindesalter und deren Behandlung informieren, kann dies dazu beitragen, dass Ihr Kind zu einem bewussten Menschen heranw\u00e4chst. Zahnputzgewohnheiten, die sich erst im Erwachsenenalter aneignen, beg\u00fcnstigen die Entstehung von Karies. Es kann sehr schwierig sein, sich diese Gewohnheit in Zukunft anzueignen. Daher sollte das Z\u00e4hneputzen bereits im Kindesalter zur Gewohnheit werden. F\u00fcr unsere Mund- und Zahngesundheit ist es notwendig, darauf zu achten, was wir essen. Wir sollten keine harten Gegenst\u00e4nde mit unseren Z\u00e4hnen zerbrechen. Dadurch kann es zu schweren Sch\u00e4den an den Z\u00e4hnen kommen. Saure Getr\u00e4nke k\u00f6nnen den Zahnschmelz sch\u00e4digen, Getr\u00e4nke wie Chips k\u00f6nnen Karies beschleunigen. Diese sollten nicht nur im Kindesalter, sondern auch im Erwachsenenalter ber\u00fccksichtigt werden. Heutzutage f\u00e4llt es Erwachsenen jedoch schwer, sich solche Gewohnheiten anzueignen. Um Hilfe zu diesem Problem zu erhalten, wenden Sie sich bitte an die Zahnklinik des Fachzahnarztes Mehmet Eker.[\/vc_column_text][\/vc_column][\/vc_row]<\/p>\n<\/div>","protected":false},"excerpt":{"rendered":"<p>[vc_row][vc_column][vc_column_text woodmart_inline=&#8220;no&#8220; text_larger=&#8220;no&#8220;]Pedodontie ist ein Wort lateinischen Ursprungs und bedeutet \u201eKinderz\u00e4hne\u201c. Z\u00e4hne, die in der Kindheit entstanden sind, beginnen sich<\/p>\n","protected":false},"author":1,"featured_media":10345,"parent":0,"menu_order":0,"comment_status":"closed","ping_status":"closed","template":"","meta":{"footnotes":""},"class_list":["post-10344","page","type-page","status-publish","has-post-thumbnail","hentry"],"_links":{"self":[{"href":"https:\/\/mehmetekerdisklinigi.com\/de\/wp-json\/wp\/v2\/pages\/10344","targetHints":{"allow":["GET"]}}],"collection":[{"href":"https:\/\/mehmetekerdisklinigi.com\/de\/wp-json\/wp\/v2\/pages"}],"about":[{"href":"https:\/\/mehmetekerdisklinigi.com\/de\/wp-json\/wp\/v2\/types\/page"}],"author":[{"embeddable":true,"href":"https:\/\/mehmetekerdisklinigi.com\/de\/wp-json\/wp\/v2\/users\/1"}],"replies":[{"embeddable":true,"href":"https:\/\/mehmetekerdisklinigi.com\/de\/wp-json\/wp\/v2\/comments?post=10344"}],"version-history":[{"count":3,"href":"https:\/\/mehmetekerdisklinigi.com\/de\/wp-json\/wp\/v2\/pages\/10344\/revisions"}],"predecessor-version":[{"id":10351,"href":"https:\/\/mehmetekerdisklinigi.com\/de\/wp-json\/wp\/v2\/pages\/10344\/revisions\/10351"}],"wp:featuredmedia":[{"embeddable":true,"href":"https:\/\/mehmetekerdisklinigi.com\/de\/wp-json\/wp\/v2\/media\/10345"}],"wp:attachment":[{"href":"https:\/\/mehmetekerdisklinigi.com\/de\/wp-json\/wp\/v2\/media?parent=10344"}],"curies":[{"name":"wp","href":"https:\/\/api.w.org\/{rel}","templated":true}]}}