{"id":10326,"date":"2023-05-12T14:30:57","date_gmt":"2023-05-12T14:30:57","guid":{"rendered":"https:\/\/mehmetekerdisklinigi.com\/lazer-dis-hekimligi\/"},"modified":"2023-09-28T22:54:02","modified_gmt":"2023-09-28T22:54:02","slug":"laserzahnheilkunde","status":"publish","type":"page","link":"https:\/\/mehmetekerdisklinigi.com\/de\/laserzahnheilkunde\/","title":{"rendered":"Laserzahnheilkunde"},"content":{"rendered":"<div class=\"wpb-content-wrapper\"><p>[vc_row][vc_column][vc_column_text woodmart_inline=&#8220;no&#8220; text_larger=&#8220;no&#8220;]<\/p>\n<div class=\"wpb_text_column wpb_content_element \">\n<div class=\"wpb_wrapper\">\n<p>Laser, auch konzentriertes Licht genannt, wird in vielen Bereichen eingesetzt. Auch in der Zahnheilkunde wird der Laser bevorzugt eingesetzt und aufgrund der Eigenschaften des Lichts bei verschiedenen Behandlungen eingesetzt. Lichtwellen verlaufen parallel zueinander. Es bietet die M\u00f6glichkeit, Energie intensiv auf eine sehr kleine Fl\u00e4che zu lenken. Dieses Licht mit einer einzigen Wellenl\u00e4nge kann bei gleicher Feinheit auch gro\u00dfe Entfernungen erreichen.<\/p>\n<p>Es hat keine radioaktive Eigenschaft wie R\u00f6ntgenstrahlen. Es handelt sich also um einen \u00e4u\u00dferst zuverl\u00e4ssigen Balken. Der Laser birgt keine gesundheitlichen Risiken und kann bei jedem angewendet werden, auch bei Kindern und \u00e4lteren Menschen. In der Zahnheilkunde ist es wichtig, dass es von einem Experten angewendet wird. Aus diesem Grund ist es angebracht, es nur auf Anweisung Ihres Arztes anzuwenden. Weil es bei sehr schweren Eingriffen eingesetzt wird.<\/p>\n<h2>Was ist Laserzahnheilkunde?<\/h2>\n<p>Unter Laserzahnheilkunde versteht man die lasergest\u00fctzte Behandlung einer Reihe von Zahn- und Zahnfleischproblemen. Lasergest\u00fctzte Zahnbehandlungen bieten im Vergleich zu herk\u00f6mmlichen zahn\u00e4rztlichen Behandlungsmethoden bei einigen zahn\u00e4rztlichen Eingriffen mit Hart- oder Weichgewebe eine komfortablere Behandlungsm\u00f6glichkeit.<\/p>\n<p><strong><img loading=\"lazy\" decoding=\"async\" class=\"aligncenter size-full wp-image-8983\" src=\"https:\/\/mehmetekerdisklinigi.com\/wp-content\/uploads\/2023\/05\/lazer-dis-hekimligi-4.jpg\" alt=\"lazer-dis-hekimligi\" width=\"640\" height=\"427\" srcset=\"https:\/\/mehmetekerdisklinigi.com\/wp-content\/uploads\/2023\/05\/lazer-dis-hekimligi-4.jpg 640w, https:\/\/mehmetekerdisklinigi.com\/wp-content\/uploads\/2023\/05\/lazer-dis-hekimligi-4-300x200.jpg 300w\" sizes=\"auto, (max-width: 640px) 100vw, 640px\" \/><\/strong><\/p>\n<p>Die Laserzahnheilkunde birgt einige Risiken. Die Verwendung der falschen Leistungsstufe und Lichtwelle kann das Gewebe sch\u00e4digen und mit der Zeit zu Reizungen f\u00fchren. Um solche Probleme zu vermeiden, sollten diese Operationen von Teams durchgef\u00fchrt werden, die Expertendienste auf ihrem Gebiet erbringen.<\/p>\n<p>Gerade bei Patienten mit Zahnarztangst wird die Laserbehandlung bevorzugt, da sie ger\u00e4usch\u00e4rmer ist als andere Methoden. Auf diese Weise entgehen den Patienten keine routinem\u00e4\u00dfigen \u00e4rztlichen und zahn\u00e4rztlichen Untersuchungen und sie haben weniger Probleme.<\/p>\n<h2>Warum ist der Lasereinsatz in der Zahnheilkunde wichtig?<\/h2>\n<p>Es gibt viele Gr\u00fcnde, warum Laserzahnheilkunde von vielen \u00c4rzten und Patienten bevorzugt wird. Da es weniger schmerzhaft ist als herk\u00f6mmliche Methoden, kann es manchmal sogar ohne Narkose behandelt werden. Da die Laserstrahlen au\u00dferdem nur auf den erkrankten Bereich gerichtet sind, ist eine schnelle Genesung m\u00f6glich.<\/p>\n<p>Da die Laserzahnheilkunde im Vergleich zu herk\u00f6mmlichen Methoden das Weichgewebe direkt kauterisiert, treten Blutungs- und Schwellungsprobleme weniger auf als bei anderen Behandlungsmethoden. Dies ist einer der Gr\u00fcnde, warum \u00c4rzte es bevorzugen.<\/p>\n<h2>Warum wird der Laser auf die Z\u00e4hne angewendet?<\/h2>\n<p>Eine Laserbehandlung kann zur Vorbereitung des Zahns f\u00fcr die F\u00fcllung oder zur Entfernung von Karies eingesetzt werden. Vor allem bei Menschen mit Zahnfleischr\u00fcckgang verbleiben Parodontaltaschen an der Stelle des Zahnfleischr\u00fcckgangs und diese R\u00e4ume sind mit Speiseresten gef\u00fcllt.<\/p>\n<p>Mit Hilfe des Lasers werden die L\u00fccken gef\u00fcllt und das Zahnfleisch wieder an seinen Platz gebracht, wodurch das unangenehme Erscheinungsbild beseitigt wird. Eines der wichtigsten Merkmale der Laserzahnheilkunde ist, dass bei der Behandlung von erkranktem Gewebe gesundes Gewebe nicht gesch\u00e4digt wird.<\/p>\n<h2>Was macht ein Dentallaser?<\/h2>\n<p><img loading=\"lazy\" decoding=\"async\" class=\"aligncenter size-full wp-image-8982\" src=\"https:\/\/mehmetekerdisklinigi.com\/wp-content\/uploads\/2023\/05\/lazer-dis-hekimligi-3.jpg\" alt=\"lazer-dis-hekimligi\" width=\"640\" height=\"427\" srcset=\"https:\/\/mehmetekerdisklinigi.com\/wp-content\/uploads\/2023\/05\/lazer-dis-hekimligi-3.jpg 640w, https:\/\/mehmetekerdisklinigi.com\/wp-content\/uploads\/2023\/05\/lazer-dis-hekimligi-3-300x200.jpg 300w\" sizes=\"auto, (max-width: 640px) 100vw, 640px\" \/><\/p>\n<p>Laser sind in der Zahnmedizin von gro\u00dfer Bedeutung. Es wird h\u00e4ufig bei F\u00fcllungsverfahren und Wurzelkanalbehandlungen sowie bei Weichgewebebehandlungen, Zahnfleisch\u00e4sthetik und Implantatbehandlungen eingesetzt und hilft bei der Beseitigung von Implantatentz\u00fcndungen. Laser werden auch h\u00e4ufig bei chirurgischen Eingriffen eingesetzt.<\/p>\n<h2>Zahnmedizinische Lasertechnologie<\/h2>\n<p>In den letzten Jahren hat sich der Laser zu einer erfolgreichen Technologie entwickelt, die in nahezu allen Bereichen der Medizin Anwendung findet. Es hat sich in unserem Leben als unverzichtbare Technologie f\u00fcr Operationen etabliert, die fortgeschrittene und subtile Eingriffe erfordern. In der Zahnmedizin wurde erstmals die Lasertechnologie am Zahnfleisch eingesetzt. Heutzutage wird es jedoch bei fast jeder chirurgischen Zahnoperation eingesetzt. Die in der Zahnheilkunde am h\u00e4ufigsten verwendeten Laser sind:<\/p>\n<ul>\n<li>Der Nd-YAG-Laser ist einer der am h\u00e4ufigsten verwendeten. Es wird im Allgemeinen zur Sterilisation bevorzugt. Es liefert erfolgreiche Ergebnisse bei der Behandlung sehr schwerer Abszesse und Infektionen. Es hat eine Wellenl\u00e4nge von 1064 nm. Obwohl es sehr effektiv ist, ist es sehr kostspielig.<\/li>\n<li>Diodenlaser sind eine kosteng\u00fcnstigere Option als Nd YAG. Es wird in Zahnkliniken weithin bevorzugt. Es ist sehr empfindlich in der Anwendung, da es hohe<\/li>\n<li>Temperaturen verursacht.<\/li>\n<li>Erbiumlaser werden zur Kariesdesinfektion bevorzugt. Obwohl es keinen Schaden anrichtet, reinigt es mit seiner Technologie blaue Flecken, ohne mit anderen Geweben in<\/li>\n<li>Kontakt zu kommen.<\/li>\n<li>Der CO2-Laser wird bevorzugt zum Schneiden von Gewebe bei Zahnfleischeingriffen eingesetzt. Es handelt sich um eine der Technologien, deren Einsatz Fachwissen erfordert.<\/li>\n<li>Der KTP-Laser ist f\u00fcr seine aufhellende Wirkung bekannt. Seine Wirkung kommt dem Nd-YAG-Laser sehr nahe.<\/li>\n<li>Laserunterst\u00fctzte Zahnbehandlungen<\/li>\n<\/ul>\n<p>Obwohl die Lasertechnologie h\u00e4ufig bei oralen und zahnmedizinischen Behandlungen eingesetzt wird, erfordert sie viel Fachwissen. Einige lasergest\u00fctzte Zahnbehandlungen k\u00f6nnen wie folgt aufgef\u00fchrt werden:<\/p>\n<ul>\n<li>Zahnaufhellung<\/li>\n<li>Schneiden von Weichgewebe<\/li>\n<li>Behandlung von Krebsgeschw\u00fcren<\/li>\n<li>Der Prozess der Aufhellung von dunklem Zahnfleisch<\/li>\n<li>Zahnfleischschnitte werden \u00e4sthetischer gestaltet<\/li>\n<li>Herpes-Behandlung<\/li>\n<li>Wurzelkan\u00e4le sterilisieren<\/li>\n<li>Behandlung von Infektionen im Zahnfleisch<\/li>\n<li>Blutstillung nach Zahnextraktion<\/li>\n<li>Implantatbehandlung<\/li>\n<li>Zahnempfindlichkeit<\/li>\n<li>Kiefergelenkbehandlung<\/li>\n<\/ul>\n<h2><img loading=\"lazy\" decoding=\"async\" class=\"aligncenter size-full wp-image-8981\" src=\"https:\/\/mehmetekerdisklinigi.com\/wp-content\/uploads\/2023\/05\/lazer-dis-hekimligi-2.jpg\" alt=\"lazer-dis-hekimligi\" width=\"640\" height=\"427\" srcset=\"https:\/\/mehmetekerdisklinigi.com\/wp-content\/uploads\/2023\/05\/lazer-dis-hekimligi-2.jpg 640w, https:\/\/mehmetekerdisklinigi.com\/wp-content\/uploads\/2023\/05\/lazer-dis-hekimligi-2-300x200.jpg 300w\" sizes=\"auto, (max-width: 640px) 100vw, 640px\" \/><\/h2>\n<h2>Was ist Laserzahnheilkunde?<\/h2>\n<p>Lasertechnologie wird bei zahn\u00e4rztlichen Behandlungen eingesetzt, insbesondere um chirurgische Eingriffe einfach durchf\u00fchren zu k\u00f6nnen. Laser ist eine Technologie, die in den letzten Jahren zunehmend von Zahn\u00e4rzten in unserem Land im Bereich der Zahn- und Mundgesundheit eingesetzt wird. Der Einsatz bringt zwar viele Vorteile f\u00fcr Patienten mit sich, erleichtert aber auch die Arbeit der \u00c4rzte. Das schmerzfreie Verfahren ist einer seiner gr\u00f6\u00dften Vorteile. Der Eingriff kann ohne Narkose durchgef\u00fchrt werden. Es erm\u00f6glicht jedoch eine Intervention, bevor es zu einer Blutung kommt. Es erm\u00f6glicht eine deutlich schnellere Wundheilung nach chirurgischen Eingriffen.<\/p>\n<h3>1 \u2013 Laserunterst\u00fctztes Implantat<\/h3>\n<p>Der Implantatbau geh\u00f6rt zu den zahnmedizinischen Eingriffen, die Fachwissen erfordern. Laser ist eine ideale Methode zum \u00d6ffnen von Kavit\u00e4ten. Neben der Herstellung von lasergest\u00fctzten Implantaten wird es auch bevorzugt bei der Dentin-Aufrauung eingesetzt. Der Eingriff erfolgt ohne Kontakt zum Zahn und ist schmerz- und bet\u00e4ubungsfrei. Aus diesem Grund erfolgt die Reinigung von Hohlr\u00e4umen schmerzfrei.<\/p>\n<h3>2 \u2013 Lasereinsatz in der Parodontologie<\/h3>\n<p>Es ist eine der beliebtesten Technologien bei Gingivitis. Bei dieser Operation, die f\u00fcr den Patienten schmerzhaft sein kann, wird das Schmerzniveau dank des Lasers auf ein Minimum reduziert. Es handelt sich um eine der einfachsten und hygienischsten Methoden zur Reinigung der Traumoberfl\u00e4che. F\u00fcr die Pigmentierungsbehandlung wird bevorzugt ein blauer oder gr\u00fcner Laser verwendet. Laser werden auch bei der Herstellung \u00e4sthetischer L\u00e4chelndesigns eingesetzt. Bei der Anpassung der Zahnfleischgr\u00f6\u00dfe wird darauf geachtet, dass das Zahnfleisch m\u00f6glichst genau geformt wird.<\/p>\n<h3><img loading=\"lazy\" decoding=\"async\" class=\"aligncenter size-full wp-image-8980\" src=\"https:\/\/mehmetekerdisklinigi.com\/wp-content\/uploads\/2023\/05\/lazer-dis-hekimligi-1.jpg\" alt=\"lazer-dis-hekimligi\" width=\"640\" height=\"427\" srcset=\"https:\/\/mehmetekerdisklinigi.com\/wp-content\/uploads\/2023\/05\/lazer-dis-hekimligi-1.jpg 640w, https:\/\/mehmetekerdisklinigi.com\/wp-content\/uploads\/2023\/05\/lazer-dis-hekimligi-1-300x200.jpg 300w\" sizes=\"auto, (max-width: 640px) 100vw, 640px\" \/><\/h3>\n<h3>3 \u2013 Laser-Zahnextraktion<\/h3>\n<p>Die Zahnentfernung mit der Laserzahnheilkunde ist schmerzloser und schneller als herk\u00f6mmliche Methoden. Die Laser-Zahnextraktion kann aufgrund der minimalen Blutung, der antibakteriellen Eigenschaften und der vorbeugenden Wirkung gegen Entz\u00fcndungen nach der Extraktion bevorzugt werden.<\/p>\n<h3>4 \u2013 Zahnaufhellung mit Laser<\/h3>\n<p>Die Zahnaufhellung mit Laser-Zahnheilkunde ist heute eine sehr beliebte Methode. \u00dcber die Dauerhaftigkeit dieses Prozesses l\u00e4sst sich nicht sprechen, er bleibt wie andere Methoden der Zahnaufhellung f\u00fcr eine gewisse Zeit dauerhaft und verliert dann langsam seine Wirkung.<\/p>\n<p>Obwohl dieser Prozess zwischen 3 und 5 Jahren dauert, liegt es ganz beim Patienten, diesen Zeitraum zu verl\u00e4ngern. Der Eingriff bleibt dauerhaft, wenn man Nahrungsmittel isst, die die Z\u00e4hne nicht verf\u00e4rben, s\u00e4urehaltige und zahnsch\u00e4digende Getr\u00e4nke meidet und die Zahnpflege ohne Unterbrechung durchf\u00fchrt.<\/p>\n<h2>In welchen Situationen ist eine Laseranwendung erforderlich?<\/h2>\n<p>Laser k\u00f6nnen bei vielen Eingriffen wie \u00e4sthetischer Zahnaufhellung, Kieferchirurgie, Implantaten und Wurzelkanalbehandlungen eingesetzt werden und d\u00fcrften den Behandlungsprozess beschleunigen. Sie sollten genaue Informationen von Ihrem Arzt einholen, um die Laserzahnheilkunde zum richtigen Zeitpunkt anwenden zu k\u00f6nnen. Informationen erhalten Sie bei Ihren Kontrolluntersuchungen in unserer Mehmet-Eker-Klinik.<\/p>\n<h2>F\u00fcr welches Alter sind zahn\u00e4rztliche Laserbehandlungen geeignet?<\/h2>\n<p>Laseranwendungen in der Zahnheilkunde sind vorteilhafter als andere herk\u00f6mmliche Methoden und k\u00f6nnen von Kindern, schwangeren Frauen und stillenden M\u00fcttern sowie Diabetikern und Blutdruckpatienten eingesetzt werden. Allerdings sollten Sie hier darauf achten, dass der Arzt, der diese Methode anwendet, ein Experte auf seinem Gebiet ist.<\/p>\n<div id=\"attachment_8979\" style=\"width: 650px\" class=\"wp-caption aligncenter\"><img loading=\"lazy\" decoding=\"async\" aria-describedby=\"caption-attachment-8979\" class=\"size-full wp-image-8979\" src=\"https:\/\/mehmetekerdisklinigi.com\/wp-content\/uploads\/2023\/05\/lazer-dis-hekimligi-5.jpg\" alt=\"lazer-dis-hekimligi\" width=\"640\" height=\"427\" srcset=\"https:\/\/mehmetekerdisklinigi.com\/wp-content\/uploads\/2023\/05\/lazer-dis-hekimligi-5.jpg 640w, https:\/\/mehmetekerdisklinigi.com\/wp-content\/uploads\/2023\/05\/lazer-dis-hekimligi-5-300x200.jpg 300w\" sizes=\"auto, (max-width: 640px) 100vw, 640px\" \/><p id=\"caption-attachment-8979\" class=\"wp-caption-text\">Laserzahnheilkunde<\/p><\/div>\n<h2>Wird nach der Zahnextraktion ein Laser angewendet?<\/h2>\n<p>In einigen F\u00e4llen kann es nach der Zahnextraktion zu \u00fcberm\u00e4\u00dfigen Blutungen kommen. In solchen F\u00e4llen kommt die Laserzahnheilkunde ins Spiel, um \u00fcberm\u00e4\u00dfige Blutungen, Blutkr\u00e4mpfe und Kiefergelenkschmerzen zu beseitigen und dabei die Vorteile des Lasers zu nutzen.<\/p>\n<h2>Wie hoch sind die Preise f\u00fcr Laser-Zahnbehandlungen?<\/h2>\n<p>Da es unter den Anwendungen in der Laserzahnheilkunde mehr als eine Anwendung gibt, variieren die Preise je nach dem von Ihnen durchgef\u00fchrten Eingriff. Die Zahnaufhellung stellt m\u00f6glicherweise die am meisten bevorzugte Methode bei Laser-Zahnbehandlungen dar. Wenn Preisinformationen dazu gegeben werden, kann man sagen, dass die Preisspanne zwischen 2000 TL und 3000 TL liegt.<\/p>\n<p>Laser ist zu einer Technologie geworden, die sehr praktische L\u00f6sungen f\u00fcr die Zahnbehandlung bietet. Auf diese Weise werden Zahnfleischerkrankungen blutungs- und schmerzarm behandelt. Es wird sicher bei Kanal-, Vitalpulpa- und endodontischen Behandlungen bevorzugt. Als Mehmet Eker Dental Clinic entwerfen wir f\u00fcr Sie ein gesundes und \u00e4sthetisches L\u00e4cheln unter Einsatz modernster Technologie. Nach Terminvereinbarung k\u00f6nnen Sie sofort mit uns Kontakt aufnehmen; Sie k\u00f6nnen das L\u00e4cheln Ihrer Tr\u00e4ume erreichen.<\/p>\n<\/div>\n<\/div>\n<p>[\/vc_column_text][\/vc_column][\/vc_row]<\/p>\n<\/div>","protected":false},"excerpt":{"rendered":"<p>[vc_row][vc_column][vc_column_text woodmart_inline=&#8220;no&#8220; text_larger=&#8220;no&#8220;] Laser, auch konzentriertes Licht genannt, wird in vielen Bereichen eingesetzt. Auch in der Zahnheilkunde wird der Laser<\/p>\n","protected":false},"author":1,"featured_media":10327,"parent":0,"menu_order":0,"comment_status":"closed","ping_status":"closed","template":"","meta":{"footnotes":""},"class_list":["post-10326","page","type-page","status-publish","has-post-thumbnail","hentry"],"_links":{"self":[{"href":"https:\/\/mehmetekerdisklinigi.com\/de\/wp-json\/wp\/v2\/pages\/10326","targetHints":{"allow":["GET"]}}],"collection":[{"href":"https:\/\/mehmetekerdisklinigi.com\/de\/wp-json\/wp\/v2\/pages"}],"about":[{"href":"https:\/\/mehmetekerdisklinigi.com\/de\/wp-json\/wp\/v2\/types\/page"}],"author":[{"embeddable":true,"href":"https:\/\/mehmetekerdisklinigi.com\/de\/wp-json\/wp\/v2\/users\/1"}],"replies":[{"embeddable":true,"href":"https:\/\/mehmetekerdisklinigi.com\/de\/wp-json\/wp\/v2\/comments?post=10326"}],"version-history":[{"count":3,"href":"https:\/\/mehmetekerdisklinigi.com\/de\/wp-json\/wp\/v2\/pages\/10326\/revisions"}],"predecessor-version":[{"id":10336,"href":"https:\/\/mehmetekerdisklinigi.com\/de\/wp-json\/wp\/v2\/pages\/10326\/revisions\/10336"}],"wp:featuredmedia":[{"embeddable":true,"href":"https:\/\/mehmetekerdisklinigi.com\/de\/wp-json\/wp\/v2\/media\/10327"}],"wp:attachment":[{"href":"https:\/\/mehmetekerdisklinigi.com\/de\/wp-json\/wp\/v2\/media?parent=10326"}],"curies":[{"name":"wp","href":"https:\/\/api.w.org\/{rel}","templated":true}]}}