{"id":10317,"date":"2023-09-14T12:15:35","date_gmt":"2023-09-14T12:15:35","guid":{"rendered":"https:\/\/mehmetekerdisklinigi.com\/kvkk-aydinlatma-metni\/"},"modified":"2023-09-28T22:44:58","modified_gmt":"2023-09-28T22:44:58","slug":"kvkk-klarstellungstext","status":"publish","type":"page","link":"https:\/\/mehmetekerdisklinigi.com\/de\/kvkk-klarstellungstext\/","title":{"rendered":"KVKK-KLARSTELLUNGSTEXT"},"content":{"rendered":"<div class=\"container\">\n<div class=\"row\">\n<div class=\"col-sm-12\">\n<h2>Informationstext zum Schutz und zur Verarbeitung personenbezogener Daten \u2013 KVKK<\/h2>\n<p>Als Private Mehmet Eker Dental Clinic (kurz Mehmet Eker und\/oder Mehmet Eker Oral and Dental Health Polyclinic) gem\u00e4\u00df dem \u201eGesetz zum Schutz personenbezogener Daten\u201c Nr. 6698 personenbezogene Daten; Verantwortlichkeit f\u00fcr Erhebung, Verwendungszweck, Verarbeitung, \u00dcbermittlung, Speicherdauer und Datenschutz- und Datenschutzma\u00dfnahmen im Rahmen der KVKK und des Sekund\u00e4rrechts.<br \/>\nEs f\u00fchrt aus. Zu diesem Zweck treffen wir Sicherheitsma\u00dfnahmen und informieren Sie \u00fcber Ihre Rechte.<br \/>\nWir legen gro\u00dfen Wert auf die Sicherheit Ihrer pers\u00f6nlichen Daten. Wir bewahren alle Arten personenbezogener Daten, die von unseren Patienten weitergegeben werden, so auf, dass die Privatsph\u00e4re der Patienten gewahrt bleibt, und ergreifen alle erforderlichen technischen und administrativen Ma\u00dfnahmen, um ein angemessenes Ma\u00df an Sicherheit f\u00fcr Ihre personenbezogenen Daten zu gew\u00e4hrleisten.<\/p>\n<p>Basierend auf dem Schreiben des Gesundheitsministeriums, Generaldirektion Gesundheitsinformationssysteme, Nummer 75730711, Zugang zu Gesundheitsdaten.<br \/>\nDiese Informationen zum Schutz personenbezogener Daten, zum Schutz und zur Verarbeitung personenbezogener Daten<br \/>\nIn unserer Richtlinie wird erl\u00e4utert, wie wir Ihre personenbezogenen Daten w\u00e4hrend der Bereitstellung der Dienste erfassen, verwenden, \u00fcbertragen und sch\u00fctzen.<\/p>\n<h3>1. Erhebung, Verarbeitung und Verarbeitungszwecke personenbezogener Daten<\/h3>\n<p>In der Zahnklinik Mehmet Eker verarbeiten und pflegen wir Ihre personenbezogenen Daten im Rahmen der gesetzlichen Bestimmungen des Gesetzes zum Schutz personenbezogener Daten und der Bestimmungen des Sekund\u00e4rrechts. Ihre personenbezogenen Daten werden zum Zweck der Erbringung von Gesundheitsdienstleistungen im gesetzlichen Rahmen erhoben und in diesem Zusammenhang k\u00f6nnen die vertraglichen Verpflichtungen und sonstigen gesetzlichen Verpflichtungen der Mehmet Eker Dental Clinic vollst\u00e4ndig und ordnungsgem\u00e4\u00df erf\u00fcllt werden. Personenbezogene Daten werden abh\u00e4ngig von den erbrachten Gesundheitsdiensten geformt und m\u00fcndlich, schriftlich oder elektronisch mit automatischen oder nichtautomatischen Methoden, \u00fcber Callcenter, Websites, Online-Dienste, WhatsApp und \u00e4hnliche Mittel erfasst.<\/p>\n<h4>Ihre pers\u00f6nlichen Daten;<\/h4>\n<p>Ihr Name, Nachname, TR-ID-Nummer, Passnummer oder vorl\u00e4ufige TR-ID-Nummer, Geburtsort und -datum, Familienstand, Geschlecht, der Inhalt der von unserer Klinik erstellten Patientenakte und andere Identifikationsdaten, anhand derer wir Sie identifizieren k\u00f6nnen; Ihre Finanzdaten wie Ihre Adresse, Telefonnummer, E-Mail-Adresse und andere Kontaktdaten, Zahlungs-, Kreditkarten-, Bankinformationen und Rechnungsinformationen; Audio- und\/oder digitale Informationen, die wir von Zeit zu Zeit auf elektronischem oder nichtelektronischem Wege erhalten; Ihre Video- und\/oder Audiokameraaufzeichnungen, die w\u00e4hrend Ihres Besuchs in unserer Klinik erfasst werden und\/oder erfasst werden k\u00f6nnen; Ihre allgemeinen und besonderen personenbezogenen Daten, insbesondere personenbezogene Gesundheitsdaten, die im Rahmen der Durchf\u00fchrung aller medizinischen Diagnose-, Untersuchungs-, Behandlungs- und Pflegeleistungen erhoben werden; Unsere Klinik verarbeitet Ihre erforderlichen Daten, einschlie\u00dflich, aber nicht beschr\u00e4nkt auf, Ihre privaten Krankenversicherungsdaten und Daten Ihrer Sozialversicherungstr\u00e4ger, Ihre Gesundheits- und Identit\u00e4tsdaten, die Sie \u00fcber unsere Website senden, sowie Ihre Finanzdaten wie Zahlungs- und Rechnungsinformationen.<\/p>\n<p>Auch hier k\u00f6nnen Ihre personenbezogenen Daten verarbeitet werden, wenn Sie unser Callcenter oder unsere Website nutzen, um die Online-Dienste der Mehmet Eker Dental Clinic zu nutzen, wenn Sie an Schulungen, Seminaren oder Organisationen teilnehmen, die von unserer Klinik organisiert werden, oder wenn Sie die Websites besuchen oder durchsuchen.<\/p>\n<p>Ihre personenbezogenen Daten werden im Rahmen der in den Artikeln 5 und 6 des KVK-Gesetzes festgelegten Bedingungen und Zwecke f\u00fcr die Verarbeitung personenbezogener Daten verarbeitet. Ihre besonderen personenbezogenen Daten und allgemeinen personenbezogenen Daten, insbesondere Ihre Gesundheitsdaten, k\u00f6nnen von unserer Klinik zu folgenden Zwecken verarbeitet werden:<\/p>\n<h4>Ihre personenbezogenen Daten, einschlie\u00dflich Ihrer besonderen personenbezogenen Daten;<\/h4>\n<p>&#8211; Erf\u00fcllung unserer gesetzlichen Verpflichtungen aus dem Gesundheitsgrundgesetz Nr. 3359, dem Gesetzesdekret \u00fcber die Organisation und Aufgaben des Gesundheitsministeriums und seiner Tochtergesellschaften, der Privatkrankenhausverordnung, der Verordnung \u00fcber die Verarbeitung und Gew\u00e4hrleistung der Privatsph\u00e4re personenbezogener Gesundheitsdaten und andere relevante Vorschriften, &#8211; Schutz der \u00f6ffentlichen Gesundheit, Bereitstellung von Pr\u00e4ventivmedizin, medizinischer Diagnose, Behandlung und Pflegediensten,<br \/>\n&#8211; Gesundheitsdienste und Finanzplanung,<br \/>\n&#8211; Rechnungsstellung f\u00fcr unsere Leistungen,<br \/>\n&#8211; Weitergabe angeforderter Informationen an private Versicherungsunternehmen im Rahmen der Finanzierung von Gesundheitsdienstleistungen,<br \/>\n&#8211; Abschluss einer finanziellen Vereinbarung \u00fcber die Ihnen bereitgestellten Gesundheitsdienstleistungen mit unseren Vertragsinstitutionen;<br \/>\n&#8211; Wenn Sie einen Termin vereinbaren, k\u00f6nnen Sie \u00fcber den Termin informiert werden,<br \/>\n&#8211; Bereitstellung von Kampagnen und Informationen per Nachricht, E-Mail oder auf andere Weise,<br \/>\n&#8211; Planung des internen Betriebs Ihrer Klinik,<br \/>\n&#8211; \u00dcberwachung und Verhinderung von Missbrauch und\/oder nicht autorisierten Transaktionen,<br \/>\n&#8211; Durchf\u00fchrung wissenschaftlicher Forschung,<br \/>\n&#8211; Alle Ihre Fragen und Beschwerden zu unseren Gesundheitsdiensten beantworten zu k\u00f6nnen,<br \/>\n&#8211; Ergreifen aller erforderlichen technischen und administrativen Ma\u00dfnahmen im Rahmen der Datensicherheit der Systeme und Anwendungen unserer Klinik,<br \/>\n&#8211; Analyse Ihrer Nutzung von Gesundheitsdiensten und Speicherung Ihrer Gesundheitsdaten, um die Gesundheitsdienste, die wir Ihnen anbieten, weiterzuentwickeln und zu verbessern, und Aufbewahrung von Informationen \u00fcber Ihre Gesundheitsdaten, die gem\u00e4\u00df den einschl\u00e4gigen Rechtsvorschriften aufbewahrt werden m\u00fcssen,<br \/>\n&#8211; Sie k\u00f6nnen zu \u00e4hnlichen Zwecken verarbeitet werden, einschlie\u00dflich, aber nicht beschr\u00e4nkt auf die Messung der Patientenzufriedenheit.<br \/>\nDar\u00fcber hinaus k\u00f6nnen Ihre personenbezogenen Daten im Rahmen des Gesundheitsgrundgesetzes Nr. 3359, des Gesetzesdekrets Nr. 663 \u00fcber die Organisation und Aufgaben des Gesundheitsministeriums und seiner angeschlossenen Organisationen, des Gesetzes und der Verordnung \u00fcber Privatkrankenh\u00e4user verarbeitet werden. die Verordnung \u00fcber die Verarbeitung personenbezogener Gesundheitsdaten und den Schutz der Privatsph\u00e4re sowie die Vorschriften des Gesundheitsministeriums und andere gesetzliche Bestimmungen. und k\u00f6nnen sowohl in digitalen als auch physischen Umgebungen aufbewahrt werden, indem sie in die physischen Archive und Informationssysteme der Mehmet Eker Dental Clinic \u00fcbertragen werden \/oder unsere Lieferanten. Dar\u00fcber hinaus werden die Daten unserer Klinikmitarbeiter im Rahmen der Verpflichtungen aus dem Arbeitsrecht, der Arbeits- und Sozialversicherungsgesetzgebung und anderen geltenden Rechtsvorschriften von uns oder von nat\u00fcrlichen Personen oder Personen, mit denen wir zusammenarbeiten oder bevollm\u00e4chtigt sind, erhoben. Aus betrieblichen Gr\u00fcnden wie der Steigerung der Mitarbeiterzufriedenheit und der Gew\u00e4hrleistung des Arbeitsschutzes und des Arbeitsfriedens sowie im Rahmen des Weisungsrechts des Arbeitgebers kann die Verarbeitung durch juristische Personen erfolgen.<\/p>\n<h3>2. PERSONEN UND ORGANISATIONEN, AN DIE IHRE PERSONENBEZOGENEN DATEN \u00dcBERMITTELT WERDEN K\u00d6NNEN<\/h3>\n<p>Ihre personenbezogenen Daten im Rahmen des Gesetzes und \u00e4hnlicher Rechtsvorschriften und f\u00fcr die oben genannten Zwecke:<br \/>\n&#8211; Gesundheitsministerium und seine Untereinheiten, Zentren f\u00fcr Familienmedizin,<br \/>\n&#8211; Sozialversicherungsanstalt,<br \/>\n&#8211; Private Versicherungsunternehmen (Kranken-, Renten- und Lebensversicherungen und \u00e4hnliches)<br \/>\n&#8211; Generaldirektion Sicherheit und \u00e4hnliche Strafverfolgungsbeh\u00f6rden,<br \/>\n&#8211; Bev\u00f6lkerungsdirektion,<br \/>\n&#8211; T\u00fcrkischer Apothekerverband,<br \/>\n&#8211; T\u00fcrkische Zahn\u00e4rztekammer,<br \/>\n&#8211; Oberstaatsanw\u00e4lte, Gerichte, Schiedsrichter oder Schiedsrichter in Schiedsverfahren,<br \/>\n&#8211; Labore, Zentren und \u00e4hnliche Dritte, mit denen wir f\u00fcr die medizinische Diagnostik zusammenarbeiten,<br \/>\n&#8211; Ihre bevollm\u00e4chtigten Vertreter,<br \/>\n&#8211; Die Gesundheitseinrichtung, an die der Patient \u00fcberwiesen wird oder an die sich der Patient selbst wendet,<br \/>\n&#8211; Dritte, von denen wir unsere Beratung in Anspruch nehmen, darunter Rechtsanw\u00e4lte, Steuerberater und Wirtschaftspr\u00fcfer,<br \/>\n&#8211; Regulierungs- und Aufsichtsinstitutionen, Beh\u00f6rden<br \/>\n&#8211; Sie k\u00f6nnen im Rahmen der in den Artikeln 8 und 9 der KVKK genannten Bedingungen und Zwecke f\u00fcr die Verarbeitung personenbezogener Daten an unsere Lieferanten, Supportdienstleister und Gesch\u00e4ftspartner sowie andere Dritte weitergegeben werden, deren Dienste wir in Anspruch nehmen oder mit denen wir zusammenarbeiten.<\/p>\n<h3>3. METHODE UND RECHTLICHER GRUND DER ERHEBUNG PERSONENBEZOGENER DATEN<\/h3>\n<p>Ihre personenbezogenen Daten k\u00f6nnen in jeder m\u00fcndlichen, schriftlichen oder elektronischen Umgebung zu den oben genannten Zwecken und zum Zweck der Erbringung von Gesundheitsdienstleistungen innerhalb des festgelegten rechtlichen Rahmens und in diesem Zusammenhang f\u00fcr die Mehmet Eker Dental Clinic zur Erf\u00fcllung ihrer vertraglichen und vertraglichen Verpflichtungen verarbeitet werden Rechtspflichten vollst\u00e4ndig und ordnungsgem\u00e4\u00df nach den Grunds\u00e4tzen der KVKK zu erf\u00fcllen. Die Erhebung erfolgt im Rahmen von<\/p>\n<h3>4. IHRE RECHTE BEZ\u00dcGLICH DES SCHUTZES PERSONENBEZOGENER DATEN<\/h3>\n<ul>\n<li>In Bezug auf Ihre verarbeiteten personenbezogenen Daten gem\u00e4\u00df den gesetzlichen Bestimmungen;<\/li>\n<li>Erfahren Sie, ob personenbezogene Daten verarbeitet werden oder nicht, und fordern Sie Informationen an, wenn personenbezogene Daten verarbeitet wurden.<\/li>\n<li>Auf personenbezogene Gesundheitsdaten zugreifen und diese anfordern, erfahren, zu welchem \u200b\u200bZweck personenbezogene Daten verarbeitet werden und ob sie f\u00fcr den vorgesehenen Zweck verwendet werden,<\/li>\n<li>Kenntnis der Dritten, an die personenbezogene Daten im In- oder Ausland \u00fcbermittelt werden,<\/li>\n<li>Beantragung der Berichtigung personenbezogener Daten, wenn diese unvollst\u00e4ndig oder fehlerhaft verarbeitet sind, Beantragung der L\u00f6schung oder Vernichtung personenbezogener Daten,<\/li>\n<li>Falls personenbezogene Daten unvollst\u00e4ndig oder fehlerhaft verarbeitet wurden, die Berichtigung personenbezogener Daten und\/oder die L\u00f6schung oder Vernichtung personenbezogener Daten zu verlangen und dies den Dritten mitzuteilen, an die personenbezogene Daten \u00fcbermittelt wurden,<\/li>\n<li>Einspruch gegen die Entstehung eines f\u00fcr die Person ung\u00fcnstigen Ergebnisses durch die Analyse der verarbeiteten Daten ausschlie\u00dflich durch automatische Systeme einzulegen,<\/li>\n<li>Im Falle eines Schadens, der auf eine rechtswidrige Verarbeitung personenbezogener Daten zur\u00fcckzuf\u00fchren ist, haben Sie das Recht, Ersatz des Schadens zu verlangen.<\/li>\n<\/ul>\n<p>Die Mehmet Eker Dental Clinic sch\u00fctzt Ihre personenbezogenen Daten gem\u00e4\u00df den gesetzlich vorgeschriebenen Vorschriften. Unsere Klinik hat zum Schutz Ihrer personenbezogenen Daten administrative und technische Sicherheitsma\u00dfnahmen ergriffen und wird diese auch ab sofort beibehalten. Ihre Anfragen im Rahmen des Gesetzes k\u00f6nnen an info@mehmetekerdisklinigi.com gerichtet werden oder indem Sie das Antragsformular in unseren Zentren ausf\u00fcllen und an Merkez Mahallesi, Ba\u011fc\u0131lar Cd senden. Es kann pers\u00f6nlich an die Adresse K\u00f6\u015fem Apt, D: No:15 D:4, 34200 Ba\u011fc\u0131lar\/\u0130stanbul abgegeben oder durch einen Notar geschickt werden.<\/p>\n<\/div>\n<\/div>\n<\/div>\n<div class=\"container\"><\/div>\n","protected":false},"excerpt":{"rendered":"<p>Informationstext zum Schutz und zur Verarbeitung personenbezogener Daten \u2013 KVKK Als Private Mehmet Eker Dental Clinic (kurz Mehmet Eker und\/oder<\/p>\n","protected":false},"author":1,"featured_media":0,"parent":0,"menu_order":0,"comment_status":"closed","ping_status":"closed","template":"","meta":{"footnotes":""},"class_list":["post-10317","page","type-page","status-publish","hentry"],"_links":{"self":[{"href":"https:\/\/mehmetekerdisklinigi.com\/de\/wp-json\/wp\/v2\/pages\/10317","targetHints":{"allow":["GET"]}}],"collection":[{"href":"https:\/\/mehmetekerdisklinigi.com\/de\/wp-json\/wp\/v2\/pages"}],"about":[{"href":"https:\/\/mehmetekerdisklinigi.com\/de\/wp-json\/wp\/v2\/types\/page"}],"author":[{"embeddable":true,"href":"https:\/\/mehmetekerdisklinigi.com\/de\/wp-json\/wp\/v2\/users\/1"}],"replies":[{"embeddable":true,"href":"https:\/\/mehmetekerdisklinigi.com\/de\/wp-json\/wp\/v2\/comments?post=10317"}],"version-history":[{"count":4,"href":"https:\/\/mehmetekerdisklinigi.com\/de\/wp-json\/wp\/v2\/pages\/10317\/revisions"}],"predecessor-version":[{"id":10324,"href":"https:\/\/mehmetekerdisklinigi.com\/de\/wp-json\/wp\/v2\/pages\/10317\/revisions\/10324"}],"wp:attachment":[{"href":"https:\/\/mehmetekerdisklinigi.com\/de\/wp-json\/wp\/v2\/media?parent=10317"}],"curies":[{"name":"wp","href":"https:\/\/api.w.org\/{rel}","templated":true}]}}