{"id":10286,"date":"2021-08-31T12:44:17","date_gmt":"2021-08-31T12:44:17","guid":{"rendered":"https:\/\/mehmetekerdisklinigi.com\/hakkimizda\/"},"modified":"2023-09-28T21:48:35","modified_gmt":"2023-09-28T21:48:35","slug":"ueber-uns","status":"publish","type":"page","link":"https:\/\/mehmetekerdisklinigi.com\/de\/ueber-uns\/","title":{"rendered":"\u00dcber Uns"},"content":{"rendered":"<div class=\"wpb-content-wrapper\"><p>[vc_row][vc_column][vc_column_text woodmart_inline=&#8220;no&#8220; text_larger=&#8220;no&#8220;]<\/p>\n<div class=\"liner-continer\">\n<h2 class=\"woodmart-title-container title wd-font-weight- wd-fontsize-xxl\">\u00dcber Uns<\/h2>\n<\/div>\n<p>[\/vc_column_text][vc_column_text woodmart_inline=&#8220;no&#8220; text_larger=&#8220;no&#8220;]Mehmet Eker Dental Clinic Die 1988 gegr\u00fcndete Mehmet Eker Dental Clinic ist eine Klinik, die nach Exzellenz strebt und seit ihrer Gr\u00fcndung moderne, hochtechnologische und erstklassige zahnmedizinische Dienstleistungen anbietet. Die Mehmet Eker Zahnklinik im europ\u00e4ischen Teil von Istanbul hat ihren Patienten auf der ganzen Welt Tausende von L\u00e4cheln geschenkt, indem sie mit ihrem fachkundigen Personal und ihren sanften H\u00e4nden Spitzenleistungen erbracht hat. Die Mehmet Eker Zahnklinik, die mit dem Slogan und der Mission \u201eUnser Job ist Ihr L\u00e4cheln\u201c an vorderster Front steht,<\/p>\n<p>Mit einem umfassenden Angebot an Zahnbehandlungen ist die Mehmet Eker Dental Clinic zur gefragten Adresse f\u00fcr Patienten aus aller Welt geworden.[\/vc_column_text][vc_single_image image=&#8220;7926&#8243; img_size=&#8220;full&#8220; woodmart_inline=&#8220;no&#8220; parallax_scroll=&#8220;no&#8220;][\/vc_column][\/vc_row]<\/p>\n<\/div>","protected":false},"excerpt":{"rendered":"<p>[vc_row][vc_column][vc_column_text woodmart_inline=&#8220;no&#8220; text_larger=&#8220;no&#8220;] \u00dcber Uns [\/vc_column_text][vc_column_text woodmart_inline=&#8220;no&#8220; text_larger=&#8220;no&#8220;]Mehmet Eker Dental Clinic Die 1988 gegr\u00fcndete Mehmet Eker Dental Clinic ist eine<\/p>\n","protected":false},"author":1,"featured_media":10287,"parent":0,"menu_order":0,"comment_status":"closed","ping_status":"closed","template":"","meta":{"footnotes":""},"class_list":["post-10286","page","type-page","status-publish","has-post-thumbnail","hentry"],"_links":{"self":[{"href":"https:\/\/mehmetekerdisklinigi.com\/de\/wp-json\/wp\/v2\/pages\/10286","targetHints":{"allow":["GET"]}}],"collection":[{"href":"https:\/\/mehmetekerdisklinigi.com\/de\/wp-json\/wp\/v2\/pages"}],"about":[{"href":"https:\/\/mehmetekerdisklinigi.com\/de\/wp-json\/wp\/v2\/types\/page"}],"author":[{"embeddable":true,"href":"https:\/\/mehmetekerdisklinigi.com\/de\/wp-json\/wp\/v2\/users\/1"}],"replies":[{"embeddable":true,"href":"https:\/\/mehmetekerdisklinigi.com\/de\/wp-json\/wp\/v2\/comments?post=10286"}],"version-history":[{"count":3,"href":"https:\/\/mehmetekerdisklinigi.com\/de\/wp-json\/wp\/v2\/pages\/10286\/revisions"}],"predecessor-version":[{"id":10293,"href":"https:\/\/mehmetekerdisklinigi.com\/de\/wp-json\/wp\/v2\/pages\/10286\/revisions\/10293"}],"wp:featuredmedia":[{"embeddable":true,"href":"https:\/\/mehmetekerdisklinigi.com\/de\/wp-json\/wp\/v2\/media\/10287"}],"wp:attachment":[{"href":"https:\/\/mehmetekerdisklinigi.com\/de\/wp-json\/wp\/v2\/media?parent=10286"}],"curies":[{"name":"wp","href":"https:\/\/api.w.org\/{rel}","templated":true}]}}