{"id":10269,"date":"2021-03-30T11:56:02","date_gmt":"2021-03-30T11:56:02","guid":{"rendered":"https:\/\/mehmetekerdisklinigi.com\/estetik-dis-hekimligi\/"},"modified":"2023-09-28T21:41:59","modified_gmt":"2023-09-28T21:41:59","slug":"aesthetic-dentistry","status":"publish","type":"page","link":"https:\/\/mehmetekerdisklinigi.com\/de\/aesthetic-dentistry\/","title":{"rendered":"Aesthetic Dentistry"},"content":{"rendered":"<div class=\"wpb-content-wrapper\"><p>[vc_row][vc_column][vc_column_text woodmart_inline=&#8220;no&#8220; text_larger=&#8220;no&#8220;]\u00c4sthetische Zahnheilkunde ist ein Prozess, der Kunst und Wissenschaft unter den zahnmedizinischen Behandlungsmethoden vereint. Bei diesem Verfahren handelt es sich nicht um eine Behandlungsmethode, sondern um den zahnmedizinischen Behandlungsprozess, der hinsichtlich funktioneller, \u00e4sthetischer und biologischer Aspekte das beste Ergebnis f\u00fcr den Patienten liefert.<\/p>\n<p>Diese Methode, die besonders zur Verbesserung der Mundform und der Qualit\u00e4t des L\u00e4chelns bevorzugt wird, kann auch eine Verbesserung der Funktionalit\u00e4t der Z\u00e4hne beinhalten. In F\u00e4llen wie der Zahnaufhellung handelt es sich um einen Behandlungsprozess, der eher auf die Verbesserung des Aussehens der Z\u00e4hne als auf die Verbesserung der Funktionalit\u00e4t der Z\u00e4hne abzielt.<\/p>\n<h2>\u00c4sthetische Zahnheilkunde ist viel mehr als nur Kosmetik<\/h2>\n<p>Bei der \u00e4sthetischen Zahnheilkunde geht es also um eine individuelle Behandlung. Wir schauen uns Ihr Zahnproblem an und bieten die optimale L\u00f6sung f\u00fcr Ihre Zahngesundheit und -funktion bei gleichzeitiger Erzielung eines sch\u00f6nen und nat\u00fcrlichen Aussehens. Unser Ziel als Zahnklinik Mehmet Eker ist es, Ihre Z\u00e4hne so zu gestalten, wie sie w\u00e4ren, wenn Sie keine Zahnprobleme h\u00e4tten und Ihre Z\u00e4hne und Ihr Zahnfleisch in einem idealen Zustand w\u00e4ren. Dies ist definitiv nicht dasselbe wie kosmetische Zahnheilkunde, bei der das Aussehen Ihrer Z\u00e4hne ver\u00e4ndert wird.<\/p>\n<p>Damit Menschen ein \u00e4sthetisches L\u00e4cheln und Z\u00e4hne haben, findet zun\u00e4chst ein Beurteilungsprozess \u00fcber Kiefer, Mund und Gesichtsstruktur statt. Anschlie\u00dfend wird in der Computerumgebung ein ideales und nat\u00fcrliches Erscheinungsbild erstellt. Auf diese Weise wird dem Patienten das passende Design pr\u00e4sentiert und ein erfolgreicher Behandlungsprozess organisiert. Das wichtigste Detail hierbei ist, dass das angestrebte \u00e4sthetische Bild anhand der sozialen und physischen Merkmale der Menschen bestimmt wird.<\/p>\n<h2>Arten der \u00e4sthetischen Zahnheilkunde<\/h2>\n<p>Die \u00e4sthetische Zahnheilkunde kann verschiedene Arten von Arbeiten umfassen. Einzelheiten zu diesen Verfahren, die zur Begradigung der Z\u00e4hne beitragen:<\/p>\n<ul>\n<li>Fehlen<\/li>\n<li>Krumm<\/li>\n<li>Befleckt<\/li>\n<li>Riss<\/li>\n<li>Gechipt<\/li>\n<\/ul>\n<p>Es umfasst den Prozess der Beseitigung solcher Erkrankungen und der Verbesserung des Aussehens Ihrer Z\u00e4hne. Obwohl es sich um einen Teil des Eingriffs handelt, bei dem es um die Verbesserung des Aussehens oder der Strahlkraft Ihres L\u00e4chelns geht, ist dies nicht das Hauptziel. Das Ziel der \u00e4sthetischen Zahnheilkunde ist die Hervorhebung der nat\u00fcrlichen Gesundheit und Funktion Ihres Mundes.<\/p>\n<p>Der Behandlungsprozess, der sich auf das gesunde Aussehen und die Gesundheit Ihrer Z\u00e4hne konzentriert, wird mit kosmetischen Produkten kombiniert, um ein nat\u00fcrliches, gesundes und langanhaltendes L\u00e4cheln zu erzielen.<\/p>\n<h2>Vorteile der \u00e4sthetischen Zahnheilkunde<\/h2>\n<p>Diese auf einen \u00e4sthetischen Ansatz ausgerichtete Behandlungsmethode umfasst mehr als nur den Aufbau eines perfekten L\u00e4chelns. Eine Reihe wissenschaftlicher Techniken werden mit k\u00fcnstlerischen F\u00e4higkeiten kombiniert, um ein L\u00e4cheln zu erzielen, das sich Ihren nat\u00fcrlichen Merkmalen und Ihrer Pers\u00f6nlichkeit anpasst. Auf diese Weise wird Ihnen geholfen, Ihre Zahngesundheit wiederzuerlangen.<\/p>\n<p>Da der Behandlungsprozess individuell durchgef\u00fchrt wird, kann er in manchen F\u00e4llen mit einem einfachen Eingriff abgeschlossen werden, w\u00e4hrend der Prozess in anderen F\u00e4llen recht anspruchsvoll sein kann. Obwohl es sich um ein sehr einfaches Verfahren handelt, um einer alten und verf\u00e4rbten Zahnstruktur ein nat\u00fcrliches und makelloses Aussehen zu verleihen, kann die Verbesserung des nat\u00fcrlichen Aussehens eines kari\u00f6sen oder besch\u00e4digten Zahns andere Verfahren erfordern.<\/p>\n<h2>\u00c4sthetische Zahnheilkunde ist f\u00fcr jeden anwendbar<\/h2>\n<p>Als Zahnklinik Mehmet Eker sind wir hier, um die Meinung zu \u00e4ndern, dass die Investition in \u00e4sthetische Zahnheilkunde zur Verbesserung des L\u00e4chelns vieler Menschen unn\u00f6tig ist. Die Verbesserung des \u00e4sthetischen Erscheinungsbildes basiert auf der Beseitigung schwerwiegender Probleme, die die Gesundheit Ihres gesamten K\u00f6rpers und Ihrer Z\u00e4hne beeintr\u00e4chtigen k\u00f6nnen.<\/p>\n<p>Die im Rahmen des Eingriffs aufgetragenen Beschichtungen stellen die Form Ihres L\u00e4chelns wieder her und verfeinern seinen Glanz. Auf diese Weise reparieren Zahnimplantate stark besch\u00e4digte und fehlende Z\u00e4hne und verhindern so Erkrankungen wie Knochenschwund und Zahnfleischerkrankungen.<\/p>\n<p>Betrachten Sie \u00e4sthetische Zahnmedizinpraktiken nicht als unerreichbar. Als Zahnklinik Mehmet Eker m\u00f6chten wir zum Ausdruck bringen, dass solche Zahnpflegeprozesse alles sind, was Sie f\u00fcr Ihre Zahngesundheit ben\u00f6tigen. W\u00e4hrend Sie gesunde Z\u00e4hne und gesundes Zahnfleisch haben, verbessert sich zus\u00e4tzlich auch Ihr Zahnbild.<\/p>\n<h2>Was kann man von der \u00e4sthetischen Zahnheilkunde erwarten?<\/h2>\n<p>Die \u00e4sthetische Zahnheilkunde umfasst mehr als nur ein Endergebnis. Sie umfasst die Art der Pflege, die Sie erhalten, und die allgemeine Erfahrung des Zahnarztes. In diesem Sinne verwandeln wir als Mehmet Eker Zahnklinik unser Engagement f\u00fcr die Bereitstellung hochwertiger \u00e4sthetischer Zahnheilkunde in ein moderneres und sorgf\u00e4ltigeres Pflegeverfahren in einer High-Tech-Umgebung.<\/p>\n<p>Unsere Zahn\u00e4rzte werden Sie kennenlernen und sich Ihre Ziele anh\u00f6ren, um Ihnen zu helfen, zu verstehen, wie sich eine bestimmte Behandlung auf Ihre Gesundheit und Ihr L\u00e4cheln auswirkt. Bei allen Behandlungsprozessen steht Ihr Wohlbefinden im Mittelpunkt. Wir verf\u00fcgen \u00fcber eine sterile Umgebung und Sedierungsoptionen, damit Sie sich wohl f\u00fchlen.[\/vc_column_text][\/vc_column][\/vc_row]<\/p>\n<\/div>","protected":false},"excerpt":{"rendered":"<p>[vc_row][vc_column][vc_column_text woodmart_inline=&#8220;no&#8220; text_larger=&#8220;no&#8220;]\u00c4sthetische Zahnheilkunde ist ein Prozess, der Kunst und Wissenschaft unter den zahnmedizinischen Behandlungsmethoden vereint. Bei diesem Verfahren handelt<\/p>\n","protected":false},"author":1,"featured_media":10271,"parent":0,"menu_order":0,"comment_status":"closed","ping_status":"closed","template":"","meta":{"footnotes":""},"class_list":["post-10269","page","type-page","status-publish","has-post-thumbnail","hentry"],"_links":{"self":[{"href":"https:\/\/mehmetekerdisklinigi.com\/de\/wp-json\/wp\/v2\/pages\/10269","targetHints":{"allow":["GET"]}}],"collection":[{"href":"https:\/\/mehmetekerdisklinigi.com\/de\/wp-json\/wp\/v2\/pages"}],"about":[{"href":"https:\/\/mehmetekerdisklinigi.com\/de\/wp-json\/wp\/v2\/types\/page"}],"author":[{"embeddable":true,"href":"https:\/\/mehmetekerdisklinigi.com\/de\/wp-json\/wp\/v2\/users\/1"}],"replies":[{"embeddable":true,"href":"https:\/\/mehmetekerdisklinigi.com\/de\/wp-json\/wp\/v2\/comments?post=10269"}],"version-history":[{"count":3,"href":"https:\/\/mehmetekerdisklinigi.com\/de\/wp-json\/wp\/v2\/pages\/10269\/revisions"}],"predecessor-version":[{"id":10277,"href":"https:\/\/mehmetekerdisklinigi.com\/de\/wp-json\/wp\/v2\/pages\/10269\/revisions\/10277"}],"wp:featuredmedia":[{"embeddable":true,"href":"https:\/\/mehmetekerdisklinigi.com\/de\/wp-json\/wp\/v2\/media\/10271"}],"wp:attachment":[{"href":"https:\/\/mehmetekerdisklinigi.com\/de\/wp-json\/wp\/v2\/media?parent=10269"}],"curies":[{"name":"wp","href":"https:\/\/api.w.org\/{rel}","templated":true}]}}