{"id":10241,"date":"2023-04-25T09:00:08","date_gmt":"2023-04-25T09:00:08","guid":{"rendered":"https:\/\/mehmetekerdisklinigi.com\/dis-koprusu\/"},"modified":"2023-09-28T16:47:25","modified_gmt":"2023-09-28T16:47:25","slug":"zahnbruecke","status":"publish","type":"page","link":"https:\/\/mehmetekerdisklinigi.com\/de\/zahnbruecke\/","title":{"rendered":"Zahnbr\u00fccke"},"content":{"rendered":"<div class=\"wpb-content-wrapper\"><p>[vc_row][vc_column][vc_column_text woodmart_inline=&#8220;no&#8220; text_larger=&#8220;no&#8220;]Um fehlende Z\u00e4hne im Mund zu ersetzen, wird eine Zahnbr\u00fccke angefertigt. Diese Anwendung, die im Rahmen der \u00e4sthetischen Zahnheilkunde liegt, wird von vielen Patienten bevorzugt. Heutzutage werden die besten Ergebnisse mit verschiedenen Anwendungen sowie mit herk\u00f6mmlichen Zahnbr\u00fccken erzielt. Dank der von den Patienten durchgef\u00fchrten Zahnbr\u00fcckenanwendung wird die Zahnbehandlung sowohl im Hinblick auf die Gesundheit als auch auf die \u00c4sthetik durchgef\u00fchrt.<\/p>\n<h2>Was ist eine Zahnbr\u00fccke?<\/h2>\n<p>Im Allgemeinen wird eine Zahnbr\u00fccke angefertigt, um den fehlenden Zahn zu ersetzen. Der fehlende Zahn wird durch Br\u00fccken ersetzt, die auf gesunde Z\u00e4hne rechts und links der leeren L\u00fccke gesetzt werden. Es handelt sich nicht um einen zahn\u00e4rztlichen Eingriff. Rechts und links des fehlenden Zahnbereichs m\u00fcssen gesunde Z\u00e4hne vorhanden sein. Ihr Zahnarzt kann diesen Eingriff durchf\u00fchren, solange er es f\u00fcr Sie f\u00fcr geeignet h\u00e4lt.<\/p>\n<p>Im Vergleich zu Anwendungen wie der Zahnbeschichtung mit Zirkonium umfasst die Wurzelkanalbehandlung verschiedene Phasen. Die Anwendung wird nach zwei oder mehr Sitzungen beendet. Au\u00dferdem sollten Sie wissen, dass es sich nicht um Kinderzahnheilkunde handelt, sondern um eine spezifische Situation f\u00fcr Erwachsene. Dies ist insbesondere bei Zahnverlust aufgrund des zunehmenden Alters notwendig. Es wird durchgef\u00fchrt, um bei Zahnverlust aufgrund von Zahnfleischproblemen ein L\u00e4cheln zu entwerfen.<\/p>\n<h2>Welche Arten von Zahnbr\u00fccken gibt es?<\/h2>\n<p><img loading=\"lazy\" decoding=\"async\" class=\"aligncenter size-full wp-image-8899\" src=\"https:\/\/mehmetekerdisklinigi.com\/wp-content\/uploads\/2023\/04\/dis-koprusu-5.jpg\" alt=\"dis-koprusu\" width=\"640\" height=\"368\" srcset=\"https:\/\/mehmetekerdisklinigi.com\/wp-content\/uploads\/2023\/04\/dis-koprusu-5.jpg 640w, https:\/\/mehmetekerdisklinigi.com\/wp-content\/uploads\/2023\/04\/dis-koprusu-5-300x173.jpg 300w\" sizes=\"auto, (max-width: 640px) 100vw, 640px\" \/><\/p>\n<p>Implantatgest\u00fctzte Br\u00fccken, traditionelle Br\u00fccken und andere&#8230; Es wird in verschiedenen Formen angewendet, um sicherzustellen, dass die Z\u00e4hne st\u00e4rker sind und keine Probleme beim Sprechen und Essen verursachen. Abh\u00e4ngig von der gew\u00e4hlten Methode kommt es bei Br\u00fcckenz\u00e4hnen zu Ver\u00e4nderungen im Stadium. Aber die allgemeinen Phasen werden \u00e4hnlich sein.<\/p>\n<p>Ihr Zahnarzt wird Sie vor der Implantatbehandlung ausf\u00fchrlich zum Thema informieren. Heutzutage werden f\u00fcr die Anbringung von Zahnbr\u00fccken folgende Methoden verwendet:<\/p>\n<h2>A \u2013 Implantatgest\u00fctzte Zahnbr\u00fccke<\/h2>\n<p>Die h\u00e4ufigste Anwendungsmethode sind Implantate. Der Grund hierf\u00fcr besteht darin, Zahnverlust zu verhindern, ohne dass eine Anwendung auf den umliegenden Z\u00e4hnen erforderlich ist. Bei dieser immer weiter verbreiteten Praxis werden Z\u00e4hne in den Kiefer eingesetzt. Bei geeigneter Kieferkonstruktion wird das Fundament in diesem Bereich im Schraubverfahren bearbeitet. Der Antrag wird mit dem Einsetzen dauerhafter k\u00fcnstlicher Z\u00e4hne abgeschlossen.<\/p>\n<h2>B \u2013 Fl\u00fcgelbr\u00fccke<\/h2>\n<p>Das Ziel der Fl\u00fcgelbr\u00fcckenkonstruktion besteht darin, gesunde Z\u00e4hne nicht zu sch\u00e4digen. Unter normalen Umst\u00e4nden werden gesunde Z\u00e4hne verkleinert und Zahnersatz angefertigt. Allerdings besteht bei dieser Praxis eine geringe Wahrscheinlichkeit, dass bereits gesunde Z\u00e4hne gesch\u00e4digt werden.<\/p>\n<p><img loading=\"lazy\" decoding=\"async\" class=\"aligncenter size-full wp-image-8898\" src=\"https:\/\/mehmetekerdisklinigi.com\/wp-content\/uploads\/2023\/04\/dis-koprusu-4.jpg\" alt=\"dis-koprusu\" width=\"640\" height=\"353\" srcset=\"https:\/\/mehmetekerdisklinigi.com\/wp-content\/uploads\/2023\/04\/dis-koprusu-4.jpg 640w, https:\/\/mehmetekerdisklinigi.com\/wp-content\/uploads\/2023\/04\/dis-koprusu-4-300x165.jpg 300w\" sizes=\"auto, (max-width: 640px) 100vw, 640px\" \/><\/p>\n<p>Bei dieser sogenannten Winged-Anwendung erfolgt der Vorgang jedoch durch Kleben. Die R\u00fcckseite gesunder Z\u00e4hne wird aufgeraut. Darauf werden starke und gesundheitsfreundliche Klebstoffe aufgetragen. Zwei Fu\u00dfteile werden als Br\u00fccke auf die R\u00fcckseite des Zahnes geklebt. Die Befestigung des Mittelteils erfolgt durch Kleben im Leerraum.<\/p>\n<h2>C \u2013 Zahngest\u00fctzte Br\u00fccken<\/h2>\n<p>Es wird angewendet, wenn aus irgendeinem Grund ein Zahnbereich fehlt. Rechts und links vom Leerraum m\u00fcssen feste Z\u00e4hne vorhanden sein. Gesunde Z\u00e4hne werden leicht abgefeilt und verkleinert. Nach dem Schrumpfen werden die Beine der Br\u00fccke aufgesetzt und verklebt. Nach der Verklebung ist die Fixierung abgeschlossen und der Patient kann mit der Nutzung seiner Z\u00e4hne beginnen.<\/p>\n<h2>Wie baut man eine Zahnbr\u00fccke?<\/h2>\n<p>Die Bauphase variiert je nach gew\u00e4hlter Methode. Deshalb sind die Prozesse jedes Einzelnen unterschiedlich. Denn jede Methode wird von der Patienten- und Expertenmeinung gepr\u00e4gt. Zahngetragene Br\u00fccken und Fl\u00fcgelbr\u00fccken basieren auf der Klebetechnik. Im Implantatteil werden relativ st\u00e4rkere Br\u00fccken durch Einschrauben in den Kiefer hergestellt.<\/p>\n<h2>Wie lange dauert es, eine Br\u00fccke mit langen Z\u00e4hnen zu bekommen?<\/h2>\n<p>Unabh\u00e4ngig davon, welche Methode gew\u00e4hlt wird, k\u00f6nnen die Eingriffe nicht in einer einzigen Sitzung durchgef\u00fchrt werden. Denn diese Behandlungen ben\u00f6tigen eine gewisse Zeit, um die gew\u00fcnschten Ergebnisse zu erzielen. In der ersten Sitzung erfolgt eine manuelle Kontrolle durch den Zahnarzt. Bei Bedarf werden Wurzelkanalbehandlungen, F\u00fcllungen und Zahnfleischbehandlungen durchgef\u00fchrt.<\/p>\n<p><img loading=\"lazy\" decoding=\"async\" class=\"aligncenter size-full wp-image-8896\" src=\"https:\/\/mehmetekerdisklinigi.com\/wp-content\/uploads\/2023\/04\/dis-koprusu-2.jpg\" alt=\"dis-koprusu\" width=\"640\" height=\"423\" srcset=\"https:\/\/mehmetekerdisklinigi.com\/wp-content\/uploads\/2023\/04\/dis-koprusu-2.jpg 640w, https:\/\/mehmetekerdisklinigi.com\/wp-content\/uploads\/2023\/04\/dis-koprusu-2-300x198.jpg 300w\" sizes=\"auto, (max-width: 640px) 100vw, 640px\" \/><\/p>\n<p>Wenn aufgrund der R\u00f6ntgenaufnahme keine Probleme auftreten, wird der Antrag genehmigt. In der zweiten Sitzung erfolgt je nach Anwendungsfall eine Verschraubung oder eine Reposition der Z\u00e4hne. Es wird eine gewisse Zeit abgewartet, bis sich die Z\u00e4hne daran gew\u00f6hnt haben, um die Mundh\u00f6hle nicht zu belasten. In der dritten Sitzung werden Messungen durchgef\u00fchrt, die Farbe bestimmt und mit der Vorbereitung der Br\u00fccken begonnen. Im Durchschnitt ist der Eingriff in der dritten oder vierten Sitzung abgeschlossen.<\/p>\n<h2>Wie lange h\u00e4lt ein Br\u00fcckenzahn?<\/h2>\n<p>Bei richtiger Zahnbr\u00fcckenpflege halten die Anwendungen ein Leben lang. Es wird nicht in kurzer Zeit besch\u00e4digt und andere Z\u00e4hne werden durch die Situation nicht beeintr\u00e4chtigt. Bei der Anfertigung einer zahngest\u00fctzten Br\u00fccke muss besonders auf die Pflege gesunder Z\u00e4hne geachtet werden. Somit kommt es bei anderen Z\u00e4hnen nicht zu Karies oder Verlust. Im Durchschnitt betr\u00e4gt die Lebensdauer mindestens 10-15 Jahre.<\/p>\n<h2>Ist das Erscheinungsbild von Br\u00fcckenz\u00e4hnen von au\u00dfen erkennbar?<\/h2>\n<p>Solange Sie den Eingriff in der richtigen Zahnklinik durchf\u00fchren lassen, wird er eine v\u00f6llig nat\u00fcrliche Struktur haben. Nat\u00fcrlich ist auch die Farbwahl wichtig. Da die Br\u00fccke in einer Farbe angefertigt wird, die Ihren anderen Z\u00e4hnen \u00e4hnelt, f\u00e4llt sie von au\u00dfen nicht auf. Dadurch kann ein sehr nat\u00fcrliches L\u00e4chelndesign erreicht werden.<\/p>\n<h2>Worauf sollten diejenigen achten, die sich Zahnbr\u00fccken anfertigen lassen?<\/h2>\n<p>Nachdem Zahn\u00e4rzte eine Zahnbr\u00fccke angefertigt haben, m\u00fcssen die Patienten aktiver in den Prozess eingebunden werden. Je aktiver er ist und auf seine Pflege achtet, desto mehr steigt seine Zufriedenheit. Nach einer Zahnbr\u00fcckenbehandlung m\u00fcssen Patienten besonders auf die Zahnreinigung achten.<\/p>\n<div id=\"attachment_8895\" style=\"width: 650px\" class=\"wp-caption aligncenter\"><img loading=\"lazy\" decoding=\"async\" aria-describedby=\"caption-attachment-8895\" class=\"size-full wp-image-8895\" src=\"https:\/\/mehmetekerdisklinigi.com\/wp-content\/uploads\/2023\/04\/dis-koprusu-1.jpg\" alt=\"dis-koprusu\" width=\"640\" height=\"480\" srcset=\"https:\/\/mehmetekerdisklinigi.com\/wp-content\/uploads\/2023\/04\/dis-koprusu-1.jpg 640w, https:\/\/mehmetekerdisklinigi.com\/wp-content\/uploads\/2023\/04\/dis-koprusu-1-300x225.jpg 300w\" sizes=\"auto, (max-width: 640px) 100vw, 640px\" \/><p id=\"caption-attachment-8895\" class=\"wp-caption-text\">Zahnbr\u00fccke<\/p><\/div>\n<p>&nbsp;<\/p>\n<p>Die Z\u00e4hne sollten mindestens zweimal t\u00e4glich geputzt werden. Bei diesem Z\u00e4hneputzen sollten spezielle, zum Bonden geeignete Zahnpasten verwendet werden. Dabei gilt es vor allem zu verhindern, dass die Klebemittel besch\u00e4digt werden und das Zahnfleisch gesch\u00e4digt wird. Es sollte auch ber\u00fccksichtigt werden, dass Gurgeln notwendig ist, um eine Ansammlung an den unteren Teilen der Z\u00e4hne zu verhindern.<\/p>\n<h2>Wer sollte eine Zahnbr\u00fccke haben?<\/h2>\n<p>Bei bestimmten Beschwerden besteht f\u00fcr Patienten die M\u00f6glichkeit einer Zahnbr\u00fccke. F\u00fcr diese Behandlung m\u00fcssen Patienten fehlende Z\u00e4hne haben. Sie wird sowohl bei gesunden Z\u00e4hnen als auch bei zahnlosen Stellen durchgef\u00fchrt. Andererseits d\u00fcrfen Patienten keine Probleme mit ihrem Zahnfleisch und ihrer Kieferstruktur haben. Andernfalls kann eine Zahnbr\u00fcckenbehandlung nicht von Zahn\u00e4rzten durchgef\u00fchrt werden.<\/p>\n<h2>Wie viel kosten Zahnbr\u00fccken?<\/h2>\n<p>Der Einbau einer Zahnbr\u00fccke wird vom Fachzahnarzt Mehmet Eker und seinem Team durchgef\u00fchrt. In unserer Klinik erhalten Sie alle Leistungen, die Sie f\u00fcr Ihre Zahngesundheit ben\u00f6tigen. Vor dem Eingriff werden die Geb\u00fchren f\u00fcr die Zahnbr\u00fccke erfragt. Sie k\u00f6nnen uns kontaktieren, um die aktuellsten Preise zu erhalten, oder unsere Klinik besuchen, indem Sie einen Termin vereinbaren.[\/vc_column_text][\/vc_column][\/vc_row]<\/p>\n<\/div>","protected":false},"excerpt":{"rendered":"<p>[vc_row][vc_column][vc_column_text woodmart_inline=&#8220;no&#8220; text_larger=&#8220;no&#8220;]Um fehlende Z\u00e4hne im Mund zu ersetzen, wird eine Zahnbr\u00fccke angefertigt. Diese Anwendung, die im Rahmen der \u00e4sthetischen<\/p>\n","protected":false},"author":1,"featured_media":10243,"parent":0,"menu_order":0,"comment_status":"closed","ping_status":"closed","template":"","meta":{"footnotes":""},"class_list":["post-10241","page","type-page","status-publish","has-post-thumbnail","hentry"],"_links":{"self":[{"href":"https:\/\/mehmetekerdisklinigi.com\/de\/wp-json\/wp\/v2\/pages\/10241","targetHints":{"allow":["GET"]}}],"collection":[{"href":"https:\/\/mehmetekerdisklinigi.com\/de\/wp-json\/wp\/v2\/pages"}],"about":[{"href":"https:\/\/mehmetekerdisklinigi.com\/de\/wp-json\/wp\/v2\/types\/page"}],"author":[{"embeddable":true,"href":"https:\/\/mehmetekerdisklinigi.com\/de\/wp-json\/wp\/v2\/users\/1"}],"replies":[{"embeddable":true,"href":"https:\/\/mehmetekerdisklinigi.com\/de\/wp-json\/wp\/v2\/comments?post=10241"}],"version-history":[{"count":3,"href":"https:\/\/mehmetekerdisklinigi.com\/de\/wp-json\/wp\/v2\/pages\/10241\/revisions"}],"predecessor-version":[{"id":10249,"href":"https:\/\/mehmetekerdisklinigi.com\/de\/wp-json\/wp\/v2\/pages\/10241\/revisions\/10249"}],"wp:featuredmedia":[{"embeddable":true,"href":"https:\/\/mehmetekerdisklinigi.com\/de\/wp-json\/wp\/v2\/media\/10243"}],"wp:attachment":[{"href":"https:\/\/mehmetekerdisklinigi.com\/de\/wp-json\/wp\/v2\/media?parent=10241"}],"curies":[{"name":"wp","href":"https:\/\/api.w.org\/{rel}","templated":true}]}}