{"id":10223,"date":"2023-05-10T13:30:30","date_gmt":"2023-05-10T10:30:30","guid":{"rendered":"https:\/\/mehmetekerdisklinigi.com\/dis-eti-estetigi\/"},"modified":"2023-09-28T16:14:40","modified_gmt":"2023-09-28T16:14:40","slug":"zahnfleischaesthetik","status":"publish","type":"page","link":"https:\/\/mehmetekerdisklinigi.com\/de\/zahnfleischaesthetik\/","title":{"rendered":"Zahnfleisch\u00e4sthetik"},"content":{"rendered":"<div class=\"wpb-content-wrapper\"><p>[vc_row][vc_column][vc_column_text woodmart_inline=&#8220;no&#8220; text_larger=&#8220;no&#8220;]Die Zahnfleisch\u00e4sthetik umfasst einen Behandlungsprozess, der als Korrektur asymmetrischer St\u00f6rungen und Rezessionen im Zahnfleisch bekannt ist. Es wird sichergestellt, dass Z\u00e4hne und Zahnfleisch den geforderten Standards entsprechen.<\/p>\n<p>Zahnfleisch\u00e4sthetik kann bei Menschen jeden Alters sowie bei Menschen angewendet werden, deren Zahnfleisch und Struktur f\u00fcr eine Behandlung geeignet sind. Zahnfleisch, das sich negativ auf das soziale Leben auswirkt und beim L\u00e4cheln oder Sprechen ein schlechtes Aussehen zeigt, f\u00fchrt dazu, dass sich Patienten mit Beschwerden \u00fcber dieses Problem an zahnfleisch\u00e4sthetische Anwendungen wenden.<\/p>\n<h2>Was ist Zahnfleisch\u00e4sthetik? Was bedeutet rosa \u00c4sthetik?<\/h2>\n<p>Zahnfleisch\u00e4sthetik, auch rosafarbene \u00c4sthetik genannt; Dies sind alles Verfahren, die zur Korrektur von Zahnfleischdeformit\u00e4ten und -r\u00fcckg\u00e4ngen durchgef\u00fchrt werden. Dies bedeutet, dass die Zahnfleischstandards die ideale Farbe und Gr\u00f6\u00dfe behalten. Manchmal sind wei\u00dfe Z\u00e4hne nicht die einzige M\u00f6glichkeit f\u00fcr ein \u00e4sthetisches L\u00e4cheln. F\u00fcr ein perfektes digitales L\u00e4chelndesign muss das Zahnfleisch die gew\u00fcnschte Struktur aufweisen.<\/p>\n<div id=\"attachment_8942\" style=\"width: 650px\" class=\"wp-caption aligncenter\"><img loading=\"lazy\" decoding=\"async\" aria-describedby=\"caption-attachment-8942\" class=\"size-full wp-image-8942\" src=\"https:\/\/mehmetekerdisklinigi.com\/wp-content\/uploads\/2023\/05\/dis-eti-estetigi-1.jpg\" alt=\"dis-eti-estetigi\" width=\"640\" height=\"462\" srcset=\"https:\/\/mehmetekerdisklinigi.com\/wp-content\/uploads\/2023\/05\/dis-eti-estetigi-1.jpg 640w, https:\/\/mehmetekerdisklinigi.com\/wp-content\/uploads\/2023\/05\/dis-eti-estetigi-1-300x217.jpg 300w\" sizes=\"auto, (max-width: 640px) 100vw, 640px\" \/><p id=\"caption-attachment-8942\" class=\"wp-caption-text\">Zahnfleisch\u00e4sthetik<\/p><\/div>\n<p>An diesem Punkt k\u00f6nnen Sie rosa \u00c4sthetik kennenlernen. F\u00fcr ein strahlendes L\u00e4cheln; In den letzten Jahren ist es eine der am meisten bevorzugten Behandlungen sowohl von M\u00e4nnern als auch von Frauen. Wenn Ihr Zahnfleisch beim L\u00e4cheln sichtbar ist; Mit einem komfortablen und bedenkenlosen Behandlungsablauf k\u00f6nnen auch Sie ein strahlendes L\u00e4cheln haben.<\/p>\n<h2>Wie erfolgt die Zahnfleisch\u00e4sthetik-Behandlung?<\/h2>\n<p>Bei der Zahnfleisch\u00e4sthetikbehandlung wird die anzuwendende Behandlungsmethode nach der Kontrolle des Zahnarztes festgelegt. Es gibt Behandlungsmethoden, die meist Laseranwendungen umfassen, um sowohl die \u00e4sthetischen Bedenken des Patienten auszur\u00e4umen als auch sicherzustellen, dass die Z\u00e4hne und die Mundstruktur die Standardgr\u00f6\u00dfen haben.<\/p>\n<p>Die Behandlungsmethoden f\u00fcr die Zahnfleisch\u00e4sthetik werden entsprechend den Bed\u00fcrfnissen des Patienten festgelegt. Allgemein verwendete Methoden sind wie folgt aufgef\u00fchrt:<\/p>\n<ul>\n<li>Regenerativ: Mit dieser Methode ist es m\u00f6glich, gesch\u00e4digtes Gewebe zu reparieren.<\/li>\n<li>Gingivektomie: Sie ist eine h\u00e4ufig bevorzugte Methode und wird bei Zahnfleischvergr\u00f6\u00dferungen eingesetzt.<\/li>\n<li>Gingivoplastik: Eine weitere h\u00e4ufig bevorzugte Behandlungsmethode ist die Korrektur \u00fcberm\u00e4\u00dfig sichtbarer Zahnfleischanteile.<\/li>\n<li>Die Kronenverl\u00e4ngerung ist eine Behandlungsmethode, die den Gewebeverlust an den Z\u00e4hnen korrigiert.<\/li>\n<\/ul>\n<p>Zus\u00e4tzlich zu den oben genannten Verfahren k\u00f6nnen je nach Zahn- und Mundstruktur des Patienten unterschiedliche Anwendungen durchgef\u00fchrt werden. Daher ist die Untersuchung durch den Zahnarzt \u00e4u\u00dferst wichtig.<\/p>\n<h2>Wie ist der Ablauf vor und nach der Zahnfleisch\u00e4sthetik?<\/h2>\n<p>Bei Zahnfleischproblemen suchen Sie umgehend einen Arzt auf. Wenn Sie die Vorher-Nachher-Informationen zur Zahnfleisch\u00e4sthetik lesen, werden Sie feststellen, wie angenehm die Operation ist. All die Zweifel in dir; Sie k\u00f6nnen den Fehler beheben, indem Sie die Informationen zum Vorgang lesen.<\/p>\n<p>Zahnfleischvoroperation: Nach der Untersuchung werden das Zahnfleischproblem und die Behandlungsmethode entsprechend der Beschwerde des Patienten festgelegt. Vor der rosafarbenen \u00c4sthetik werden wichtige Probleme im Zusammenhang mit Mund und Z\u00e4hnen beseitigt. Beim zweiten Termin danach mit den notwendigen Methoden; Um ein \u00e4sthetisches Erscheinungsbild zu erhalten, beginnt der Behandlungsprozess. Welche personalisierten Behandlungsmethoden gibt es?<\/p>\n<table width=\"524\">\n<tbody>\n<tr>\n<td width=\"203\">Regenerative Behandlungsmethode<\/td>\n<td width=\"321\">Es handelt sich um eine Behandlungsmethode zur Reparatur von durch Zahnfleischprobleme gesch\u00e4digtem Gewebe.<\/td>\n<\/tr>\n<tr>\n<td width=\"203\">Behandlungsmethode der Gingivektomie<\/td>\n<td width=\"321\">Es handelt sich um eine Behandlungsmethode zur Zahnfleischvergr\u00f6\u00dferung und Vertiefung der Zahnzwischenr\u00e4ume.<\/td>\n<\/tr>\n<tr>\n<td width=\"203\">Behandlungsmethode der Gingivoplastik<\/td>\n<td width=\"321\">Es handelt sich um die Methode, die bei Problemen mit der Zahnfleischasymmetrie eingesetzt wird.<\/td>\n<\/tr>\n<tr>\n<td width=\"203\">Behandlungsmethode zur Kronenverl\u00e4ngerung<\/td>\n<td width=\"321\">Wie erfolgt die Zahn\u00e4sthetik? Am Punkt; Ziel ist es, das Zahnfleisch an kurzen Z\u00e4hnen zu beschneiden und diese zu verl\u00e4ngern. Der Knochen wird neu geformt und der Zahn wird l\u00e4nger und ges\u00fcnder.<\/td>\n<\/tr>\n<tr>\n<td width=\"203\">Behandlungsmethode f\u00fcr das Zahnfleischl\u00e4cheln<\/td>\n<td width=\"321\">Es handelt sich um die Behandlung, die angewendet wird, wenn beim L\u00e4cheln Zahnfleisch sichtbar wird. In F\u00e4llen, in denen dies nicht ausreicht, kann durch Lippenkorrektur ein \u00e4sthetisches L\u00e4cheln erzielt werden. Die Mehrheit der Prominenten, die sich eine Zahnfleisch\u00e4sthetik w\u00fcnschen, bevorzugen im Allgemeinen diese Methode.<\/td>\n<\/tr>\n<tr>\n<td width=\"203\">Methode zur Lappenbehandlung<\/td>\n<td width=\"321\">Es wird bei fortgeschrittenen Zahnfleischproblemen angewendet. Es hilft bei der Beseitigung von Erkrankungen wie Zahnfleischbluten, Verf\u00e4rbungen und Entz\u00fcndungen.<\/td>\n<\/tr>\n<tr>\n<td width=\"203\">K\u00fcrettage-Behandlungsmethode<\/td>\n<td width=\"321\">Es handelt sich um die Methode bei mittelschweren Zahnfleischerkrankungen.<\/td>\n<\/tr>\n<\/tbody>\n<\/table>\n<p>Nach einer Zahnfleischoperation: Nach \u00f6rtlicher Bet\u00e4ubung sind keine Schmerzen zu sp\u00fcren. Aber nur f\u00fcr den Fall; Nach der Operation k\u00f6nnen Sie vom Arzt verordnete Schmerzmittel einnehmen. Normalerweise nach der Behandlung; Da es sich um ein schnelles und laserbasiertes Verfahren handelt, ist es ein blutungsfreier Prozess. Die Erholungsphase dauert 10 \u2013 14 Tage oder bis zu einem Monat.<\/p>\n<p>Wie l\u00e4uft der Wiederherstellungsprozess der Zahnfleisch\u00e4sthetik ab?<\/p>\n<p><strong><img loading=\"lazy\" decoding=\"async\" class=\"aligncenter size-full wp-image-8943\" src=\"https:\/\/mehmetekerdisklinigi.com\/wp-content\/uploads\/2023\/05\/dis-eti-estetigi-2.jpg\" alt=\"dis-eti-estetigi\" width=\"640\" height=\"426\" srcset=\"https:\/\/mehmetekerdisklinigi.com\/wp-content\/uploads\/2023\/05\/dis-eti-estetigi-2.jpg 640w, https:\/\/mehmetekerdisklinigi.com\/wp-content\/uploads\/2023\/05\/dis-eti-estetigi-2-300x200.jpg 300w\" sizes=\"auto, (max-width: 640px) 100vw, 640px\" \/><\/strong><\/p>\n<p>Zahnfleisch\u00e4sthetik ist eine Behandlung, die unter \u00f6rtlicher Bet\u00e4ubung durchgef\u00fchrt wird. Dadurch entsteht w\u00e4hrend des Eingriffs kein Schmerzempfinden. Nach dem Eingriff werden vom Zahnarzt verabreichte Schmerzmittel eingesetzt, um eventuelle Folgeschmerzen zu lindern.<\/p>\n<p>Da der Behandlungsprozess in der Regel mit Laseranwendungsmethoden erfolgt, kommt es zu keiner Blutung. Aus diesem Grund gibt es einen viel schnelleren Wiederherstellungsprozess. Im Durchschnitt dauert der Heilungsprozess des Zahnfleisches zehn bis vierzehn Tage. Am Ende dieses Zeitraums ist eine vollst\u00e4ndige Genesung erreicht.<\/p>\n<h2>Wer bekommt Zahnfleisch\u00e4sthetik?<\/h2>\n<p>Die Zahn\u00e4sthetik, auch Pink-\u00c4sthetik genannt, eignet sich f\u00fcr alle, die unter Zahnfleischproblemen leiden. Auch wenn kein gesundheitliches Problem vorliegt; Hierzu z\u00e4hlen auch psychisch gest\u00f6rte Personen. Problematische Zahnfleischerkrankungen sind weit entfernt von \u00e4sthetischem Erscheinungsbild. In welchen F\u00e4llen wird die rosafarbene \u00c4sthetik durchgef\u00fchrt und f\u00fcr wen ist sie geeignet?<\/p>\n<ul>\n<li>Patienten mit sehr sichtbarem Zahnfleisch<\/li>\n<li>Menschen, deren Zahnfleisch teilweise zu hoch ist<\/li>\n<li>Menschen mit gro\u00dfen Zahnzwischenr\u00e4umen<\/li>\n<li>Menschen, deren Zahnfleisch infiziert, entz\u00fcndet und geschwollen ist<\/li>\n<li>Menschen, deren Zahnfleisch sich verf\u00e4rbt hat<\/li>\n<li>Menschen mit einem Gummil\u00e4cheln<\/li>\n<li>Menschen mit Zahnfleischvergr\u00f6\u00dferung<\/li>\n<li>Wer kann keine rosa \u00c4sthetik haben?<\/li>\n<\/ul>\n<p>W\u00e4hrend der Schwangerschaft; Der Glaube, dass dadurch Probleme im Zusammenhang mit Z\u00e4hnen und Zahnfleisch beseitigt werden, ist nicht wahr. Mit anderen Worten, hormonelle Ungleichgewichte w\u00e4hrend der Schwangerschaft; Es kann Zahnfleischentz\u00fcndungen ausl\u00f6sen und eine Fr\u00fchgeburt verursachen. Aus diesem Grund sollten Sie sich in diesem Zeitraum keiner rosafarbenen Operation unterziehen. Dar\u00fcber hinaus gibt es zwar keine Altersgrenze; Rosa \u00c4sthetik ist f\u00fcr Personen unter 17 Jahren nicht geeignet.<\/p>\n<p>Eine weitere Gruppe, die sich keiner Zahnfleischoperation unterziehen sollte, ist die Gruppe, die eine Gingivitis- und Zahnsteinreinigung ben\u00f6tigt. Zun\u00e4chst sollten Mund- und Zahngesundheitsprobleme behoben und anschlie\u00dfend eine rosafarbene \u00c4sthetik durchgef\u00fchrt werden.<\/p>\n<h2>Vorteile der Zahnfleisch\u00e4sthetik<\/h2>\n<p><strong><img loading=\"lazy\" decoding=\"async\" class=\"aligncenter size-full wp-image-8944\" src=\"https:\/\/mehmetekerdisklinigi.com\/wp-content\/uploads\/2023\/05\/dis-eti-estetigi-3.jpg\" alt=\"dis-eti-estetigi\" width=\"640\" height=\"426\" srcset=\"https:\/\/mehmetekerdisklinigi.com\/wp-content\/uploads\/2023\/05\/dis-eti-estetigi-3.jpg 640w, https:\/\/mehmetekerdisklinigi.com\/wp-content\/uploads\/2023\/05\/dis-eti-estetigi-3-300x200.jpg 300w\" sizes=\"auto, (max-width: 640px) 100vw, 640px\" \/><\/strong><\/p>\n<p>Es gibt viele Vorteile einer Zahnfleisch\u00e4sthetik. Erstens kann es zu Zahnverlust aufgrund einer Verschlechterung der Zahnstruktur kommen. Daher ist die Behandlung von Zahnfleischerkrankungen \u00e4u\u00dferst wichtig. Neben \u00e4sthetischen Bedenken beugt die Zahnfleisch\u00e4sthetik auch der Entstehung von Zahninfektionen vor. Es wird sichergestellt, dass die Z\u00e4hne richtig ausgerichtet sind und das Zahngewebe ges\u00fcnder ist. Probleme wie Zahnfleischbluten und wunde Stellen im Mund werden beseitigt. Schlie\u00dflich wird der Patient von allen \u00e4sthetischen Bedenken befreit.<\/p>\n<h2>Ist Zahnfleisch\u00e4sthetik sch\u00e4dlich?<\/h2>\n<p>Zahnfleisch\u00e4sthetik schadet weder den Z\u00e4hnen noch dem Zahnfleisch, wenn sie richtig durchgef\u00fchrt wird. Aus diesem Grund kann die Zahnfleisch\u00e4sthetik problemlos und ohne Bedenken durchgef\u00fchrt werden. Auf diese Weise k\u00f6nnen Patienten das gew\u00fcnschte L\u00e4cheln erhalten.<\/p>\n<p>Zus\u00e4tzlich zu den Vorteilen wie der Verhinderung von Zahnverlust, einer idealen Zahnfleischl\u00e4nge, der Behandlung etwaiger Entz\u00fcndungen und der Beseitigung \u00e4sthetischer Probleme zeigt sich, dass Zahnfleisch\u00e4sthetik eher vorteilhaft als sch\u00e4dlich ist.<\/p>\n<h2>Worauf sollte man beim Zahnfleischschneiden achten?<\/h2>\n<p>Nach einer Zahnfleischoperation; Sie k\u00f6nnen den Heilungsprozess beschleunigen, indem Sie bestimmte Regeln beachten. Schauen Sie sich diese Punkte an, auf die Sie nach der rosafarbenen \u00c4sthetik achten sollten:<\/p>\n<ul>\n<li>Nach einer Zahnfleischoperation kann es zu Blutungen kommen, die einen Tag lang anhalten. Achten Sie jedoch darauf, keine aspirin\u00e4hnlichen, blutungsverst\u00e4rkenden und verd\u00fcnnenden Medikamente einzunehmen.<\/li>\n<li>Vermeiden Sie nach der Operation extrem kalte oder sehr hei\u00dfe Mahlzeiten. Achten Sie darauf, Ihren Mund und Ihre Z\u00e4hne nach jeder Mahlzeit zu reinigen.<\/li>\n<li>Halten Sie sich an die von Ihrem Arzt f\u00fcr notwendig erachtete Medikamentenliste und nehmen Sie diese regelm\u00e4\u00dfig ein.<br \/>\nAuf Anraten Ihres Arztes; Putzen Sie Ihr Zahnfleisch regelm\u00e4\u00dfig mit einer weichen Zahnb\u00fcrste. Seien Sie auch vorsichtig bei der Verwendung von Zahnseide.<\/li>\n<li>Ihr Zahnfleisch; Wenn Sie diese Regeln befolgen, wird es innerhalb eines Monats besser. Es dauert jedoch etwa 2 \u2013 3 Monate, bis es die gew\u00fcnschte Form annimmt. Machen Sie sich in diesem Fall keine Sorgen. Wenn Ihr Zahn au\u00dferdem \u00fcber eine Krone oder Br\u00fccke verf\u00fcgt, muss dieser ebenfalls ersetzt werden.<\/li>\n<\/ul>\n<h2>Ist Zahnfleischschneiden sch\u00e4dlich?<\/h2>\n<p><img loading=\"lazy\" decoding=\"async\" class=\"aligncenter size-full wp-image-8945\" src=\"https:\/\/mehmetekerdisklinigi.com\/wp-content\/uploads\/2023\/05\/dis-eti-estetigi-4.jpg\" alt=\"dis-eti-estetigi\" width=\"640\" height=\"421\" srcset=\"https:\/\/mehmetekerdisklinigi.com\/wp-content\/uploads\/2023\/05\/dis-eti-estetigi-4.jpg 640w, https:\/\/mehmetekerdisklinigi.com\/wp-content\/uploads\/2023\/05\/dis-eti-estetigi-4-300x197.jpg 300w\" sizes=\"auto, (max-width: 640px) 100vw, 640px\" \/><\/p>\n<p>Wenn es mit den richtigen Methoden und Materialien durchgef\u00fchrt wird, werden Sie feststellen, dass weder Ihre Z\u00e4hne noch Ihr Zahnfleisch Schaden nehmen. Sie k\u00f6nnen problemlos in den Behandlungsprozess einsteigen, ohne Zweifel an diesem Thema zu haben. Auch wenn die Zahnfleisch\u00e4sthetik keinen Schaden anrichtet, hat sie doch viele positive Aspekte. Wenn alle diese Vorteile gesehen werden; Sie werden auch verstehen, dass es mehr n\u00fctzt als schadet.<\/p>\n<ul>\n<li>Es l\u00f6st weitgehend das Problem des Zahnverlustes.<\/li>\n<li>Zahnfleisch und Zahnl\u00e4ngenstruktur werden ausgeglichen.<\/li>\n<li>Liegt eine Zahnfleischentz\u00fcndung vor, wird diese in diesem Verfahren behandelt.<\/li>\n<li>Durch die Vorbeugung von \u00e4sthetischen Bedenken, Selbstvertrauen und L\u00e4chelnsproblemen; Man erkennt deutlich den psychologischen Vorteil, der das Wichtigste ist.<\/li>\n<li>Das Gewebe, das die Z\u00e4hne st\u00fctzt, nimmt eine ges\u00fcndere Form an.<\/li>\n<\/ul>\n<h2>Ist Zahnfleisch\u00e4sthetik dauerhaft?<\/h2>\n<p>Zahnfleisch\u00e4sthetik erzielt dauerhafte Ergebnisse, wenn die richtigen Behandlungsmethoden angewendet werden. Zun\u00e4chst werden die Bed\u00fcrfnisse des Zahnfleisches ermittelt und entsprechend mit der Behandlung begonnen. Nach der Behandlungsplanung beginnt die Umsetzung.<\/p>\n<p>Egal welche Behandlungsmethode angewendet wird, die Zahnfleisch\u00e4sthetik ist dauerhaft. Auf diese Weise erh\u00e4lt der Patient ein deutlich \u00e4sthetisch sch\u00f6neres L\u00e4cheln. Nach all dieser Behandlung darf die Mund- und Zahngesundheit jedoch nicht vernachl\u00e4ssigt werden und es ist Vorsicht geboten. Aus diesem Grund sollte man regelm\u00e4\u00dfig zum Zahnarzt gehen und Wert auf Z\u00e4hneputzen und Zahnseide legen. Dank all dieser Sorgfalt wird ein Schutz vor Zahnfleischerkrankungen gew\u00e4hrleistet.<\/p>\n<h2>Sollte die Zahnfleisch\u00e4sthetik in einem staatlichen Krankenhaus oder einer Privatklinik durchgef\u00fchrt werden?<\/h2>\n<p>Wenn es um rosafarbene \u00c4sthetik geht, m\u00fcssen Sie m\u00f6glicherweise den Ort ausw\u00e4hlen, der am besten zu Ihrem Budget und Ihren Lebensbedingungen passt. In \u00f6ffentlichen Krankenh\u00e4usern; In letzter Zeit wird begonnen, viele Zahnprobleme auf dem Gebiet der \u00c4sthetik zu l\u00f6sen, einschlie\u00dflich der Zahnaufhellung. Entscheidend ist nicht der Zustand im Krankenhaus, sondern die Wahl des Qualit\u00e4tsger\u00e4tes und Arztes.<\/p>\n<p><img loading=\"lazy\" decoding=\"async\" class=\"aligncenter size-full wp-image-8946\" src=\"https:\/\/mehmetekerdisklinigi.com\/wp-content\/uploads\/2023\/05\/dis-eti-estetigi-5.jpg\" alt=\"dis-eti-estetigi\" width=\"640\" height=\"421\" srcset=\"https:\/\/mehmetekerdisklinigi.com\/wp-content\/uploads\/2023\/05\/dis-eti-estetigi-5.jpg 640w, https:\/\/mehmetekerdisklinigi.com\/wp-content\/uploads\/2023\/05\/dis-eti-estetigi-5-300x197.jpg 300w\" sizes=\"auto, (max-width: 640px) 100vw, 640px\" \/>B\u00fct\u00e7eniz uygunsa ve zamandan tasarruf etmek istiyorsan\u0131z da; estetik di\u015f hekimli\u011fi konusunda, \u00f6zel kliniklere y\u00f6nelebilirsiniz. <strong>Di\u015f eti esteti\u011fi yapt\u0131ranlar<\/strong> yorumlar\u0131ndan hareketle; Mehmet Eker Klini\u011fi&#8217;nden randevu alarak sonsuz, sorunsuz hizmet \u00e7al\u0131\u015fmalar\u0131 kapsam\u0131na dahil olabilirsiniz. Di\u015f ve di\u015f eti problemleri i\u00e7in; uzman kadrosuyla \u00e7a\u011fa uygun teknolojik cihazlar\u0131 sayesinde, mutlulu\u011funuzu g\u00fcl\u00fc\u015flerinizle somutland\u0131rabilirsiniz.<\/p>\n<h2>Di\u015f Eti Esteti\u011fi Fiyatlar\u0131 2023 Bilgisi<\/h2>\n<p>Geli\u015fen ve de\u011fi\u015fen teknoloji ile birlikte, her ge\u00e7en y\u0131l fiyatlar artan \u015fekilde ilerlemektedir. Pembe estetik fiyatlar\u0131 \u00fczerinde etkili bir\u00e7ok fakt\u00f6r vard\u0131r. <strong>Di\u015f eti esteti\u011fi<\/strong> <strong>fiyatlar\u0131 2023<\/strong> listesine g\u00f6z atarak; yapaca\u011f\u0131n\u0131z kar\u015f\u0131la\u015ft\u0131rmalarla, b\u00fct\u00e7enize en uygun ve en kaliteli doktoru ve hastaneyi bulabilirsiniz. <strong>Di\u015f eti esteti\u011fi nedir?<\/strong> Fiyat art\u0131\u015f\u0131na sebep olan etmenler nelerdir?<\/p>\n<table style=\"height: 263px;\" width=\"441\">\n<tbody>\n<tr>\n<td width=\"373\">\u25cf\u00a0\u00a0\u00a0\u00a0\u00a0\u00a0 Die Erfahrung und Ausr\u00fcstung des Zahnarztes<\/td>\n<\/tr>\n<tr>\n<td width=\"373\">\u25cf\u00a0\u00a0\u00a0\u00a0\u00a0\u00a0 Art der anzuwendenden Behandlungsmethode<\/td>\n<\/tr>\n<tr>\n<td width=\"373\">\u25cf\u00a0\u00a0\u00a0\u00a0\u00a0\u00a0 Qualit\u00e4t der zu verwendenden Materialien<\/td>\n<\/tr>\n<tr>\n<td width=\"373\">\u25cf\u00a0\u00a0\u00a0\u00a0\u00a0\u00a0 Die Zahlungsoption, die am besten zu Ihnen passt<\/td>\n<\/tr>\n<tr>\n<td width=\"373\">\u25cf\u00a0\u00a0\u00a0\u00a0\u00a0\u00a0 Erh\u00f6hte Sitzungsdauer<\/td>\n<\/tr>\n<tr>\n<td width=\"373\">\u25cf\u00a0\u00a0\u00a0\u00a0\u00a0\u00a0 Nutzung von High-Tech-Ger\u00e4ten<\/td>\n<\/tr>\n<tr>\n<td width=\"373\">\u25cf\u00a0\u00a0\u00a0\u00a0\u00a0\u00a0 Auswahl eines Krankenhauses oder einer Klinik<\/td>\n<\/tr>\n<\/tbody>\n<\/table>\n<p>Als Zahnklinik Mehmet Eker bieten wir mit unseren erfahrenen und freundlichen Zahn\u00e4rzten High-Tech-Service f\u00fcr eine qualitativ hochwertige Zahnfleisch\u00e4sthetik. Sie k\u00f6nnen uns kontaktieren, um detailliertere Informationen zur Zahnfleisch\u00e4sthetik zu erhalten und alle Behandlungsprozesse sicher durchzuf\u00fchren. In einer sterilen Umgebung k\u00fcmmern sich unsere Zahn\u00e4rzte um Ihre Gesundheit und unterst\u00fctzen Sie bei allen zahnfleisch\u00e4sthetischen Prozessen, damit Sie sich wohl f\u00fchlen.<\/p>\n<p>Sie k\u00f6nnen auch gesunde Z\u00e4hne erreichen, indem Sie sich an unsere Mehmet-Eker-Klinik wenden.[\/vc_column_text][\/vc_column][\/vc_row]<\/p>\n<\/div>","protected":false},"excerpt":{"rendered":"<p>[vc_row][vc_column][vc_column_text woodmart_inline=&#8220;no&#8220; text_larger=&#8220;no&#8220;]Die Zahnfleisch\u00e4sthetik umfasst einen Behandlungsprozess, der als Korrektur asymmetrischer St\u00f6rungen und Rezessionen im Zahnfleisch bekannt ist. Es wird<\/p>\n","protected":false},"author":1,"featured_media":10224,"parent":0,"menu_order":0,"comment_status":"closed","ping_status":"closed","template":"","meta":{"footnotes":""},"class_list":["post-10223","page","type-page","status-publish","has-post-thumbnail","hentry"],"_links":{"self":[{"href":"https:\/\/mehmetekerdisklinigi.com\/de\/wp-json\/wp\/v2\/pages\/10223","targetHints":{"allow":["GET"]}}],"collection":[{"href":"https:\/\/mehmetekerdisklinigi.com\/de\/wp-json\/wp\/v2\/pages"}],"about":[{"href":"https:\/\/mehmetekerdisklinigi.com\/de\/wp-json\/wp\/v2\/types\/page"}],"author":[{"embeddable":true,"href":"https:\/\/mehmetekerdisklinigi.com\/de\/wp-json\/wp\/v2\/users\/1"}],"replies":[{"embeddable":true,"href":"https:\/\/mehmetekerdisklinigi.com\/de\/wp-json\/wp\/v2\/comments?post=10223"}],"version-history":[{"count":3,"href":"https:\/\/mehmetekerdisklinigi.com\/de\/wp-json\/wp\/v2\/pages\/10223\/revisions"}],"predecessor-version":[{"id":10230,"href":"https:\/\/mehmetekerdisklinigi.com\/de\/wp-json\/wp\/v2\/pages\/10223\/revisions\/10230"}],"wp:featuredmedia":[{"embeddable":true,"href":"https:\/\/mehmetekerdisklinigi.com\/de\/wp-json\/wp\/v2\/media\/10224"}],"wp:attachment":[{"href":"https:\/\/mehmetekerdisklinigi.com\/de\/wp-json\/wp\/v2\/media?parent=10223"}],"curies":[{"name":"wp","href":"https:\/\/api.w.org\/{rel}","templated":true}]}}