{"id":10203,"date":"2023-05-10T12:00:17","date_gmt":"2023-05-10T12:00:17","guid":{"rendered":"https:\/\/mehmetekerdisklinigi.com\/dijital-gulus-tasarimi\/"},"modified":"2023-09-27T06:18:29","modified_gmt":"2023-09-27T06:18:29","slug":"digitales-laecheln-design","status":"publish","type":"page","link":"https:\/\/mehmetekerdisklinigi.com\/de\/digitales-laecheln-design\/","title":{"rendered":"Digitales L\u00e4cheln-Design"},"content":{"rendered":"<div class=\"wpb-content-wrapper\"><p>[vc_row][vc_column][vc_column_text woodmart_inline=&#8220;no&#8220; text_larger=&#8220;no&#8220;]Unter digitalem L\u00e4chelndesign versteht man die Schaffung eines \u00e4sthetischeren L\u00e4chelndesigns des L\u00e4chelns des Patienten durch den Einsatz digitaler Technologien. Dabei handelt es sich um die Anpassung von Z\u00e4hnen, Zahnfleisch und Lippenelementen an das Individuum.<\/p>\n<p>Bei der Gestaltung des digitalen L\u00e4chelns werden die Gesichtsstruktur, der Charakter, das Geschlecht und der Gesichtsausdruck des Patienten ber\u00fccksichtigt. Diese L\u00e4chelndesigns werden anhand der Gesichtsproportionen und der Zahnstruktur der Person mit der in der Zahnmedizin verwendeten Software analysiert und die genauesten Harmonien ermittelt. Auf diese Weise entsteht das f\u00fcr den Menschen am besten geeignete \u00e4sthetische und nat\u00fcrliche L\u00e4cheln. Wie hier zu sehen ist, wird digitales L\u00e4chelndesign als individuell orientierte Behandlung definiert. Der Behandlungsprozess beginnt mit der Gestaltung des L\u00e4chelns, das am besten zu der Person passt.<\/p>\n<h2>Was ist digitales Smile Design?<\/h2>\n<p>Digitales L\u00e4cheln-Design; Dabei handelt es sich um alle Eingriffe, die Zahn\u00e4rzte mithilfe digitaler Technologien durchf\u00fchren, um ein individuelles, \u00e4sthetisches L\u00e4cheln zu erzielen. Was ist digitales L\u00e4chelndesign? Bevor mit dem Eingriff fortgefahren wird, erfolgt eine Analyse der Gesichts- und Zahnstruktur. Auf diese Weise kann der Patient; Auch die Harmonie zwischen Z\u00e4hnen, Zahnfleisch und Lippenstruktur wird erreicht.<\/p>\n<p>F\u00fcr ein \u00e4sthetisches L\u00e4chelndesign; Die patientenorientierte Behandlung erfolgt durch \u00c4rzte der \u00e4sthetischen Zahnheilkunde. Denn das L\u00e4cheln, das zu jedem passt, ist ganz anders. Auch die individuelle Behandlungsdauer variiert. Die Patientenregistrierung erfolgt in der ersten Sitzung. In der zweiten und dritten Sitzung wird ein digitales L\u00e4chelndesign festgelegt und auf die Person angewendet.<\/p>\n<div id=\"attachment_8930\" style=\"width: 650px\" class=\"wp-caption aligncenter\"><img loading=\"lazy\" decoding=\"async\" aria-describedby=\"caption-attachment-8930\" class=\"size-full wp-image-8930\" src=\"https:\/\/mehmetekerdisklinigi.com\/wp-content\/uploads\/2023\/05\/dijital-gulus-tasarimi-1.jpg\" alt=\"dijital-gulus-tasarimi\" width=\"640\" height=\"426\" srcset=\"https:\/\/mehmetekerdisklinigi.com\/wp-content\/uploads\/2023\/05\/dijital-gulus-tasarimi-1.jpg 640w, https:\/\/mehmetekerdisklinigi.com\/wp-content\/uploads\/2023\/05\/dijital-gulus-tasarimi-1-300x200.jpg 300w\" sizes=\"auto, (max-width: 640px) 100vw, 640px\" \/><p id=\"caption-attachment-8930\" class=\"wp-caption-text\">Digitales L\u00e4cheln-Design<\/p><\/div>\n<h2>Wie erfolgt das digitale Smile Design?<\/h2>\n<p>Beim digitalen L\u00e4cheln-Designprozess sind zun\u00e4chst zwei Sitzungen erforderlich, um das Design zu erstellen und zu demonstrieren. Nachdem in der ersten Sitzung die erforderlichen Unterlagen des Patienten erstellt wurden, werden dem Patienten in der zweiten Sitzung dank der zahnmedizinischen Software die f\u00fcr den Patienten als angemessen erachteten L\u00e4chelndesigns pr\u00e4sentiert und angegeben, welche Art von Behandlungsprozess erforderlich ist. Nach Zustimmung des Patienten beginnt der notwendige Studienprozess. Sollte es jedoch zu einer \u00dcberarbeitung kommen, kann die Sitzung zur L\u00e4chelngestaltung drei Sitzungen dauern.<\/p>\n<p>In der ersten Sitzung werden die Z\u00e4hne mithilfe eines 3D-Intraoralscanners vermessen. Nachdem die Person aus verschiedenen Blickwinkeln fotografiert wurde, werden dem Patienten fr\u00fchere Beispielstudien gezeigt.<\/p>\n<p>In der zweiten Sitzung wird zun\u00e4chst die Zustimmung zur L\u00e4chelngestaltung des Patienten eingeholt. Es werden alle f\u00fcr Zahnfleisch und Z\u00e4hne notwendigen Eingriffe durchgef\u00fchrt. Anschlie\u00dfend werden weitere notwendige Behandlungsverfahren eingeleitet.<\/p>\n<h2>Was sind die Phasen, um ein digitales L\u00e4cheln-Design zu erhalten?<\/h2>\n<p>Wenn Sie mit einem sch\u00f6neren L\u00e4cheln in den neuen Tag aufwachen m\u00f6chten, k\u00f6nnen dank der digitalen Zahnmedizinplanung negative Zust\u00e4nde in Ihrer Zahnstruktur mit dem 3D-Modell Ihres Mundes und Ihrer Zahnstruktur erkannt werden. Dieser Prozess wird in drei Stufen untersucht. Die erste Stufe besteht in der Untersuchung und Planung der aktuellen Situation, die zweite Stufe in der Durchf\u00fchrung einer Behandlung und die dritte Stufe in der Durchf\u00fchrung einer dauerhaften Behandlung.<\/p>\n<p><strong>Stufe 1: Screening und Planung:<\/strong> Diese Phase kann auch als Voruntersuchung bezeichnet werden. Welches L\u00e4cheln-Design sollten Sie in der ersten Phase durchf\u00fchren, nachdem Sie sich f\u00fcr ein digitales L\u00e4cheln-Design entschieden haben?<\/p>\n<table width=\"507\">\n<tbody>\n<tr>\n<td width=\"507\">\u25cf\u00a0\u00a0\u00a0\u00a0\u00a0\u00a0 Beim 3D-Scannen wird der aktuelle Zustand des Mundes in die digitale Umgebung \u00fcbertragen.<\/td>\n<\/tr>\n<tr>\n<td width=\"507\">\u25cf\u00a0\u00a0\u00a0\u00a0\u00a0\u00a0 Fotos werden in verschiedenen K\u00f6rperhaltungen und L\u00e4chelnpositionen aufgenommen und untersucht.<\/td>\n<\/tr>\n<tr>\n<td width=\"507\">\u25cf\u00a0\u00a0\u00a0\u00a0\u00a0\u00a0 Die Anwendungen werden planm\u00e4\u00dfig an den Patienten weitergeleitet.<\/td>\n<\/tr>\n<tr>\n<td width=\"507\">\u25cf\u00a0\u00a0\u00a0\u00a0\u00a0\u00a0 Im Allgemeinen wird das endg\u00fcltige Foto des personalisierten digitalen L\u00e4chelndesigns angezeigt.<\/td>\n<\/tr>\n<\/tbody>\n<\/table>\n<p><img loading=\"lazy\" decoding=\"async\" class=\"aligncenter size-full wp-image-8931\" src=\"https:\/\/mehmetekerdisklinigi.com\/wp-content\/uploads\/2023\/05\/dijital-gulus-tasarimi-2.jpg\" alt=\"dijital-gulus-tasarimi\" width=\"640\" height=\"427\" srcset=\"https:\/\/mehmetekerdisklinigi.com\/wp-content\/uploads\/2023\/05\/dijital-gulus-tasarimi-2.jpg 640w, https:\/\/mehmetekerdisklinigi.com\/wp-content\/uploads\/2023\/05\/dijital-gulus-tasarimi-2-300x200.jpg 300w\" sizes=\"auto, (max-width: 640px) 100vw, 640px\" \/><\/p>\n<p><strong>Stufe 2: Behandlung und Modellanwendung:<\/strong> In dieser Phase findet der Behandlungsanwendungsprozess statt. Wie wird das digitale L\u00e4chelndesign, die sogenannte zweite Sitzung, angewendet?<\/p>\n<table width=\"539\">\n<tbody>\n<tr>\n<td width=\"539\">\u25cf\u00a0\u00a0\u00a0\u00a0\u00a0\u00a0 Behandlung von kari\u00f6sen Z\u00e4hnen<\/td>\n<\/tr>\n<tr>\n<td width=\"539\">\u25cf\u00a0\u00a0\u00a0\u00a0\u00a0\u00a0 Anbringen von F\u00fcllungen und Wurzelkanalbehandlungen<\/td>\n<\/tr>\n<tr>\n<td width=\"539\">\u25cf\u00a0\u00a0\u00a0\u00a0\u00a0\u00a0 Zahn\u00e4rztliche kieferorthop\u00e4dische Behandlungsanwendungen<\/td>\n<\/tr>\n<tr>\n<td width=\"539\">\u25cf\u00a0\u00a0\u00a0\u00a0\u00a0\u00a0 Zahnfleischprobleme beheben<\/td>\n<\/tr>\n<tr>\n<td width=\"539\">\u25cf\u00a0\u00a0\u00a0\u00a0\u00a0\u00a0 Intraorale Scans und Behandlungen werden mit der 3D-Methode gel\u00f6st.<\/td>\n<\/tr>\n<\/tbody>\n<\/table>\n<p><strong>Stufe 3: Dauerhafte Bewerbung:<\/strong> Diese Stufe ist der letzte Teil. Die Sitzungsdauer kann jedoch bei Bedarf verl\u00e4ngert werden. In diesem Bereich wird nun ein dauerhaftes L\u00e4chelndesign realisiert. Folgende Ma\u00dfnahmen m\u00fcssen durchgef\u00fchrt werden:<\/p>\n<table width=\"496\">\n<tbody>\n<tr>\n<td width=\"496\">\u25cf\u00a0\u00a0\u00a0\u00a0\u00a0\u00a0 Zirkonium, Porzellan, Laminat, Zahnaufhellung usw., bestimmt anhand der digitalen Zahnmessungen des Patienten. Zahn\u00e4rztliche Behandlungsanwendungen werden geprobt und dem Patienten gezeigt.<\/td>\n<\/tr>\n<tr>\n<td width=\"496\">\u25cf\u00a0\u00a0\u00a0\u00a0\u00a0\u00a0 Sobald die Pr\u00fcfung abgeschlossen ist, erfolgen dauerhafte Bewerbungen.<\/td>\n<\/tr>\n<tr>\n<td width=\"496\">\u25cf\u00a0\u00a0\u00a0\u00a0\u00a0\u00a0 Nach der Probe wird der Patient ausf\u00fchrlich aufgekl\u00e4rt und informiert.<\/td>\n<\/tr>\n<\/tbody>\n<\/table>\n<h2>Wie lange dauert das digitale L\u00e4cheln-Design?<\/h2>\n<p>Beim digitalen L\u00e4cheln-Design handelt es sich um die Schaffung eines \u00e4sthetischeren L\u00e4cheln-Designs des L\u00e4chelns des Patienten mithilfe digitaler Technologie. Es handelt sich um die individuelle Anpassung von Zahn-, Zahnfleisch- und Lippenproblemen. Bei der \u00e4sthetischen Gestaltung des L\u00e4chelns werden die Gesichtsstruktur, der Charakter, das Geschlecht und der Gesichtsausdruck des Patienten ber\u00fccksichtigt.<\/p>\n<p>Diese L\u00e4cheln-Designs; Dank der in der Zahnmedizin verwendeten Software; Der Patient wird nach Gesichtsproportionen und Zahnstruktur untersucht und m\u00f6glichst genaue Entscheidungen getroffen. Auf diese Weise wird f\u00fcr den Patienten das am besten geeignete nat\u00fcrliche L\u00e4cheln geschaffen. Der Behandlungsprozess sollte begonnen werden, um das f\u00fcr die Person am besten geeignete L\u00e4cheln zu entwerfen. Behandlungsdauer von Anfang bis Ende;<\/p>\n<ul>\n<li>Das digitale L\u00e4chelndesign wird anhand von Fotos des Patienten und Modellen erstellt, die von Intraoralscannern erhalten wurden.<\/li>\n<li>Beim ersten Termin wird mit der Wax-up-Anwendung, die anhand der bei der Untersuchung vorgenommenen Mundma\u00dfe erstellt wurde, das L\u00e4cheln angefertigt, das dem endg\u00fcltigen L\u00e4cheln am n\u00e4chsten kommt und das gleiche L\u00e4cheln wie im Design zeigt.<\/li>\n<li>Es ist m\u00f6glich, sich eine visuelle Vorstellung von der endg\u00fcltigen Zahnstruktur zu machen, ohne dass die Z\u00e4hne behandelt werden m\u00fcssen.<\/li>\n<li>Das digitale L\u00e4chelndesign wird im zweiten Termin nach dem ersten Termin durchgef\u00fchrt.<\/li>\n<li>Wie viele Sitzungen dauert das Smile Design, abh\u00e4ngig von den durchzuf\u00fchrenden Korrekturen und Zusatzbehandlungen? Zu diesem<\/li>\n<li>Thema k\u00f6nnen Sie mindestens 3 Punkte sagen. Ohne Ber\u00fccksichtigung zus\u00e4tzlicher Behandlungen liegt die durchschnittliche Behandlungsdauer zwischen 6 und 15 Tagen.<\/li>\n<\/ul>\n<h2>Wer f\u00fchrt digitales Smile Design durch?<\/h2>\n<p>Dieser von \u00e4sthetischen Zahn\u00e4rzten durchgef\u00fchrte Eingriff erfordert viel Sorgfalt und Aufmerksamkeit. Wenn Sie einen Zahnarzt konsultieren, der sich gut mit seinem Fach auskennt, k\u00f6nnen auch Sie ein sch\u00f6nes L\u00e4cheln haben. Das verwendete Material, das qualifizierte Personal, die Qualit\u00e4ts- und Preisunterschiede haben Einfluss darauf, wen Sie f\u00fcr die Ausf\u00fchrung ausw\u00e4hlen. Das Wichtigste dabei ist, mit einem Expertenteam zusammenzuarbeiten, das das L\u00e4cheln gestaltet, das am besten zu Ihnen passt.<\/p>\n<p>Erfolgreiche, gesunde und n\u00fctzliche Z\u00e4hne f\u00fcr die digitale L\u00e4chelngestaltung; Die Verbindung zwischen Zahnfleisch, Gesichtsmuskulatur, Gesichtsknochen und Gelenken muss von Zahn\u00e4rzten gut hergestellt werden. F\u00fcr ein Zahndesign mit all diesen Eigenschaften; Konsultieren Sie \u00c4rzte, die die Diagnose-, Behandlungs- und Prognosephasen professionell mit dem digitalen L\u00e4cheln-Design-Programm durchf\u00fchren.<\/p>\n<p>HINWEIS: Wenn Sie mit dem digitalen L\u00e4cheln-Design sch\u00f6nere Gesichtsausdr\u00fccke hinterlassen m\u00f6chten; Sie k\u00f6nnen einen Termin in der Mehmet-Eker-Klinik mit ihrem kompetenten Personal und ihrem hochwertigen Design vereinbaren.<\/p>\n<p>Kann digitales L\u00e4chelndesign bei Personen unter 18 Jahren durchgef\u00fchrt werden?<\/p>\n<p>Je nach Alter, Abnutzung und Verf\u00e4rbung kann sich Ihr L\u00e4cheln verschlechtern. Das; Es kann Schritt f\u00fcr Schritt weitergehen und mit der Zeit unangenehm werden. An dieser Stelle k\u00f6nnen Sie sich mit dem Smile-Design vertraut machen.<\/p>\n<p>L\u00e4cheln-Design; Die Planung und Durchf\u00fchrung erfolgt nach individuellen Bed\u00fcrfnissen. Voraussetzung hierf\u00fcr ist lediglich die Festlegung einer altersgerechten Gestaltungsmethode. Generell kann jeder ab 20 Jahren je nach Bedarf von dieser M\u00f6glichkeit profitieren.<\/p>\n<h2><strong><img loading=\"lazy\" decoding=\"async\" class=\"aligncenter size-full wp-image-8933\" src=\"https:\/\/mehmetekerdisklinigi.com\/wp-content\/uploads\/2023\/05\/dijital-gulus-tasarimi-4.jpg\" alt=\"dijital-gulus-tasarimi\" width=\"640\" height=\"466\" srcset=\"https:\/\/mehmetekerdisklinigi.com\/wp-content\/uploads\/2023\/05\/dijital-gulus-tasarimi-4.jpg 640w, https:\/\/mehmetekerdisklinigi.com\/wp-content\/uploads\/2023\/05\/dijital-gulus-tasarimi-4-300x218.jpg 300w\" sizes=\"auto, (max-width: 640px) 100vw, 640px\" \/><\/strong><\/h2>\n<h2>Was sind die Vorteile von Digital Smile Design?<\/h2>\n<p>Man kann leicht sagen, dass einer der wichtigsten Vorteile des digitalen L\u00e4chelndesigns darin besteht, dass der Patient sehen kann, welche Art von L\u00e4cheln er haben wird, bevor er mit der \u00e4sthetischen Zahnbehandlung beginnt. Das Gesicht der Person wird mithilfe modernster Computersoftware auf Systeme \u00fcbertragen. So kann der Patient bereits vor Beginn der Behandlung sehen, wie er am Ende der Behandlung aussehen wird. Bei digitalen Smile-Designs gibt es keinen Raum f\u00fcr \u00dcberraschungen. Es ist ein Job, der Patienten garantiert gl\u00fccklich macht. Der Patient kann das L\u00e4cheln haben, das er m\u00f6chte und mit dem er voll und ganz einverstanden ist.<\/p>\n<p>Der Zahnarzt h\u00f6rt dem Patienten aufmerksam zu, macht die notwendigen Videos und Fotos und erstellt mithilfe der Software ein L\u00e4chelndesign entsprechend Gesicht, Z\u00e4hnen, Kiefer und Pers\u00f6nlichkeitsmerkmalen. Das Hauptziel besteht darin, ein sch\u00f6nes L\u00e4cheln zu schaffen und gleichzeitig die Mundgesundheit des Patienten zu sch\u00fctzen. Bei der Gestaltung eines prothetischen L\u00e4chelns werden kieferorthop\u00e4dische Behandlung, Prothesenanwendung, Implantatbehandlung und Zahnfleischbehandlung gemeinsam durchgef\u00fchrt. Daher kann man sagen, dass es sich um einen multidisziplin\u00e4ren Behandlungsprozess handelt, bei dem mit Unterst\u00fctzung aller in der Zahnheilkunde verwendeten Anwendungen das passendste und korrekteste L\u00e4cheln f\u00fcr den Patienten entworfen wird.<\/p>\n<p>Mit der digitalen L\u00e4chelngestaltung werden die gew\u00fcnschten Ergebnisse weitgehend erreicht. Sobald das gew\u00fcnschte Erscheinungsbild erreicht ist, werden Produkte h\u00f6chster Qualit\u00e4t nach internationalen Standards verwendet, um sicherzustellen, dass es \u00fcber viele Jahre hinweg erhalten bleibt.<\/p>\n<h2>In welchen Situationen sollte Smile Design bevorzugt werden?<\/h2>\n<p>Die Gestaltung des L\u00e4chelns ist nicht nur aus \u00e4sthetischer Sicht notwendig, sondern auch zur Regulierung der Mund- und Zahngesundheit. Es ist einer der Orte, an denen Sie sich bez\u00fcglich Kieferschlie\u00dfungsstil, Zahnstruktur, Zahnausrichtung und Zahnfleischbehandlungen beraten lassen sollten. Welche Situationen erfordern also ein L\u00e4cheln-Design?<\/p>\n<ul>\n<li>Wenn es ein Einzelzahnproblem gibt<\/li>\n<li>Nach Zahnausrichtungsproblemen, wenn eine Zahnspange erforderlich ist<\/li>\n<li>L\u00fcckenproblem zwischen den Z\u00e4hnen<\/li>\n<li>Bei Zahnfleischproblemen<\/li>\n<li>In F\u00e4llen, in denen die Z\u00e4hne nicht gleich lang sind<\/li>\n<li>Bei Zahnproblemen, bei denen es zu Verf\u00e4rbungen gekommen ist<\/li>\n<li>Bei Zahn- und Zahnfleischst\u00f6rungen<\/li>\n<li>Wenn die Person mit ihrem L\u00e4cheln nicht zufrieden ist<\/li>\n<li>Wenn Sie ein Problem mit faulen Z\u00e4hnen haben.<\/li>\n<\/ul>\n<h2>Wie lange ist Digital Smile Design haltbar?<\/h2>\n<p>Obwohl die Haltbarkeit des digitalen L\u00e4chelndesigns von vielen Faktoren abh\u00e4ngt, kann man sagen, dass sie mehr als zehn Jahre betr\u00e4gt. Faktoren wie die Methode zur Gestaltung des L\u00e4chelns, die H\u00e4ufigkeit regelm\u00e4\u00dfiger zahn\u00e4rztlicher Kontrolluntersuchungen, wer die Behandlung durchf\u00fchrt und der Grad der Zahnpflege beeinflussen diesen Haltbarkeitszeitraum. Der wichtigste Punkt ist, dass der Patient Wert darauf legt, seine Zahn- und Mundgesundheit zu sch\u00fctzen.<\/p>\n<h2>Bietet digitales L\u00e4cheln-Design Best\u00e4ndigkeit?<\/h2>\n<p>Dank Deinem L\u00e4cheln; M\u00f6glicherweise haben Sie die F\u00e4higkeit, von anderen wahrgenommen zu werden. Aus diesem Grund kann Ihr Selbstvertrauen leiden, wenn Sie Zahnfehler haben. Ein \u00e4sthetisches L\u00e4cheln verdeckt nicht nur Ihre Makel, sondern macht Sie auch \u00e4u\u00dferst gl\u00fccklich. Es gibt Behandlungsmethoden, mit denen Sie durch L\u00e4chelndesign ein perfektes L\u00e4cheln erzielen k\u00f6nnen.<\/p>\n<p>Wenn Sie zu diesem Zeitpunkt Zweifel an der Best\u00e4ndigkeit haben; Sie k\u00f6nnen einen Termin in der Mehmet-Eker-Klinik vereinbaren und Ihre Zweifel ausr\u00e4umen. Dank einer personalisierten Behandlung kann mit dem richtigen Verfahren und der richtigen Methode eine dauerhafte Erhaltung erreicht werden. Dar\u00fcber hinaus tragen Sie auch eine gro\u00dfe Verantwortung hinsichtlich der Best\u00e4ndigkeit. Dies k\u00f6nnen Sie durch die notwendige Mund- und Zahnpflege sowie regelm\u00e4\u00dfige Kontrolluntersuchungen erreichen.<\/p>\n<h2>F\u00fcr wen wird Digital Smile Design angewendet?<\/h2>\n<p><strong><img loading=\"lazy\" decoding=\"async\" class=\"aligncenter size-full wp-image-8932\" src=\"https:\/\/mehmetekerdisklinigi.com\/wp-content\/uploads\/2023\/05\/dijital-gulus-tasarimi-3.jpg\" alt=\"dijital-gulus-tasarimi\" width=\"640\" height=\"425\" srcset=\"https:\/\/mehmetekerdisklinigi.com\/wp-content\/uploads\/2023\/05\/dijital-gulus-tasarimi-3.jpg 640w, https:\/\/mehmetekerdisklinigi.com\/wp-content\/uploads\/2023\/05\/dijital-gulus-tasarimi-3-300x199.jpg 300w\" sizes=\"auto, (max-width: 640px) 100vw, 640px\" \/><\/strong><\/p>\n<p>Menschen, die sich ein digitales L\u00e4cheln-Design w\u00fcnschen, sind im Allgemeinen Menschen, die ein viel nat\u00fcrlicheres und \u00e4sthetischeres L\u00e4cheln w\u00fcnschen. Wenn jedoch eine allgemeine Rangliste erstellt werden soll:<\/p>\n<ul>\n<li>Flecken auf den Z\u00e4hnen,<\/li>\n<li>Schiefe Zahnstellung,<\/li>\n<li>Unregelm\u00e4\u00dfige Zahnl\u00e4ngen,<\/li>\n<li>Missverh\u00e4ltnis zwischen Z\u00e4hnen und Zahnfleisch,<\/li>\n<li>Mangelnde Harmonie zwischen Lippen und Z\u00e4hnen,<\/li>\n<li>Schlechtes Aussehen des Zahnfleisches,<\/li>\n<li>Situationen wie fehlende Z\u00e4hne.<\/li>\n<\/ul>\n<p>Nach dieser Smile-Design-Behandlung wird sichergestellt, dass Z\u00e4hne und Zahnfleisch des Patienten kompatibel sind, seine Gesichtsform und sein L\u00e4cheln kompatibel sind und seine Kieferstruktur und Z\u00e4hne kompatibel sind. W\u00e4hrend bei M\u00e4nnern eckige Z\u00e4hne \u00e4sthetischer gestaltet werden, entsteht bei Frauen ein ovaleres und zarteres Erscheinungsbild.<\/p>\n<h2>Wie hoch sind die Preise f\u00fcr Digital Smile Design?<\/h2>\n<p>Es gibt viele Faktoren beim Smile-Design, die den Preis beeinflussen. Sie k\u00f6nnen diese Faktoren ermitteln, indem Sie einen guten Arzt konsultieren. Als Ergebnis der Untersuchung sind die Kriterien, die bei den Preisen f\u00fcr digitales L\u00e4cheln-Design wirksam sind, folgende:<\/p>\n<ul>\n<li>Qualit\u00e4tsunterschied<\/li>\n<li>Qualifiziertes Personal f\u00fcr diese Arbeit<\/li>\n<li>Qualit\u00e4t der verwendeten Materialien<\/li>\n<li>Personalisierte Behandlungsmethode<\/li>\n<li>Der Zahnproblemgrad des Patienten<\/li>\n<li>Fortschrittliche Technologieanwendungen.<\/li>\n<\/ul>\n<p>Holen Sie sich von der Mehmet-Eker-Klinik ein Preisangebot f\u00fcr Preise ein, die in Ihren Geldbeutel passen, und beginnen Sie mit der Behandlung.<\/p>\n<h2>Gewinnen Sie Ihr Selbstvertrauen mit Digital Smile Design zur\u00fcck<\/h2>\n<p>Es liegt an Ihnen, mit digitalem L\u00e4cheln-Design selbstbewusst zu lachen. Als Zahnklinik Mehmet Eker k\u00f6nnen Sie mit digitalem L\u00e4chelndesign ein viel nat\u00fcrlicheres und \u00e4sthetischeres L\u00e4cheln erzielen. Sie k\u00f6nnen uns f\u00fcr detailliertere Informationen kontaktieren und ausf\u00fchrliche Antworten auf alle Fragen zum Thema L\u00e4chelndesign erhalten.<\/p>\n<p><strong>\u00a0<\/strong>[\/vc_column_text][\/vc_column][\/vc_row]<\/p>\n<\/div>","protected":false},"excerpt":{"rendered":"<p>[vc_row][vc_column][vc_column_text woodmart_inline=&#8220;no&#8220; text_larger=&#8220;no&#8220;]Unter digitalem L\u00e4chelndesign versteht man die Schaffung eines \u00e4sthetischeren L\u00e4chelndesigns des L\u00e4chelns des Patienten durch den Einsatz digitaler<\/p>\n","protected":false},"author":1,"featured_media":10204,"parent":0,"menu_order":0,"comment_status":"closed","ping_status":"closed","template":"","meta":{"footnotes":""},"class_list":["post-10203","page","type-page","status-publish","has-post-thumbnail","hentry"],"_links":{"self":[{"href":"https:\/\/mehmetekerdisklinigi.com\/de\/wp-json\/wp\/v2\/pages\/10203","targetHints":{"allow":["GET"]}}],"collection":[{"href":"https:\/\/mehmetekerdisklinigi.com\/de\/wp-json\/wp\/v2\/pages"}],"about":[{"href":"https:\/\/mehmetekerdisklinigi.com\/de\/wp-json\/wp\/v2\/types\/page"}],"author":[{"embeddable":true,"href":"https:\/\/mehmetekerdisklinigi.com\/de\/wp-json\/wp\/v2\/users\/1"}],"replies":[{"embeddable":true,"href":"https:\/\/mehmetekerdisklinigi.com\/de\/wp-json\/wp\/v2\/comments?post=10203"}],"version-history":[{"count":3,"href":"https:\/\/mehmetekerdisklinigi.com\/de\/wp-json\/wp\/v2\/pages\/10203\/revisions"}],"predecessor-version":[{"id":10210,"href":"https:\/\/mehmetekerdisklinigi.com\/de\/wp-json\/wp\/v2\/pages\/10203\/revisions\/10210"}],"wp:featuredmedia":[{"embeddable":true,"href":"https:\/\/mehmetekerdisklinigi.com\/de\/wp-json\/wp\/v2\/media\/10204"}],"wp:attachment":[{"href":"https:\/\/mehmetekerdisklinigi.com\/de\/wp-json\/wp\/v2\/media?parent=10203"}],"curies":[{"name":"wp","href":"https:\/\/api.w.org\/{rel}","templated":true}]}}