{"id":10195,"date":"2021-08-26T13:49:30","date_gmt":"2021-08-26T13:49:30","guid":{"rendered":"https:\/\/mehmetekerdisklinigi.com\/coklu-dis-degisimi\/"},"modified":"2023-09-27T06:04:02","modified_gmt":"2023-09-27T06:04:02","slug":"mehrfacher-zahnersatz","status":"publish","type":"page","link":"https:\/\/mehmetekerdisklinigi.com\/de\/mehrfacher-zahnersatz\/","title":{"rendered":"Mehrfacher Zahnersatz"},"content":{"rendered":"<div class=\"wpb-content-wrapper\"><p>[vc_row][vc_column][vc_column_text woodmart_inline=&#8220;no&#8220; text_larger=&#8220;no&#8220;]<\/p>\n<div class=\"wpb_text_column wpb_content_element \">\n<div class=\"wpb_wrapper\">\n<p>Wenn Ihre Z\u00e4hne aufgrund eines Zahnersatzes, eines Unfalls oder des Alters zu verschwinden beginnen, k\u00f6nnen Sie diesen Eingriff durchf\u00fchren lassen, indem Sie sich an Ihren Zahnarzt wenden. Wenn Ihnen ein paar Z\u00e4hne fehlen, ist ein normales Implantat m\u00f6glicherweise besser f\u00fcr Sie geeignet. Wenn Sie jedoch alle Z\u00e4hne reparieren lassen m\u00f6chten, kann dies recht kostspielig sein. Gesundheitsprobleme in Ihrem Mund (z. B. Karies, wunde Stellen im Mund) k\u00f6nnen die Qualit\u00e4t der von Ihnen verzehrten Lebensmittel ernsthaft beeintr\u00e4chtigen. Wenn Ihre Z\u00e4hne ausfallen, k\u00f6nnen Sie es mit Zahnprothesen versuchen, aber es kann sein, dass Sie Probleme mit dem Komfort haben. Dar\u00fcber hinaus kann es sein, dass Zahnprothesen \u00e4sthetisch nicht gut aussehen. Wenn Sie \u00fcber die Erhaltung von Zahnprothesen nachdenken, klingt die Idee vielleicht nicht sehr angenehm, aber der Austausch mehrerer Z\u00e4hne stellt eine dauerhafte und wirksame L\u00f6sung dar und verursacht keine Behinderungen, mit denen Sie in Ihrem t\u00e4glichen Leben zu k\u00e4mpfen haben.<\/p>\n<h2>Preise f\u00fcr den Ersatz mehrerer Z\u00e4hne<\/h2>\n<p>Ein Zahnersatz kann Ihr L\u00e4cheln angenehmer machen. Unser Auftreten kann uns Selbstbewusstsein verleihen. Wir k\u00f6nnen nicht leugnen, dass unsere Z\u00e4hne unser Aussehen beeinflussen und dass Karies in unserem Mund unsere Gesundheit beeintr\u00e4chtigen kann. Wenn Sie die Z\u00e4hne sukzessive wechseln m\u00f6chten, helfen Ihnen Zahnbr\u00fccken dabei weiter. Bevor Sie sich jedoch zu diesem Thema entscheiden, sollten Sie gr\u00fcndlich recherchieren, Ihren Arzt konsultieren und sich bei verschiedenen \u00c4rzten \u00fcber die Preise informieren. Wenn Sie st\u00e4ndig Probleme mit Ihren Z\u00e4hnen haben, wird der st\u00e4ndige Gang zum Arzt, um Eingriffe durchf\u00fchren zu lassen, nicht nur Zeit in Anspruch nehmen, sondern Sie auch finanziell erm\u00fcden. Die gleichzeitige Erneuerung aller Z\u00e4hne wird Ihnen in dieser Hinsicht von Vorteil sein. Dar\u00fcber hinaus werden Sie und Ihr Umfeld die Ver\u00e4nderung des Selbstbewusstseins bemerken.<\/p>\n<h2>H\u00e4ufig gestellte Fragen zum Ersatz mehrerer Z\u00e4hne<\/h2>\n<p>Wenn Sie dar\u00fcber nachdenken, mehrere Z\u00e4hne zu ersetzen, finden Sie die Details auf dieser Seite. Mit dem Zahnwechsel beginnen wir schon im Kindesalter. Unsere Milchz\u00e4hne fallen nach und nach aus und an ihrer Stelle erscheinen unsere erwachsenen Z\u00e4hne. Beim Zahnersatz kann es vorkommen, dass einige Z\u00e4hne nicht richtig herauskommen und sp\u00e4ter Probleme verursachen. Vergessen Sie daher nicht, regelm\u00e4\u00dfig Ihren Zahnarzt aufzusuchen, wenn die Z\u00e4hne Ihres Kindes ersetzt werden. Die Z\u00e4hne mancher Menschen sind m\u00f6glicherweise genetisch anf\u00e4llig f\u00fcr Karies. In diesem Fall kann es in sp\u00e4teren Stadien zum Zahnausfall kommen. Einzelpersonen m\u00f6chten m\u00f6glicherweise einen Zahnersatz, um ihre verlorenen Z\u00e4hne zu ersetzen. Vor allem junge Menschen k\u00f6nnen aufgrund fehlender Z\u00e4hne nicht frei in der \u00d6ffentlichkeit lachen und erleben m\u00f6glicherweise einen R\u00fcckgang ihres Selbstwertgef\u00fchls. Aus diesen Gr\u00fcnden gibt es viele Menschen, die sich dieser Operation unterziehen wollen und haben. Wenn Sie empfindliche Z\u00e4hne haben und nicht die meiste Zeit beim Zahnarzt verbringen m\u00f6chten, empfehlen wir Ihnen, sich ausf\u00fchrlich \u00fcber dieses Thema zu informieren.<\/p>\n<h2>Vorteile des Mehrzahnersatzes<\/h2>\n<p>Das Ersetzen Ihrer Z\u00e4hne einzeln kann sehr kostspielig sein. Wenn Ihr Zahnarzt dieses Verfahren f\u00fcr angemessen h\u00e4lt, k\u00f6nnen Sie sich f\u00fcr mehrere Zahnersatzverfahren entscheiden. Durch den Ersatz aller Ihrer Z\u00e4hne werden k\u00fcnftige Karies verhindert und eine dauerhafte L\u00f6sung f\u00fcr die Zahngesundheit geschaffen. Wenn Ihnen nur zwei oder drei Z\u00e4hne fehlen, kann normaler Zahnersatz f\u00fcr Sie geeignet sein. Denn Ihre eigenen Z\u00e4hne sind immer besser f\u00fcr Sie, solange sie Ihre Gesundheit nicht gef\u00e4hrden. Bedenken Sie jedoch, dass normale Prothesen nicht f\u00fcr den Zahnersatz geeignet sind. Informieren Sie sich hierzu unbedingt ausf\u00fchrlich bei Ihrem Zahnarzt. Denn die beste Behandlung beginnt mit der Aufkl\u00e4rung des Klienten. So treffen Sie beruhigt die richtige Entscheidung. Befolgen Sie bei der Nachsorge sorgf\u00e4ltig die Anweisungen Ihres Zahnarztes. Brechen Sie die Zahnpflege nach der Operation nicht ab und gehen Sie alle sechs Monate zur Kontrolluntersuchung. Nat\u00fcrlich sollten Sie diesen Vorgang als letzten Schritt durchf\u00fchren. Um der Bildung von Karies vorzubeugen, sollten Sie auf die Zahnpflege achten.<\/p>\n<h2>Mehrfachzahnersatzbehandlung<\/h2>\n<p>Wenn Sie zu einem Vorstellungsgespr\u00e4ch gehen, ein Date haben, sich mit Ihren Freunden unterhalten, kurz gesagt, in jedem Aspekt Ihres Lebens sind Z\u00e4hne das wichtigste Element, das Ihr Aussehen erg\u00e4nzt. Probleme mit Ihren Z\u00e4hnen beeintr\u00e4chtigen Ihr Aussehen und schaden Ihrem Selbstvertrauen. In diesem Fall k\u00f6nnen die auftretenden Probleme Ihr soziales Leben beeintr\u00e4chtigen. Nachdem Zahn\u00e4rzte Ihre Z\u00e4hne untersucht haben, k\u00f6nnen sie auf diese Operation zur\u00fcckgreifen, wenn sie bei den meisten Z\u00e4hnen ein Problem feststellen. Zun\u00e4chst wird untersucht, ob Ihre Z\u00e4hne eine Wurzelkanalbehandlung ben\u00f6tigen. Da bei einer Wurzelkanalbehandlung die Nerven Ihrer Z\u00e4hne absterben, w\u00e4re bei einem erneuten Auftreten des Problems in diesem Fall ein Zahnersatz die logischste Entscheidung. Auf diese Weise ist es f\u00fcr Sie besser, dieses Problem vollst\u00e4ndig zu beseitigen, als st\u00e4ndig zum Zahnarzt zu gehen. Ein weiteres Problem, das Sie bei der Behandlung mehrerer Z\u00e4hne verwirren k\u00f6nnte, ist die Frage, ob es wehtun wird. Dieser Gedanke ist das Problem, mit dem jeder Zahnarzt konfrontiert ist. Dar\u00fcber k\u00f6nnen Sie beruhigt sein. Sie k\u00f6nnen sich ganz einfach einem guten Zahnarzt \u00fcberlassen. Sie k\u00f6nnen sich f\u00fcr Ihre zahn\u00e4rztlichen Eingriffe und alle Ihre Fragen an die Mehmet Eker Dental Clinic wenden.<\/p>\n<\/div>\n<\/div>\n<p>[\/vc_column_text][\/vc_column][\/vc_row]<\/p>\n<\/div>","protected":false},"excerpt":{"rendered":"<p>[vc_row][vc_column][vc_column_text woodmart_inline=&#8220;no&#8220; text_larger=&#8220;no&#8220;] Wenn Ihre Z\u00e4hne aufgrund eines Zahnersatzes, eines Unfalls oder des Alters zu verschwinden beginnen, k\u00f6nnen Sie diesen<\/p>\n","protected":false},"author":1,"featured_media":10196,"parent":0,"menu_order":0,"comment_status":"closed","ping_status":"closed","template":"","meta":{"footnotes":""},"class_list":["post-10195","page","type-page","status-publish","has-post-thumbnail","hentry"],"_links":{"self":[{"href":"https:\/\/mehmetekerdisklinigi.com\/de\/wp-json\/wp\/v2\/pages\/10195","targetHints":{"allow":["GET"]}}],"collection":[{"href":"https:\/\/mehmetekerdisklinigi.com\/de\/wp-json\/wp\/v2\/pages"}],"about":[{"href":"https:\/\/mehmetekerdisklinigi.com\/de\/wp-json\/wp\/v2\/types\/page"}],"author":[{"embeddable":true,"href":"https:\/\/mehmetekerdisklinigi.com\/de\/wp-json\/wp\/v2\/users\/1"}],"replies":[{"embeddable":true,"href":"https:\/\/mehmetekerdisklinigi.com\/de\/wp-json\/wp\/v2\/comments?post=10195"}],"version-history":[{"count":2,"href":"https:\/\/mehmetekerdisklinigi.com\/de\/wp-json\/wp\/v2\/pages\/10195\/revisions"}],"predecessor-version":[{"id":10201,"href":"https:\/\/mehmetekerdisklinigi.com\/de\/wp-json\/wp\/v2\/pages\/10195\/revisions\/10201"}],"wp:featuredmedia":[{"embeddable":true,"href":"https:\/\/mehmetekerdisklinigi.com\/de\/wp-json\/wp\/v2\/media\/10196"}],"wp:attachment":[{"href":"https:\/\/mehmetekerdisklinigi.com\/de\/wp-json\/wp\/v2\/media?parent=10195"}],"curies":[{"name":"wp","href":"https:\/\/api.w.org\/{rel}","templated":true}]}}