{"id":10186,"date":"2023-05-12T12:00:55","date_gmt":"2023-05-12T12:00:55","guid":{"rendered":"https:\/\/mehmetekerdisklinigi.com\/cene-cerrahisi\/"},"modified":"2023-09-27T05:58:27","modified_gmt":"2023-09-27T05:58:27","slug":"kieferoperation","status":"publish","type":"page","link":"https:\/\/mehmetekerdisklinigi.com\/de\/kieferoperation\/","title":{"rendered":"Kieferoperation"},"content":{"rendered":"<div class=\"wpb-content-wrapper\"><p>[vc_row][vc_column][vc_column_text woodmart_inline=&#8220;no&#8220; text_larger=&#8220;no&#8220;]Die Kieferchirurgie umfasst alle Erkrankungen, Diagnosen und Behandlungen aller Weichteile im Mund wie Wange, Speicheldr\u00fcsen, Zunge, Wange, Z\u00e4hne, Kiefergelenk und Kiefer. Abh\u00e4ngig von der Behandlungsmethode und dem Patienten werden chirurgische Eingriffe unter Vollnarkose, \u00f6rtlicher Bet\u00e4ubung oder im Wachschlaf durchgef\u00fchrt.<\/p>\n<p>Kieferchirurgische Behandlungen, die von erfahrenen Kieferchirurgen durchgef\u00fchrt werden sollten, sollten mit den richtigen Methoden und Praktiken durchgef\u00fchrt werden. Faktoren, die sowohl gesundheitliche als auch \u00e4sthetische Probleme verursachen, werden durch kieferchirurgische Eingriffe wirksam behoben. Kieferchirurgische Eingriffe, die mit der sich entwickelnden Technologie viel schneller und erfolgreicher durchgef\u00fchrt werden, sollten in Krankenh\u00e4usern oder voll ausgestatteten Kliniken durchgef\u00fchrt werden.<\/p>\n<h2>Was ist Mund-, Kiefer- und Gesichtschirurgie?<\/h2>\n<p>Mund-, Kiefer- und Gesichtschirurgie, auch Mund-, Kiefer- und Gesichtschirurgie genannt, sind Eingriffe, die von hochqualifizierten Zahn\u00e4rzten durchgef\u00fchrt werden. Es handelt sich um die Abteilung, die sich mit Situationen befasst, die einen chirurgischen Eingriff im Gesicht, Kiefer, Z\u00e4hnen und Mund erfordern.<\/p>\n<h3><img loading=\"lazy\" decoding=\"async\" class=\"aligncenter size-full wp-image-8959\" src=\"https:\/\/mehmetekerdisklinigi.com\/wp-content\/uploads\/2023\/05\/cene-cerrahisi-1.jpg\" alt=\"cene-cerrahisi\" width=\"640\" height=\"427\" srcset=\"https:\/\/mehmetekerdisklinigi.com\/wp-content\/uploads\/2023\/05\/cene-cerrahisi-1.jpg 640w, https:\/\/mehmetekerdisklinigi.com\/wp-content\/uploads\/2023\/05\/cene-cerrahisi-1-300x200.jpg 300w\" sizes=\"auto, (max-width: 640px) 100vw, 640px\" \/><\/h3>\n<h2>Was leistet die Mund-, Kiefer- und Gesichtschirurgie?<\/h2>\n<p>Worauf wird bei einer Kieferchirurgie geachtet? Es ist eine der Fragen, die die Menschen verwirrt. Die Mund-, Zahn- und Kieferchirurgie befasst sich mit allen Arten erblicher oder erworbener Probleme im Kiefer-, Mund- und Gesichtsbereich und befasst sich mit L\u00f6sungen f\u00fcr diese Probleme.<\/p>\n<p>In diesem Abschnitt werden Kieferprobleme gel\u00f6st, die dadurch entstehen k\u00f6nnen, dass man nicht in der Lage ist, etwas zu bei\u00dfen, Probleme beim Kauen und Schluckbeschwerden. Diese Abteilung befasst sich mit allen Arten von Problemen im Zusammenhang mit Z\u00e4hnen, Kiefer und Kiefergelenk und f\u00fchrt je nach Zustand des Patienten und erforderlichem Eingriff die notwendige Behandlung in Form einer Vollnarkose, einer Lokalan\u00e4sthesie oder einer Sedierung durch.<\/p>\n<h2>Werden in der Mund-, Kiefer- und Gesichtschirurgie F\u00fcllstoffe eingesetzt?<\/h2>\n<p>Unter Zahnf\u00fcllung versteht man die Wiederherstellung und Erneuerung von Z\u00e4hnen, die aus unterschiedlichen Gr\u00fcnden kari\u00f6s, gebrochen oder funktionsunf\u00e4hig geworden sind, mit unterschiedlichen Materialien. Das Hauptziel besteht darin, das Fortschreiten von kari\u00f6sem Gewebe zu verhindern und den vollst\u00e4ndigen Zahnverlust zu verhindern. Eine Zahnf\u00fcllungsbehandlung kann bei allen F\u00e4llen angewendet werden, die aus verschiedenen Gr\u00fcnden besch\u00e4digt oder gebrochen sind und nicht \u00e4sthetisch ansprechend erscheinen.<\/p>\n<p>Obwohl es sich bei der Zahnf\u00fcllung nicht um einen chirurgischen Eingriff handelt, sollten Sie bei Narkose bis 3 Stunden nach der Behandlung nichts essen und trinken. Es sollte abgewartet werden, bis die Wirkung der An\u00e4sthesie nachl\u00e4sst. Zahnf\u00fcllungen und Wurzelkanalbehandlungen sind keine chirurgischen Eingriffe; die Abteilung f\u00fcr Mund-, Zahn- und Kieferchirurgie f\u00fchrt diese Behandlungen durch.<\/p>\n<h2>Welche Krankheiten werden durch eine Kieferchirurgie behandelt?<\/h2>\n<p>Die Kieferchirurgie bietet im Allgemeinen L\u00f6sungen und Behandlungen f\u00fcr Menschen mit Abnutzungserscheinungen der Z\u00e4hne, Schmerzen im Kiefergelenk und Problemen beim Schlucken, Bei\u00dfen und Kauen. Schwierigkeiten beim Sprechen, lautes Atmen oder Schnarchen usw. Auch die Beseitigung von Mund\u00f6ffnungsbeschwerden geh\u00f6rt zum Fachbereich Kieferchirurgie.<\/p>\n<p><img loading=\"lazy\" decoding=\"async\" class=\"aligncenter size-full wp-image-8957\" src=\"https:\/\/mehmetekerdisklinigi.com\/wp-content\/uploads\/2023\/05\/cene-cerrahisi-3.jpg\" alt=\"cene-cerrahisi\" width=\"640\" height=\"427\" srcset=\"https:\/\/mehmetekerdisklinigi.com\/wp-content\/uploads\/2023\/05\/cene-cerrahisi-3.jpg 640w, https:\/\/mehmetekerdisklinigi.com\/wp-content\/uploads\/2023\/05\/cene-cerrahisi-3-300x200.jpg 300w\" sizes=\"auto, (max-width: 640px) 100vw, 640px\" \/><\/p>\n<p>Wenn wir uns andere Krankheiten ansehen, mit denen sich eine Kieferchirurgie befasst:<\/p>\n<ul>\n<li>Zystische Tumorbehandlung im Kiefer,<\/li>\n<li>Behandlung von Kieferfrakturen,<\/li>\n<li>Behandlung von L\u00e4sionen im Knochen (dentalen Ursprungs),<\/li>\n<li>Extraktion retinierter Z\u00e4hne,<\/li>\n<li>Behandlung von Lippenspalten,<\/li>\n<li>Vornahme von Korrekturen vor dem Einsatz von Zahnimplantaten und Protheseneingriffen,<\/li>\n<li>Behandlung von Speicheldr\u00fcsenerkrankungen,<\/li>\n<li>Behandlung von Gaumenspalten,<\/li>\n<li>Korrektur von Deformit\u00e4ten im Kieferbereich,<\/li>\n<li>\u00c4sthetische restaurative Behandlungsverfahren,<\/li>\n<li>Zahnfarbene Restaurationen,<\/li>\n<li>Verstopfte Kan\u00e4le in Zahnwurzelkanalsystemen,<\/li>\n<li>Wurzelfrakturen,<\/li>\n<li>Diese Krankheiten k\u00f6nnen als Behandlung von Knochennekrosen aufgef\u00fchrt werden, die als Folge einer Krebsbehandlung auftreten.<\/li>\n<\/ul>\n<h2>Ab welchem \u200b\u200bAlter kann eine Kieferoperation durchgef\u00fchrt werden?<\/h2>\n<p>Der Kieferbereich erf\u00fcllt wichtige Funktionen im K\u00f6rper. Durch Kieferoperationen kann sichergestellt werden, dass wichtige Funktionen wie Sprechen, Schlucken und Atmen nicht gest\u00f6rt werden oder ordnungsgem\u00e4\u00df ausgef\u00fchrt werden. Der Kinnbereich wird immer mit Unterkiefer, Oberkiefer, Gesicht und beurteilt.<\/p>\n<p>Da die Knochenentwicklung zu diesem Zeitpunkt noch weiter voranschreitet, empfiehlt es sich, Operationen nach dem 18. Lebensjahr durchzuf\u00fchren, um die Entwicklung nicht zu behindern oder ein erneutes Auftreten des Problems zu verhindern.<\/p>\n<h2>Was ist bewusste Sedierung?<\/h2>\n<p>Die bewusste Sedierung, die zus\u00e4tzlich zur Lokalan\u00e4sthesie und Vollnarkose w\u00e4hrend des Behandlungsprozesses einer Kieferoperation angewendet wird, ist die Schaffung eines Tiefschlafs, w\u00e4hrend der Patient dank einiger Medikamente bei Bewusstsein ist. Der Unterschied zur Vollnarkose besteht darin, dass den verbalen Anweisungen des Zahnarztes Folge geleistet werden kann. Der Patient wird \u00fcberwacht und Blutdruck und Puls werden \u00fcberwacht. Gleichzeitig verursacht es als Behandlungsverfahren, bei dem das Bewusstsein unterdr\u00fcckt wird, kein Trauma, da sich der Patient nicht an die w\u00e4hrend der Behandlung angewendeten Verfahren, unangenehme Ger\u00e4usche oder Schmerzen erinnern kann.<\/p>\n<p><img loading=\"lazy\" decoding=\"async\" class=\"aligncenter size-full wp-image-8958\" src=\"https:\/\/mehmetekerdisklinigi.com\/wp-content\/uploads\/2023\/05\/cene-cerrahisi-4.jpg\" alt=\"cene-cerrahisi\" width=\"640\" height=\"427\" srcset=\"https:\/\/mehmetekerdisklinigi.com\/wp-content\/uploads\/2023\/05\/cene-cerrahisi-4.jpg 640w, https:\/\/mehmetekerdisklinigi.com\/wp-content\/uploads\/2023\/05\/cene-cerrahisi-4-300x200.jpg 300w\" sizes=\"auto, (max-width: 640px) 100vw, 640px\" \/><\/p>\n<p>Diese sichere Methode wird bei Erwachsenen intraven\u00f6s angewendet. Die Dosisanpassung erfolgt je nach Gewicht und je nach Behandlungsdauer k\u00f6nnen zus\u00e4tzliche Dosen verabreicht werden. Der Patient kann etwa eine halbe Stunde nach Abschluss des Eingriffs nach Hause gehen. Es wird jedoch empfohlen, Situationen zu vermeiden, die Anstrengung erfordern, nicht Auto zu fahren und dem Patienten Ruhe zu g\u00f6nnen. Aus diesem Grund wird empfohlen, die Behandlung bei einem Angeh\u00f6rigen aufzusuchen.<\/p>\n<h2>Welche Arten der Sedierung gibt es?<\/h2>\n<p>Abh\u00e4ngig von der Schwere des durchzuf\u00fchrenden medizinischen Eingriffs sowie den Schmerzen und Beschwerden kann der Arzt unterschiedliche Sedierungsmethoden bevorzugen. Die Art und Weise, wie die Medikamentendosis angepasst wird, kann abh\u00e4ngig von der bewusstseinsberuhigenden und unterdr\u00fcckenden Wirkung der Sedierung variieren. Bei jedem Sedierungsniveau werden beim Patienten unterschiedliche Reaktionen beobachtet. F\u00fcr die \u00e4sthetische Gestaltung des L\u00e4chelns ist es nicht erforderlich, wohl aber f\u00fcr therapeutische Operationsmethoden.<\/p>\n<table>\n<tbody>\n<tr>\n<td width=\"198\">Minimale Sedierung<\/td>\n<td width=\"499\">Es hat minimale Auswirkungen und beruhigt die K\u00f6rpersinne. Es wird bevorzugt, wenn Situationen wie Angstzust\u00e4nde und Panikattacken unter Kontrolle gebracht werden sollen. Zum Beispiel; Angst vor Nadeln, Angst vor Zahn\u00e4rzten usw.<\/td>\n<\/tr>\n<tr>\n<td width=\"198\">M\u00e4\u00dfige Sedierung<\/td>\n<td width=\"499\">Dies wird als Kurzsedierung bezeichnet. Hier ist das Bewusstsein des Patienten halboffen. W\u00e4hrend die F\u00e4higkeit, frei zu atmen, erhalten bleibt, ist das Gef\u00fchl von Schmerz, Angst und Unwohlsein deutlich zur\u00fcckgegangen.<\/td>\n<\/tr>\n<tr>\n<td width=\"198\">Dissoziation<\/td>\n<td width=\"499\">Man kann es als eine strengere Version der Sedierung mittlerer Stufe bezeichnen. Medikamente werden eingesetzt, um zu verhindern, dass sensorische Reize die h\u00f6heren Zentren des Gehirns erreichen. Der Patient scheint von der Umgebung losgel\u00f6st zu sein und reagiert nur auf bestimmte Reize.<\/td>\n<\/tr>\n<tr>\n<td width=\"198\">Tiefe Sedierung<\/td>\n<td width=\"499\">Es ist ein Schritt vor der Vollnarkose. Der Patient ist nahezu bewusstlos. Der Patient ben\u00f6tigt m\u00f6glicherweise Hilfe beim Atmen.<\/td>\n<\/tr>\n<tr>\n<td width=\"198\">Vollnarkose<\/td>\n<td width=\"499\">Es handelt sich um die schwerste Form der Sedierung. Das Bewusstsein ist v\u00f6llig ausgeschaltet. Der Patient reagiert auf keine Reize. Erfordert Atemunterst\u00fctzung.<\/td>\n<\/tr>\n<\/tbody>\n<\/table>\n<h2>Wo sollte eine Kieferoperation durchgef\u00fchrt werden?<\/h2>\n<p>Kieferoperationen werden in Krankenh\u00e4usern mit voller Kapazit\u00e4t durchgef\u00fchrt. Ein spezialisierter An\u00e4sthesist und die n\u00f6tige Ausr\u00fcstung m\u00fcssen vorhanden sein. Gleichzeitig ist es sehr wichtig, dass im Falle eines m\u00f6glichen Notfalls weitere Experten zur Verf\u00fcgung stehen. Der Mangel an notwendiger Ausr\u00fcstung und ausreichend Team kann m\u00f6gliche Risiken darstellen. Daher k\u00f6nnen Notfallma\u00dfnahmen erforderlich sein. Im Hinblick auf die Patientensicherheit ist es sehr wichtig, kieferchirurgische Behandlungen im Krankenhaus durchzuf\u00fchren.<\/p>\n<h2>Nach einer Kieferoperation<\/h2>\n<p>Nach einer Kieferoperation k\u00f6nnen auch An\u00e4sthesieprobleme wie \u00dcbelkeit, Schwindel, Erbrechen, Schl\u00e4frigkeit und Schw\u00e4che sowie leichte Blutungen, Bluterg\u00fcsse, Schwellungen und Schmerzen auftreten, die bei allen Operationen auftreten. Solche Probleme werden innerhalb weniger Tage sofort behoben.<\/p>\n<p>Nach der Behandlung werden die Schmerzen durch Bienenvernichter gelindert. \u00d6deme und Schwellungen verschwinden innerhalb weniger Tage und die Schmerzen bilden sich schnell zur\u00fcck.<\/p>\n<h2>Genesungsprozess nach einer Kieferoperation<\/h2>\n<p>Nach einer Kieferoperation erfolgt die Genesung im Durchschnitt innerhalb von ein bis drei Wochen. Nach dem Eingriff wird der Patient engmaschig \u00fcberwacht und ihm werden notwendige Medikamente verabreicht. W\u00e4hrend der Operation werden alle Operationen schnell durchgef\u00fchrt. Auf diese Weise wird die Genesung des Patienten beschleunigt und auch \u00d6deme werden reduziert. Dar\u00fcber hinaus wird der Fl\u00fcssigkeits- und Blutverlust reduziert.<\/p>\n<p><img loading=\"lazy\" decoding=\"async\" class=\"aligncenter size-full wp-image-8959\" src=\"https:\/\/mehmetekerdisklinigi.com\/wp-content\/uploads\/2023\/05\/cene-cerrahisi-1.jpg\" alt=\"cene-cerrahisi\" width=\"640\" height=\"427\" srcset=\"https:\/\/mehmetekerdisklinigi.com\/wp-content\/uploads\/2023\/05\/cene-cerrahisi-1.jpg 640w, https:\/\/mehmetekerdisklinigi.com\/wp-content\/uploads\/2023\/05\/cene-cerrahisi-1-300x200.jpg 300w\" sizes=\"auto, (max-width: 640px) 100vw, 640px\" \/><\/p>\n<p>In der Mund-, Kiefer- und Gesichtschirurgie werden die Patienten zun\u00e4chst untersucht und diagnostiziert, anschlie\u00dfend erfolgt die Behandlungsplanung. Als Mehmet Eker Zahnklinik bieten wir Untersuchungs- und Behandlungsdienstleistungen durch unsere Fach\u00e4rzte an. Es werden zus\u00e4tzlich f\u00fcr die Diagnose notwendige Bildgebungs- und R\u00f6ntgenaufnahmen angefertigt. Nach der Behandlungsplanung unserer Patienten wird der entsprechende Termin f\u00fcr den Behandlungsablauf vergeben. F\u00fcr Patienten, deren Behandlung abgeschlossen ist, werden notwendige Kontrollsitzungen erstellt und eine engmaschige Nachbeobachtung der Behandlung durchgef\u00fchrt.<\/p>\n<h2>Wie lange dauert die Heilung nach einer Kieferoperation?<\/h2>\n<p>Kieferchirurgische Eingriffe werden von \u00c4rzten durchgef\u00fchrt, die Experten auf diesem Gebiet sind. Es ist m\u00f6glich, nach der Operation schrittweise mit k\u00f6rperlichen Aktivit\u00e4ten zu beginnen. Da k\u00f6rperliche Aktivit\u00e4ten die Durchblutung Ihres K\u00f6rpers verbessern, sollten Sie so fr\u00fch wie m\u00f6glich mit einfachen und sanften Bewegungen beginnen. Ihr Arzt wird Sie auf jeden Fall informieren, aber ohne zus\u00e4tzliche Informationen sind schwere Bewegungen und Sport in der ersten Woche verboten.<\/p>\n<p>Der wichtigste Punkt bei kieferchirurgischen Wunden ist die Sauberkeit der Wunde. Hier gilt es, die Z\u00e4hne zu putzen und die Mundpflege mit antiseptischen Mundsp\u00fclungen zu unterst\u00fctzen. Zigaretten, Alkohol, Gew\u00fcrze, s\u00e4urehaltige und sehr hei\u00dfe Speisen und Getr\u00e4nke k\u00f6nnen Traumata im Mundraum verursachen. Es wird empfohlen, von diesen Produkten Abstand zu halten, bis das Mundgeschw\u00fcr abgeheilt ist.<\/p>\n<p>Abh\u00e4ngig von der Operation kann die Blutung noch 1-2 Tage nach der Operation anhalten. W\u00e4hrend dieses Prozesses sollten Sie sich von harten und schalenhaltigen Lebensmitteln fernhalten. Ihre Blutung kann zunehmen. Auch wenn die F\u00e4den aufl\u00f6sbar sind, muss Ihr Arzt die F\u00e4den entfernen.<\/p>\n<h2>Wie vereinbare ich einen Termin f\u00fcr eine Kieferoperation?<\/h2>\n<p>Sie k\u00f6nnen sich im Rahmen des Schutzes personenbezogener Daten in \u00f6ffentlichen Krankenh\u00e4usern behandeln lassen, indem Sie Termine \u00fcber Maxillofacial Surgery MHRS vereinbaren. Informationen zu Krankenh\u00e4usern mit Kieferchirurgie in Ihrer Provinz erhalten Sie \u00fcber MHRS, staatliche Krankenh\u00e4user oder Forschungskrankenh\u00e4user.<\/p>\n<p>Auch private Zahnkliniken bieten Dienstleistungen in diesem Bereich an. Um diesbez\u00fcglich den besten Service zu erhalten, sollte ein auf sein Fachgebiet spezialisierter Arzt bevorzugt werden.<\/p>\n<h2>Welcher ist der beste Kiefer- und Gesichtschirurg in der T\u00fcrkei?<\/h2>\n<p>In jeder Provinz der T\u00fcrkei gibt es einen Kiefer- und Gesichtschirurgen, der sich auf sein Fachgebiet spezialisiert hat. Allerdings kann sich die Definition des Besten im Laufe der Zeit \u00e4ndern, abh\u00e4ngig vom Feedback der Patienten. In der Mehmet-Eker-Klinik, die mit ihrem Expertenteam stets den besten Service bietet, k\u00f6nnen Sie Ihre Gesundheit wiedererlangen.<\/p>\n<p>Sie k\u00f6nnen sich an unsere Mehmet-Eker-Klinik wenden, um detaillierte Informationen \u00fcber die sichere Durchf\u00fchrung aller erforderlichen Eingriffe w\u00e4hrend des Kieferchirurgie-Behandlungsprozesses und die Erzielung eines gesunden Ergebnisses zu erhalten.[\/vc_column_text][\/vc_column][\/vc_row]<\/p>\n<\/div>","protected":false},"excerpt":{"rendered":"<p>[vc_row][vc_column][vc_column_text woodmart_inline=&#8220;no&#8220; text_larger=&#8220;no&#8220;]Die Kieferchirurgie umfasst alle Erkrankungen, Diagnosen und Behandlungen aller Weichteile im Mund wie Wange, Speicheldr\u00fcsen, Zunge, Wange, Z\u00e4hne,<\/p>\n","protected":false},"author":1,"featured_media":10187,"parent":0,"menu_order":0,"comment_status":"closed","ping_status":"closed","template":"","meta":{"footnotes":""},"class_list":["post-10186","page","type-page","status-publish","has-post-thumbnail","hentry"],"_links":{"self":[{"href":"https:\/\/mehmetekerdisklinigi.com\/de\/wp-json\/wp\/v2\/pages\/10186","targetHints":{"allow":["GET"]}}],"collection":[{"href":"https:\/\/mehmetekerdisklinigi.com\/de\/wp-json\/wp\/v2\/pages"}],"about":[{"href":"https:\/\/mehmetekerdisklinigi.com\/de\/wp-json\/wp\/v2\/types\/page"}],"author":[{"embeddable":true,"href":"https:\/\/mehmetekerdisklinigi.com\/de\/wp-json\/wp\/v2\/users\/1"}],"replies":[{"embeddable":true,"href":"https:\/\/mehmetekerdisklinigi.com\/de\/wp-json\/wp\/v2\/comments?post=10186"}],"version-history":[{"count":3,"href":"https:\/\/mehmetekerdisklinigi.com\/de\/wp-json\/wp\/v2\/pages\/10186\/revisions"}],"predecessor-version":[{"id":10193,"href":"https:\/\/mehmetekerdisklinigi.com\/de\/wp-json\/wp\/v2\/pages\/10186\/revisions\/10193"}],"wp:featuredmedia":[{"embeddable":true,"href":"https:\/\/mehmetekerdisklinigi.com\/de\/wp-json\/wp\/v2\/media\/10187"}],"wp:attachment":[{"href":"https:\/\/mehmetekerdisklinigi.com\/de\/wp-json\/wp\/v2\/media?parent=10186"}],"curies":[{"name":"wp","href":"https:\/\/api.w.org\/{rel}","templated":true}]}}