{"id":10177,"date":"2023-05-13T09:00:53","date_gmt":"2023-05-13T09:00:53","guid":{"rendered":"https:\/\/mehmetekerdisklinigi.com\/botulinum-toksini\/"},"modified":"2023-09-27T03:40:37","modified_gmt":"2023-09-27T03:40:37","slug":"botulinumtoxin","status":"publish","type":"page","link":"https:\/\/mehmetekerdisklinigi.com\/de\/botulinumtoxin\/","title":{"rendered":"Botulinumtoxin"},"content":{"rendered":"<div class=\"wpb-content-wrapper\"><p>[vc_row][vc_column][vc_column_text woodmart_inline=&#8220;no&#8220; text_larger=&#8220;no&#8220;]Botulinumtoxin, hergestellt aus einem Bakterium namens Clostridium Botulinum, wird in vielen Bereichen eingesetzt. Es ist eine aufbauende Substanz, die w\u00e4hrend der Behandlungsphase eine gro\u00dfe Wirkung hat. Dieser Stoff, der die Muskelaktivit\u00e4t beeinflusst, wird haupts\u00e4chlich zur Behandlung spastischer Muskeln eingesetzt. Der untersuchte Stoff ist in 78 L\u00e4ndern f\u00fcr die Verwendung in Kosmetika zugelassen. Dieser von einer Bakterienart produzierte Stoff wird vor allem bei Gesichtsfalten eingesetzt. Der medizinische und kosmetische Nutzen ist in vielen Bereichen nachgewiesen. Es wird jedoch betont, dass die Anwendung durch einen Arzt erfolgen sollte.<\/p>\n<h2>Botulinumtoxin-Behandlung<\/h2>\n<p>Es gibt viele merkw\u00fcrdige Details \u00fcber die Behandlung, die je nach Anwendungsbereich unterschiedliche Auswirkungen hat. Das erste, was man sich bei der Behandlung mit Botulinumtoxin wundern muss, ist die Art und Weise, wie der Eingriff durchgef\u00fchrt wird. Vor der Anwendung sitzt der Patient in einer bequemen Position und wendet sein Gesicht dem Arzt zu. Anschlie\u00dfend wird das Gesicht mit einer Bet\u00e4ubungscreme bet\u00e4ubt. Das topische An\u00e4sthetikum wird etwa 30 Minuten lang einwirken gelassen. Dann beginnt der Prozess. Vor der Anwendung wird die entsprechende Stelle gereinigt. Die Anwendung erfolgt durch Markieren der Stelle, an der die Injektion erfolgen soll. Es ist kein Schmerz zu sp\u00fcren.<\/p>\n<div id=\"attachment_8985\" style=\"width: 650px\" class=\"wp-caption aligncenter\"><img loading=\"lazy\" decoding=\"async\" aria-describedby=\"caption-attachment-8985\" class=\"size-full wp-image-8985\" src=\"https:\/\/mehmetekerdisklinigi.com\/wp-content\/uploads\/2023\/05\/botulinum-toksini-1.jpg\" alt=\"botulinum-toksini\" width=\"640\" height=\"427\" srcset=\"https:\/\/mehmetekerdisklinigi.com\/wp-content\/uploads\/2023\/05\/botulinum-toksini-1.jpg 640w, https:\/\/mehmetekerdisklinigi.com\/wp-content\/uploads\/2023\/05\/botulinum-toksini-1-300x200.jpg 300w\" sizes=\"auto, (max-width: 640px) 100vw, 640px\" \/><p id=\"caption-attachment-8985\" class=\"wp-caption-text\">Botulinumtoxin<\/p><\/div>\n<p>Durch die Injektion des Produkts wird das Muskelgewebe beeintr\u00e4chtigt. Muskeln mit eingeschr\u00e4nkter Beweglichkeit verhindern die Bildung tiefer Narben, die durch die Mimik entstehen. Es betrifft etwa 1 bis 2 cm des Muskelgewebes, wo es angewendet wird. Nach etwa 3 bis 4 Monaten sind die Muskeln wieder beweglich. Normalerweise kehrt es nach 6 Monaten in seinen vorherigen Zustand zur\u00fcck. Bei regelm\u00e4\u00dfiger Anwendung wird der Entstehung und Bildung von Falten vorgebeugt.<\/p>\n<h2>Was ist Botulinumtoxin?<\/h2>\n<p>Botulinumtoxin wird heute bei der Behandlung vieler Krankheiten eingesetzt. Es muss jedoch gesagt werden, dass es bei Mund- und Zahnproblemen immer beliebter wird. Man kann sagen, dass es sich um eine Behandlungsmethode handelt, die in den letzten Jahren vielen Menschen durch die Medien bekannt wurde. Viele Menschen denken jedoch, dass dieser Eingriff nur aus \u00e4sthetischen Gr\u00fcnden durchgef\u00fchrt wird. Die Wahrheit ist, dass es nicht so ist.<\/p>\n<p>Auch in der Medizin und Zahnmedizin wird Botulinum h\u00e4ufig eingesetzt. Einer der Hauptgr\u00fcnde, warum es so bevorzugt wird, ist, dass es sich um ein viel einfacheres Verfahren als eine Operation handelt. Es kann auch alle 6 Monate wiederholt werden.<\/p>\n<h2>Wie wirkt Botulinumtoxin?<\/h2>\n<p>Die Wirkungszeit des betreffenden Prozesses ist recht schnell. Es wirkt sich sofort auf das Zusammenbei\u00dfen oder Knirschen der Z\u00e4hne aus. Es handelt sich um einen Vorgang, der nach Abklingen der Wirkung wiederholt werden kann. Ob es Nebenwirkungen hat oder nicht, geh\u00f6rt ebenfalls zu den Fragen, die gestellt werden. Obwohl es von Person zu Person unterschiedlich ist, k\u00f6nnen einige leichte Nebenwirkungen erw\u00e4hnt werden. Allerdings sind diese Nebenwirkungen im Allgemeinen vor\u00fcbergehend und recht mild.<\/p>\n<p><img loading=\"lazy\" decoding=\"async\" class=\"aligncenter size-full wp-image-8986\" src=\"https:\/\/mehmetekerdisklinigi.com\/wp-content\/uploads\/2023\/05\/botulinum-toksini-2.jpg\" alt=\"botulinum-toksini\" width=\"640\" height=\"427\" srcset=\"https:\/\/mehmetekerdisklinigi.com\/wp-content\/uploads\/2023\/05\/botulinum-toksini-2.jpg 640w, https:\/\/mehmetekerdisklinigi.com\/wp-content\/uploads\/2023\/05\/botulinum-toksini-2-300x200.jpg 300w\" sizes=\"auto, (max-width: 640px) 100vw, 640px\" \/>Die Ergebnisse des Eingriffs werden sp\u00e4testens nach drei Tagen sichtbar. Es lassen sich viele Vorteile des Verfahrens nennen. Wir k\u00f6nnen sie wie folgt auflisten;<\/p>\n<table>\n<tbody>\n<tr>\n<td width=\"397\">Es l\u00f6st Zahnprobleme, ohne dass eine Operation erforderlich ist.<\/td>\n<\/tr>\n<tr>\n<td width=\"397\">Man kann sagen, dass seine Auswirkungen reversibel sind.<\/td>\n<\/tr>\n<tr>\n<td width=\"397\">Es ist keine An\u00e4sthesie erforderlich.<\/td>\n<\/tr>\n<\/tbody>\n<\/table>\n<h2>In welchen Situationen wird Botulinumtoxin auf die Z\u00e4hne aufgetragen?<\/h2>\n<p>Botulinumtoxin wird heute bei der Behandlung vieler Krankheiten eingesetzt. Es muss jedoch gesagt werden, dass es bei Mund- und Zahnproblemen immer beliebter wird. Man kann sagen, dass es sich um eine Behandlungsmethode handelt, die in den letzten Jahren vielen Menschen durch die Medien bekannt wurde. Viele Menschen denken jedoch, dass dieser Eingriff nur aus \u00e4sthetischen Gr\u00fcnden durchgef\u00fchrt wird. Die Wahrheit ist, dass es nicht so ist.<\/p>\n<p>Auch in der Medizin und Zahnmedizin wird Botulinum h\u00e4ufig eingesetzt. Einer der Hauptgr\u00fcnde, warum es so bevorzugt wird, ist, dass es sich um ein viel einfacheres Verfahren als eine Operation handelt. Es kann auch alle 6 Monate wiederholt werden.<\/p>\n<h2>Welcher Zahnarztspezialist f\u00fchrt Botulinumtoxin durch?<\/h2>\n<p>Um den betreffenden Eingriff durchf\u00fchren zu lassen, ist Fachwissen erforderlich. Es ist sehr wichtig, den Arzt, der den Eingriff durchgef\u00fchrt hat, gr\u00fcndlich zu recherchieren, um die M\u00f6glichkeit einer negativen Situation nach dem Eingriff zu vermeiden. Es handelt sich um einen Eingriff, den nur \u00c4rzte oder Zahn\u00e4rzte durchf\u00fchren k\u00f6nnen. Es ist definitiv sehr riskant, dies in jedem Sch\u00f6nheitszentrum zu tun.<\/p>\n<h2>Kann eine Botulinum-Behandlung bei schwangeren Frauen durchgef\u00fchrt werden?<\/h2>\n<p>Die Schwangerschaft ist eine sehr sensible Zeit. Selbst Eingriffe, die normalerweise keinen Schaden anrichten, werden w\u00e4hrend der Schwangerschaft nicht empfohlen. Jeder Eingriff oder jede medikament\u00f6se Behandlung, die ein Risiko f\u00fcr die Gesundheit des Babys darstellen k\u00f6nnte, sollte vermieden werden. Handelt es sich bei der betreffenden Behandlung nicht um einen Notfall, sollte man sie am besten bis nach der Geburt aufschieben.<\/p>\n<h3><img loading=\"lazy\" decoding=\"async\" class=\"aligncenter size-full wp-image-8987\" src=\"https:\/\/mehmetekerdisklinigi.com\/wp-content\/uploads\/2023\/05\/botulinum-toksini-3.jpg\" alt=\"botulinum-toksini\" width=\"640\" height=\"427\" srcset=\"https:\/\/mehmetekerdisklinigi.com\/wp-content\/uploads\/2023\/05\/botulinum-toksini-3.jpg 640w, https:\/\/mehmetekerdisklinigi.com\/wp-content\/uploads\/2023\/05\/botulinum-toksini-3-300x200.jpg 300w\" sizes=\"auto, (max-width: 640px) 100vw, 640px\" \/><\/h3>\n<h2>Botulinumtoxin-Injektion<\/h2>\n<p>Es ist m\u00f6glich, den Unterschied des Eingriffs nach einer Botulinumtoxin-Injektion besser zu verstehen, indem vor der Anwendung Fotos gemacht werden. Welche Ergebnisse erzielt werden, k\u00f6nnen Sie anhand der von Ihrem Arzt durchgef\u00fchrten Eingriffe erkennen. Bei der Injektion wird jedem Patienten die gew\u00fcnschte und notwendige Menge verabreicht. Um eine Traumatisierung der Haut zu vermeiden, sollte eine 30-33-G-Spritze bevorzugt werden. Die Anwendung erfolgt hygienisch durch h\u00e4ufiges Wechseln der Spritzenspitzen. Eine Massage nach dem Eingriff wird nicht empfohlen, da sie verhindert, dass sich die Wirkung der Anwendung auf unerw\u00fcnschte Bereiche ausbreitet. Der Patient muss eine gewisse Zeit warten, um zu beobachten, ob es zu Komplikationen kommt. Um die effektivsten Ergebnisse zu erzielen, empfiehlt der Arzt, den Bereich, in dem der Eingriff durchgef\u00fchrt wird, etwa 3 Stunden lang nicht zu benutzen.<\/p>\n<h2>Was bewirkt Botulinumtoxin?<\/h2>\n<p>Es stellt sich die Frage, welchen Zweck Botulinumtoxin hat, das f\u00fcr seine Wirkung gegen Falten bekannt ist. Ziel dieses f\u00fcr die Verwendung in der Kosmetik zugelassenen Produkts ist es, die Auswirkungen von Falten auf die Haut zu reduzieren. Es wird eine regelm\u00e4\u00dfige Anwendung mit einer Wirkungsdauer von ca. 4 bis 6 Monaten empfohlen. Dies ist ein wichtiger Punkt im Hinblick auf den Erhalt seiner Wirkung. Es muss auch von einem Arzt verabreicht werden. An Stellen unter der Treppe kann es zu verschiedenen unerw\u00fcnschten Komplikationen kommen. Neben Falten wird es bevorzugt bei der Behandlung von Schwitzen eingesetzt. Dieser im Sommer unter der Achselh\u00f6hle durchgef\u00fchrte Eingriff tr\u00e4gt dazu bei, dass die Person in diesem Bereich fast nie schwitzt. Dar\u00fcber hinaus bietet es eine ideale L\u00f6sung f\u00fcr Menschen, die aufgrund einer \u00fcberaktiven Blase Probleme mit der Harninkontinenz haben. Migr\u00e4ne ist ein weiterer Bereich, in dem es wirksam ist.<\/p>\n<h2>Ist Botulinumtoxin sicher?<\/h2>\n<p>Wir werden oft gefragt, ob Botulinumtoxin, von dem behauptet wird, dass es keine Gesundheitsrisiken berge, sicher sei. Da es sich um einen chirurgischen Eingriff handelt, k\u00f6nnen die Nebenwirkungen mild sein. Es ist hilfreich zu wissen, dass es ganz normal ist, nach dem Eingriff Schmerzen zu versp\u00fcren. Es k\u00f6nnen Effekte wie \u00d6deme, H\u00e4matone, Erytheme und Ekchymosen beobachtet werden. Kopfschmerzen geh\u00f6ren zu den h\u00e4ufigsten Nebenwirkungen. Diese Auswirkungen k\u00f6nnen minimiert werden, indem nach dem Eingriff einige Vorsichtsma\u00dfnahmen getroffen werden. Dazu geh\u00f6ren der Verzicht auf Alkohol und das Rauchen. Es sollte darauf geachtet werden, diese Substanzen noch 2 bis 3 Tage nach dem Eingriff zu verwenden. Nach 2 Wochen erfolgt eine \u00dcberpr\u00fcfung der Situation durch \u00dcberpr\u00fcfung der Transaktion.<\/p>\n<h2><img loading=\"lazy\" decoding=\"async\" class=\"aligncenter size-full wp-image-8988\" src=\"https:\/\/mehmetekerdisklinigi.com\/wp-content\/uploads\/2023\/05\/botulinum-toksini-4.jpg\" alt=\"botulinum-toksini\" width=\"640\" height=\"427\" srcset=\"https:\/\/mehmetekerdisklinigi.com\/wp-content\/uploads\/2023\/05\/botulinum-toksini-4.jpg 640w, https:\/\/mehmetekerdisklinigi.com\/wp-content\/uploads\/2023\/05\/botulinum-toksini-4-300x200.jpg 300w\" sizes=\"auto, (max-width: 640px) 100vw, 640px\" \/><\/h2>\n<h2>Wer sollte Botulinumtoxin verwenden?<\/h2>\n<p>F\u00fcr einige Patienten kann es unerw\u00fcnscht sein, von dieser Behandlung zu profitieren. Diese Personen k\u00f6nnen wie folgt gez\u00e4hlt werden;<\/p>\n<ul>\n<li>Schwangere Frau<\/li>\n<li>Menschen, die Antibiotika der Chinin-, Penicillamin- und Aminoglykosidgruppe verwenden<\/li>\n<li>Patienten, die Kalziumkanalblocker verwenden<\/li>\n<li>Menschen mit neuromuskul\u00e4ren Erkrankungen<\/li>\n<li>Stillzeit<\/li>\n<li>Menschen mit dysmorpher St\u00f6rung<\/li>\n<\/ul>\n<h2>Wie hoch sind die Preise f\u00fcr eine Botulinumbehandlung?<\/h2>\n<p>Viele Menschen m\u00f6chten sich \u00fcber den Preis informieren, bevor sie mit einer Botulinumbehandlung beginnen. M\u00f6chte klare Informationen \u00fcber den Preis erhalten. Es ist jedoch nicht m\u00f6glich, zu diesem Thema etwas Klares zu sagen. Denn es gibt viele Faktoren, die den Preis direkt oder indirekt beeinflussen. Wir k\u00f6nnen diese Elemente wie folgt auflisten:<\/p>\n<ul>\n<li>Fortschrittsgrad der St\u00f6rung<\/li>\n<li>Was genau ist das Unbehagen bzw. was verursacht es?<\/li>\n<li>Dosierung des Arzneimittels, das w\u00e4hrend des Eingriffs verwendet werden soll<\/li>\n<\/ul>\n<p><img loading=\"lazy\" decoding=\"async\" class=\"aligncenter size-full wp-image-8989\" src=\"https:\/\/mehmetekerdisklinigi.com\/wp-content\/uploads\/2023\/05\/botulinum-toksini-5.jpg\" alt=\"botulinum-toksini\" width=\"640\" height=\"427\" srcset=\"https:\/\/mehmetekerdisklinigi.com\/wp-content\/uploads\/2023\/05\/botulinum-toksini-5.jpg 640w, https:\/\/mehmetekerdisklinigi.com\/wp-content\/uploads\/2023\/05\/botulinum-toksini-5-300x200.jpg 300w\" sizes=\"auto, (max-width: 640px) 100vw, 640px\" \/><\/p>\n<p>Wenn Sie detaillierte Informationen \u00fcber den Prozess w\u00fcnschen, k\u00f6nnen Sie sich an unsere Mehmet-Eker-Klinik wenden und sich \u00fcber den Prozess und die Preise umfassend informieren.<\/p>\n<p>Sie m\u00fcssen einen Facharzt konsultieren, um sich vor verschiedenen Komplikationen zu sch\u00fctzen, die nach der Anwendung auftreten k\u00f6nnen. Es ist sehr wichtig, dass der Patient die notwendigen Informationen \u00fcber seine Erwartungen hinsichtlich des Umfangs und der Eignung des Eingriffs mitteilt. Als Zahnklinik Mehmet Eker bieten wir Ihnen sicher die Behandlung an, die Sie ben\u00f6tigen. Sie k\u00f6nnen unsere Klinik auch telefonisch kontaktieren und sofort einen Termin vereinbaren.[\/vc_column_text][\/vc_column][\/vc_row]<\/p>\n<\/div>","protected":false},"excerpt":{"rendered":"<p>[vc_row][vc_column][vc_column_text woodmart_inline=&#8220;no&#8220; text_larger=&#8220;no&#8220;]Botulinumtoxin, hergestellt aus einem Bakterium namens Clostridium Botulinum, wird in vielen Bereichen eingesetzt. Es ist eine aufbauende Substanz,<\/p>\n","protected":false},"author":1,"featured_media":10178,"parent":0,"menu_order":0,"comment_status":"closed","ping_status":"closed","template":"","meta":{"footnotes":""},"class_list":["post-10177","page","type-page","status-publish","has-post-thumbnail","hentry"],"_links":{"self":[{"href":"https:\/\/mehmetekerdisklinigi.com\/de\/wp-json\/wp\/v2\/pages\/10177","targetHints":{"allow":["GET"]}}],"collection":[{"href":"https:\/\/mehmetekerdisklinigi.com\/de\/wp-json\/wp\/v2\/pages"}],"about":[{"href":"https:\/\/mehmetekerdisklinigi.com\/de\/wp-json\/wp\/v2\/types\/page"}],"author":[{"embeddable":true,"href":"https:\/\/mehmetekerdisklinigi.com\/de\/wp-json\/wp\/v2\/users\/1"}],"replies":[{"embeddable":true,"href":"https:\/\/mehmetekerdisklinigi.com\/de\/wp-json\/wp\/v2\/comments?post=10177"}],"version-history":[{"count":3,"href":"https:\/\/mehmetekerdisklinigi.com\/de\/wp-json\/wp\/v2\/pages\/10177\/revisions"}],"predecessor-version":[{"id":10184,"href":"https:\/\/mehmetekerdisklinigi.com\/de\/wp-json\/wp\/v2\/pages\/10177\/revisions\/10184"}],"wp:featuredmedia":[{"embeddable":true,"href":"https:\/\/mehmetekerdisklinigi.com\/de\/wp-json\/wp\/v2\/media\/10178"}],"wp:attachment":[{"href":"https:\/\/mehmetekerdisklinigi.com\/de\/wp-json\/wp\/v2\/media?parent=10177"}],"curies":[{"name":"wp","href":"https:\/\/api.w.org\/{rel}","templated":true}]}}