{"id":10155,"date":"2023-08-15T14:32:30","date_gmt":"2023-08-15T14:32:30","guid":{"rendered":"https:\/\/mehmetekerdisklinigi.com\/bahcelievler-sube\/"},"modified":"2023-09-26T09:52:06","modified_gmt":"2023-09-26T09:52:06","slug":"zweigstelle-bahcelievler","status":"publish","type":"page","link":"https:\/\/mehmetekerdisklinigi.com\/de\/zweigstelle-bahcelievler\/","title":{"rendered":"Zweigstelle Bah\u00e7elievler"},"content":{"rendered":"<div class=\"wpb-content-wrapper\"><p>[vc_row][vc_column][vc_media_grid initial_loading_animation=&#8220;fadeInUp&#8220; grid_id=&#8220;vc_gid:1695721876170-28415df9-5b67-5&#8243; include=&#8220;9378,9379,9380&#8243;][vc_row_inner][vc_column_inner][vc_column_text woodmart_inline=&#8220;no&#8220; text_larger=&#8220;no&#8220;]<\/p>\n<div style=\"text-align: center;\"><strong>Zweigstelle Bah\u00e7elievler<\/strong><\/div>\n<div class=\"contact-row\">\n<div style=\"text-align: center;\">Yenig\u00fcn, 615. Sk NO:2-4 D:11\/A Ba\u011fc\u0131lar, \u0130stanbul, T\u00fcrkiye<\/div>\n<div style=\"text-align: center;\">Telefon: +90 (542) 102 59 12<\/div>\n<\/div>\n<p>[\/vc_column_text][\/vc_column_inner][\/vc_row_inner][vc_media_grid initial_loading_animation=&#8220;fadeInUp&#8220; grid_id=&#8220;vc_gid:1695721876172-76fb9da5-08fe-1&#8243; include=&#8220;9381,9382,9383&#8243;][vc_column_text woodmart_inline=&#8220;no&#8220; text_larger=&#8220;no&#8220;]<iframe loading=\"lazy\" style=\"border: 0;\" src=\"https:\/\/www.google.com\/maps\/embed?pb=!1m14!1m8!1m3!1d12039.637005084547!2d28.8377771!3d41.0272413!3m2!1i1024!2i768!4f13.1!3m3!1m2!1s0x14caa52f37a21d13%3A0xa502510ac66ac96!2zTWVobWV0IEVrZXIgQcSfxLF6IHZlIERpxZ8gU2HEn2zEscSfxLEgUG9saWtsaW5pxJ9pIEJhaMOnZWxpZXZsZXIgxZ51YmVzaQ!5e0!3m2!1str!2str!4v1692108212264!5m2!1str!2str\" width=\"100%\" height=\"650\" allowfullscreen=\"allowfullscreen\"><\/iframe>[\/vc_column_text]<div id=\"wd-6512a9acd94b7\" class=\" wd-rs-6512a9acd94b7  wd-button-wrapper text-center\"><a href=\"https:\/\/mehmetekerdisklinigi.com\/de\" title=\"\" class=\"btn btn-color-primary btn-style-default btn-shape-rectangle btn-size-large btn-full-width\">KLICKEN SIE HIER, UM ZUR HAUPTSEITE WEITERZUR\u00dcCKZUF\u00dcHREN<\/a><\/div>[\/vc_column][\/vc_row]<\/p>\n<\/div>","protected":false},"excerpt":{"rendered":"<p>[vc_row][vc_column][vc_media_grid initial_loading_animation=&#8220;fadeInUp&#8220; grid_id=&#8220;vc_gid:1695721876170-28415df9-5b67-5&#8243; include=&#8220;9378,9379,9380&#8243;][vc_row_inner][vc_column_inner][vc_column_text woodmart_inline=&#8220;no&#8220; text_larger=&#8220;no&#8220;] Zweigstelle Bah\u00e7elievler Yenig\u00fcn, 615. Sk NO:2-4 D:11\/A Ba\u011fc\u0131lar, \u0130stanbul, T\u00fcrkiye Telefon: +90 (542) 102<\/p>\n","protected":false},"author":1,"featured_media":0,"parent":0,"menu_order":0,"comment_status":"closed","ping_status":"closed","template":"","meta":{"footnotes":""},"class_list":["post-10155","page","type-page","status-publish","hentry"],"_links":{"self":[{"href":"https:\/\/mehmetekerdisklinigi.com\/de\/wp-json\/wp\/v2\/pages\/10155","targetHints":{"allow":["GET"]}}],"collection":[{"href":"https:\/\/mehmetekerdisklinigi.com\/de\/wp-json\/wp\/v2\/pages"}],"about":[{"href":"https:\/\/mehmetekerdisklinigi.com\/de\/wp-json\/wp\/v2\/types\/page"}],"author":[{"embeddable":true,"href":"https:\/\/mehmetekerdisklinigi.com\/de\/wp-json\/wp\/v2\/users\/1"}],"replies":[{"embeddable":true,"href":"https:\/\/mehmetekerdisklinigi.com\/de\/wp-json\/wp\/v2\/comments?post=10155"}],"version-history":[{"count":2,"href":"https:\/\/mehmetekerdisklinigi.com\/de\/wp-json\/wp\/v2\/pages\/10155\/revisions"}],"predecessor-version":[{"id":10160,"href":"https:\/\/mehmetekerdisklinigi.com\/de\/wp-json\/wp\/v2\/pages\/10155\/revisions\/10160"}],"wp:attachment":[{"href":"https:\/\/mehmetekerdisklinigi.com\/de\/wp-json\/wp\/v2\/media?parent=10155"}],"curies":[{"name":"wp","href":"https:\/\/api.w.org\/{rel}","templated":true}]}}