{"id":10143,"date":"2022-08-26T13:48:25","date_gmt":"2022-08-26T13:48:25","guid":{"rendered":"https:\/\/mehmetekerdisklinigi.com\/basaksehir-branch\/"},"modified":"2023-09-26T09:42:01","modified_gmt":"2023-09-26T09:42:01","slug":"zweigstelle-basaksehir","status":"publish","type":"page","link":"https:\/\/mehmetekerdisklinigi.com\/de\/zweigstelle-basaksehir\/","title":{"rendered":"Zweigstelle Ba\u015fak\u015fehir"},"content":{"rendered":"<div class=\"wpb-content-wrapper\"><p>[vc_row][vc_column][vc_media_grid initial_loading_animation=&#8220;fadeInUp&#8220; grid_id=&#8220;vc_gid:1695721258441-0361d9de-71fc-8&#8243; include=&#8220;8695,8696,8699&#8243;][vc_row_inner][vc_column_inner][vc_column_text woodmart_inline=&#8220;no&#8220; text_larger=&#8220;no&#8220;]<\/p>\n<div style=\"text-align: center;\"><strong>Zweigstelle Ba\u015fak\u015fehir<\/strong><\/div>\n<div class=\"contact-row\">\n<div style=\"text-align: center;\">G\u00fcvercintepe Mah., Ahmet Yesevi Cad., No:22, Ba\u015fak\u015fehir, \u0130stanbul, T\u00fcrkiye<\/div>\n<div style=\"text-align: center;\">Telefon: 0542 104 59 12<\/div>\n<\/div>\n<p>[\/vc_column_text][\/vc_column_inner][\/vc_row_inner][vc_media_grid initial_loading_animation=&#8220;fadeInUp&#8220; grid_id=&#8220;vc_gid:1695721258443-0e9e7f33-883d-7&#8243; include=&#8220;8697,8698,8700&#8243;][vc_column_text woodmart_inline=&#8220;no&#8220; text_larger=&#8220;no&#8220;]<iframe loading=\"lazy\" style=\"border: 0;\" src=\"https:\/\/www.google.com\/maps\/embed?pb=!1m18!1m12!1m3!1d751.9203174834159!2d28.751618291610527!3d41.07595920793384!2m3!1f0!2f0!3f0!3m2!1i1024!2i768!4f13.1!3m3!1m2!1s0x14caafb9209a8313%3A0x4a91de283028cbb9!2zw5Z6ZWwgTWVobWV0IEVrZXIgQcSfxLF6IHZlIERpxZ8gU2HEn2zEscSfxLEgUG9saWtsaW5pxJ9p!5e0!3m2!1str!2str!4v1662827828645!5m2!1str!2str\" width=\"100%\" height=\"650\" allowfullscreen=\"allowfullscreen\"><\/iframe>[\/vc_column_text]<div id=\"wd-6512a6facb9d6\" class=\" wd-rs-6512a6facb9d6  wd-button-wrapper text-center\"><a href=\"https:\/\/mehmetekerdisklinigi.com\/en\" title=\"\" class=\"btn btn-color-primary btn-style-default btn-shape-rectangle btn-size-large btn-full-width\">CLICK HERE TO CONTINUE TO THE MAIN SITE<\/a><\/div>[\/vc_column][\/vc_row]<\/p>\n<\/div>","protected":false},"excerpt":{"rendered":"<p>[vc_row][vc_column][vc_media_grid initial_loading_animation=&#8220;fadeInUp&#8220; grid_id=&#8220;vc_gid:1695721258441-0361d9de-71fc-8&#8243; include=&#8220;8695,8696,8699&#8243;][vc_row_inner][vc_column_inner][vc_column_text woodmart_inline=&#8220;no&#8220; text_larger=&#8220;no&#8220;] Zweigstelle Ba\u015fak\u015fehir G\u00fcvercintepe Mah., Ahmet Yesevi Cad., No:22, Ba\u015fak\u015fehir, \u0130stanbul, T\u00fcrkiye Telefon: 0542 104<\/p>\n","protected":false},"author":1,"featured_media":0,"parent":0,"menu_order":0,"comment_status":"closed","ping_status":"closed","template":"","meta":{"footnotes":""},"class_list":["post-10143","page","type-page","status-publish","hentry"],"_links":{"self":[{"href":"https:\/\/mehmetekerdisklinigi.com\/de\/wp-json\/wp\/v2\/pages\/10143","targetHints":{"allow":["GET"]}}],"collection":[{"href":"https:\/\/mehmetekerdisklinigi.com\/de\/wp-json\/wp\/v2\/pages"}],"about":[{"href":"https:\/\/mehmetekerdisklinigi.com\/de\/wp-json\/wp\/v2\/types\/page"}],"author":[{"embeddable":true,"href":"https:\/\/mehmetekerdisklinigi.com\/de\/wp-json\/wp\/v2\/users\/1"}],"replies":[{"embeddable":true,"href":"https:\/\/mehmetekerdisklinigi.com\/de\/wp-json\/wp\/v2\/comments?post=10143"}],"version-history":[{"count":3,"href":"https:\/\/mehmetekerdisklinigi.com\/de\/wp-json\/wp\/v2\/pages\/10143\/revisions"}],"predecessor-version":[{"id":10147,"href":"https:\/\/mehmetekerdisklinigi.com\/de\/wp-json\/wp\/v2\/pages\/10143\/revisions\/10147"}],"wp:attachment":[{"href":"https:\/\/mehmetekerdisklinigi.com\/de\/wp-json\/wp\/v2\/media?parent=10143"}],"curies":[{"name":"wp","href":"https:\/\/api.w.org\/{rel}","templated":true}]}}