{"id":10133,"date":"2021-08-26T13:12:21","date_gmt":"2021-08-26T13:12:21","guid":{"rendered":"https:\/\/mehmetekerdisklinigi.com\/all-on-4-dental-implants\/"},"modified":"2023-09-26T09:37:12","modified_gmt":"2023-09-26T09:37:12","slug":"all-on-4-zahnimplantate","status":"publish","type":"page","link":"https:\/\/mehmetekerdisklinigi.com\/de\/all-on-4-zahnimplantate\/","title":{"rendered":"All-on-4-Zahnimplantate"},"content":{"rendered":"<div class=\"wpb-content-wrapper\"><p>[vc_row][vc_column][vc_column_text woodmart_inline=&#8220;no&#8220; text_larger=&#8220;no&#8220;]<strong>Bei All-On-4-Zahnimplantaten<\/strong> werden Zahnprothesen am selben Tag auf vier Zahnimplantaten befestigt, die in bestimmten Winkeln bei vollst\u00e4ndig zahnlosen Menschen eingesetzt werden. Die Mund- und Zahngesundheit ist in letzter Zeit zu einem der Einflussfaktoren auf die Lebensqualit\u00e4t der Menschen geworden. Diese Faktoren sind auch zu einem wichtigen Faktor im Zahnersatzplanungsprozess des Zahnarztes geworden. Solche Praktiken erregen weiterhin Aufmerksamkeit, weil sie die Patientenzufriedenheit erh\u00f6hen.<\/p>\n<p>Ein Implantat ist eine Behandlungsmethode, die entwickelt wurde, um Zahnstruktur zu ersetzen, die aufgrund von Geschmack, Kauen, Schmerzen oder Aussehen verloren gegangen ist. Bei Menschen, die keine Z\u00e4hne haben oder bei denen die Wahrscheinlichkeit besteht, dass sie bald v\u00f6llig zahnlos werden, kann eine Implantatbehandlung ein l\u00e4ngerfristiger Eingriff sein.<\/p>\n<p>Die All-On-4-Zahnimplantatbehandlungsmethode ist eine effektive und schnelle Methode, die sich zur Beseitigung von Situationen eignet, in denen Knochenaufbau, Sinuslift und fortgeschrittene chirurgische Eingriffe aufgrund von Knocheninsuffizienz bei Patienten ohne Z\u00e4hne erforderlich sind. Zufriedenheit wird erreicht, indem das Selbstvertrauen, die Sprache, die \u00c4sthetik und die funktionellen Merkmale des Patienten bei den Einzelheiten dieses Eingriffs ber\u00fccksichtigt werden.<\/p>\n<p><strong>Merkmale von All-On-4-Zahnimplantaten<\/strong><\/p>\n<ul>\n<li>Dabei handelt es sich um eine Technik, die den Einsatz von festsitzendem Zahnersatz umfasst, was bei Patienten, die keine vollen Z\u00e4hne haben, einen einzigen chirurgischen Eingriff am selben Tag umfasst.<\/li>\n<li>Chirurgische Eingriffe wie Knochenzus\u00e4tze oder Nasennebenh\u00f6hlenvergr\u00f6\u00dferungen kommen in diesem Verfahrensdetail nicht vor.<\/li>\n<li>Pers\u00f6nliche Eignung wird durch Planung erreicht.<\/li>\n<li>Es ist viel einfacher zu pflegen und zu reinigen als herk\u00f6mmliche festsitzende Prothesen auf Zahnimplantatbasis.<\/li>\n<li>Es ist f\u00fcr Menschen geeignet, die einen \u00dcbelkeitsreflex haben und keinen herausnehmbaren Zahnersatz verwenden k\u00f6nnen.<\/li>\n<li>Das All-On-4-Design variiert je nach Perlen.<\/li>\n<li>Die Anzahl der erforderlichen Sitzungen w\u00e4hrend des Behandlungsprozesses ist recht gering. In diesem Zusammenhang ist es grunds\u00e4tzlich f\u00fcr Patienten geeignet, die von au\u00dferhalb der Stadt oder aus dem Ausland kommen.<\/li>\n<\/ul>\n<p><strong>F\u00fcr wen sind All-on-4-Zahnimplantate geeignet?<\/strong><\/p>\n<p>Die All-On-4-Zahnimplantat-Behandlungsmethode, die f\u00fcr vollst\u00e4ndig zahnlose Patienten geeignet ist, eignet sich f\u00fcr Menschen, die keine Hindernisse oder Krankheiten f\u00fcr Zahnimplantatoperationen haben. F\u00fcr diesen Behandlungsprozess ist ein ausreichendes Knochenvolumen wichtig.<\/p>\n<p>W\u00e4hrend der Behandlungsphasen von All-On-4-Zahnimplantaten werden die Patienten zun\u00e4chst einer detaillierten radiologischen und klinischen Untersuchung unterzogen. Es werden Messungen mittels Computertomographie durchgef\u00fchrt und ein spezieller Plan f\u00fcr die Zahnstruktur des Patienten erstellt.<\/p>\n<p>Der Eingriff bei All-On-4-Zahnimplantaten erfolgt in zwei Schritten. Diese;<\/p>\n<p>Chirurgisch<br \/>\nProthese<\/p>\n<p>Es kann als betrachtet werden. Am Tag der Behandlung werden dem Patienten entsprechend der Planung vier Zahnimplantate eingesetzt. Gleichzeitig werden tempor\u00e4re Zahnprothesen auf Zahnimplantaten befestigt. Nach Ablauf von drei Monaten wird dem Patienten eine dauerhafte Zahnprothese durchgef\u00fchrt.<\/p>\n<p>Wie bei der Zahnimplantatbehandlung k\u00f6nnen nach der Operation Schmerzen und Schwellungen auftreten. Mit Medikamenten, die Sie nach \u00e4rztlicher Anweisung einnehmen, k\u00f6nnen Sie solche Beschwerden in den Griff bekommen. Als Zahnklinik Mehmet Eker unterst\u00fctzen wir Sie weiterhin durch das beste Prozessmanagement.<\/p>\n<p><strong>Wie sollte die Ern\u00e4hrung nach der Behandlung sein?<\/strong><\/p>\n<p>Nach der All-On-4-Zahnimplantatbehandlung k\u00f6nnen Sie Ihren provisorischen Zahnersatz, der auf Ihren Zahnimplantaten befestigt ist, sofort verwenden. Da es jedoch etwa drei Monate dauert, bis Ihr Knochen mit Zahnimplantaten verwachsen ist, m\u00fcssen Sie m\u00f6glicherweise eine von Ihrem Arzt empfohlene Di\u00e4t einhalten. W\u00e4hrend der Versorgung mit provisorischen Prothesen sollten Patienten harte Nahrungsmittel meiden. M\u00f6glicherweise wird Ihnen empfohlen, weiche Lebensmittel zu sich zu nehmen. Der Grund hierf\u00fcr besteht darin, die Belastung Ihrer Zahnimplantate zu verringern. Mit Ihrem festsitzenden Zahnersatz, der am Ende dieses festgelegten Zeitraums von drei Monaten eingesetzt wird, k\u00f6nnen Sie nach Belieben essen.<\/p>\n<p>Als Mehmet Eker Zahnklinik haben wir eine hohe Erfolgsquote bei der All-On-4-Zahnimplantatbehandlung. Dank dieser Technik k\u00f6nnen unsere Patienten ihre provisorische Prothese noch am Abend desselben Tages erhalten, nachdem die Implantate am Morgen eingesetzt wurden. Eine dauerhafte Prothese wird nach 3-4 Monaten eingesetzt. In dieser Zeit wird verhindert, dass Patienten ohne Z\u00e4hne leben k\u00f6nnen. Sie k\u00f6nnen uns f\u00fcr alle Ihre Fragen und detaillierte Informationen kontaktieren.[\/vc_column_text][\/vc_column][\/vc_row]<\/p>\n<\/div>","protected":false},"excerpt":{"rendered":"<p>[vc_row][vc_column][vc_column_text woodmart_inline=&#8220;no&#8220; text_larger=&#8220;no&#8220;]Bei All-On-4-Zahnimplantaten werden Zahnprothesen am selben Tag auf vier Zahnimplantaten befestigt, die in bestimmten Winkeln bei vollst\u00e4ndig zahnlosen<\/p>\n","protected":false},"author":1,"featured_media":10135,"parent":0,"menu_order":0,"comment_status":"closed","ping_status":"closed","template":"","meta":{"footnotes":""},"class_list":["post-10133","page","type-page","status-publish","has-post-thumbnail","hentry"],"_links":{"self":[{"href":"https:\/\/mehmetekerdisklinigi.com\/de\/wp-json\/wp\/v2\/pages\/10133","targetHints":{"allow":["GET"]}}],"collection":[{"href":"https:\/\/mehmetekerdisklinigi.com\/de\/wp-json\/wp\/v2\/pages"}],"about":[{"href":"https:\/\/mehmetekerdisklinigi.com\/de\/wp-json\/wp\/v2\/types\/page"}],"author":[{"embeddable":true,"href":"https:\/\/mehmetekerdisklinigi.com\/de\/wp-json\/wp\/v2\/users\/1"}],"replies":[{"embeddable":true,"href":"https:\/\/mehmetekerdisklinigi.com\/de\/wp-json\/wp\/v2\/comments?post=10133"}],"version-history":[{"count":2,"href":"https:\/\/mehmetekerdisklinigi.com\/de\/wp-json\/wp\/v2\/pages\/10133\/revisions"}],"predecessor-version":[{"id":10137,"href":"https:\/\/mehmetekerdisklinigi.com\/de\/wp-json\/wp\/v2\/pages\/10133\/revisions\/10137"}],"wp:featuredmedia":[{"embeddable":true,"href":"https:\/\/mehmetekerdisklinigi.com\/de\/wp-json\/wp\/v2\/media\/10135"}],"wp:attachment":[{"href":"https:\/\/mehmetekerdisklinigi.com\/de\/wp-json\/wp\/v2\/media?parent=10133"}],"curies":[{"name":"wp","href":"https:\/\/api.w.org\/{rel}","templated":true}]}}